{"id":1057,"date":"2021-06-03T09:48:08","date_gmt":"2021-06-03T09:48:08","guid":{"rendered":"https:\/\/www.industriverktyg.se\/?page_id=1057"},"modified":"2024-10-17T08:23:33","modified_gmt":"2024-10-17T08:23:33","slug":"norsk-verktoyskap-verktoyvogn","status":"publish","type":"page","link":"https:\/\/www.industriverktyg.se\/fi\/norsk-verktoyskap-verktoyvogn\/","title":{"rendered":"(Norsk) Verkt\u00f8yskap\/verkt\u00f8yvogn"},"content":{"rendered":"<p class=\"qtranxs-available-languages-message qtranxs-available-languages-message-fi\">T\u00e4m\u00e4 teksti on valitettavasti saatavilla vain kielill\u00e4: <a href=\"https:\/\/www.industriverktyg.se\/no\/wp-json\/wp\/v2\/pages\/1057\" class=\"qtranxs-available-language-link qtranxs-available-language-link-no\" title=\"Norsk\">Norsk<\/a>.<\/p>","protected":false},"excerpt":{"rendered":"<p>T\u00e4m\u00e4 teksti on valitettavasti saatavilla vain kielill\u00e4: Norsk.<\/p>\n","protected":false},"author":4,"featured_media":0,"parent":0,"menu_order":0,"comment_status":"closed","ping_status":"closed","template":"","meta":{"footnotes":""},"class_list":["post-1057","page","type-page","status-publish","hentry","description-off"],"_links":{"self":[{"href":"https:\/\/www.industriverktyg.se\/fi\/wp-json\/wp\/v2\/pages\/1057","targetHints":{"allow":["GET"]}}],"collection":[{"href":"https:\/\/www.industriverktyg.se\/fi\/wp-json\/wp\/v2\/pages"}],"about":[{"href":"https:\/\/www.industriverktyg.se\/fi\/wp-json\/wp\/v2\/types\/page"}],"author":[{"embeddable":true,"href":"https:\/\/www.industriverktyg.se\/fi\/wp-json\/wp\/v2\/users\/4"}],"replies":[{"embeddable":true,"href":"https:\/\/www.industriverktyg.se\/fi\/wp-json\/wp\/v2\/comments?post=1057"}],"version-history":[{"count":3,"href":"https:\/\/www.industriverktyg.se\/fi\/wp-json\/wp\/v2\/pages\/1057\/revisions"}],"predecessor-version":[{"id":1612,"href":"https:\/\/www.industriverktyg.se\/fi\/wp-json\/wp\/v2\/pages\/1057\/revisions\/1612"}],"wp:attachment":[{"href":"https:\/\/www.industriverktyg.se\/fi\/wp-json\/wp\/v2\/media?parent=1057"}],"curies":[{"name":"wp","href":"https:\/\/api.w.org\/{rel}","templated":true}]}}