{"id":1121,"date":"2021-08-17T22:17:43","date_gmt":"2021-08-17T22:17:43","guid":{"rendered":"https:\/\/www.industriverktyg.se\/?page_id=1121"},"modified":"2021-08-31T15:02:15","modified_gmt":"2021-08-31T15:02:15","slug":"norsk-produktkatalog","status":"publish","type":"page","link":"https:\/\/www.industriverktyg.se\/fi\/norsk-produktkatalog\/","title":{"rendered":"(Norsk) Produktkatalog"},"content":{"rendered":"<p class=\"qtranxs-available-languages-message qtranxs-available-languages-message-fi\">T\u00e4m\u00e4 teksti on valitettavasti saatavilla vain kielill\u00e4: <a href=\"https:\/\/www.industriverktyg.se\/no\/wp-json\/wp\/v2\/pages\/1121\" class=\"qtranxs-available-language-link qtranxs-available-language-link-no\" title=\"Norsk\">Norsk<\/a>.<\/p>","protected":false},"excerpt":{"rendered":"<p>T\u00e4m\u00e4 teksti on valitettavasti saatavilla vain kielill\u00e4: Norsk.<\/p>\n","protected":false},"author":4,"featured_media":0,"parent":0,"menu_order":0,"comment_status":"closed","ping_status":"closed","template":"","meta":{"footnotes":""},"class_list":["post-1121","page","type-page","status-publish","hentry","description-off"],"_links":{"self":[{"href":"https:\/\/www.industriverktyg.se\/fi\/wp-json\/wp\/v2\/pages\/1121","targetHints":{"allow":["GET"]}}],"collection":[{"href":"https:\/\/www.industriverktyg.se\/fi\/wp-json\/wp\/v2\/pages"}],"about":[{"href":"https:\/\/www.industriverktyg.se\/fi\/wp-json\/wp\/v2\/types\/page"}],"author":[{"embeddable":true,"href":"https:\/\/www.industriverktyg.se\/fi\/wp-json\/wp\/v2\/users\/4"}],"replies":[{"embeddable":true,"href":"https:\/\/www.industriverktyg.se\/fi\/wp-json\/wp\/v2\/comments?post=1121"}],"version-history":[{"count":4,"href":"https:\/\/www.industriverktyg.se\/fi\/wp-json\/wp\/v2\/pages\/1121\/revisions"}],"predecessor-version":[{"id":1159,"href":"https:\/\/www.industriverktyg.se\/fi\/wp-json\/wp\/v2\/pages\/1121\/revisions\/1159"}],"wp:attachment":[{"href":"https:\/\/www.industriverktyg.se\/fi\/wp-json\/wp\/v2\/media?parent=1121"}],"curies":[{"name":"wp","href":"https:\/\/api.w.org\/{rel}","templated":true}]}}