{"id":120,"date":"2017-03-30T09:22:41","date_gmt":"2017-03-30T09:22:41","guid":{"rendered":"http:\/\/www.industriverktyg.se\/?page_id=120"},"modified":"2021-06-29T08:36:56","modified_gmt":"2021-06-29T08:36:56","slug":"om-industriverktyg","status":"publish","type":"page","link":"https:\/\/www.industriverktyg.se\/fi\/om-industriverktyg\/","title":{"rendered":"Suomen Teollisuusty\u00f6kalut Oy"},"content":{"rendered":"<section class=\"wpb-content-wrapper\"><p>[vc_row][vc_column][layerslider_vc id=&#8221;10&#8243;][\/vc_column][\/vc_row][vc_row][vc_column][vc_empty_space][\/vc_column][\/vc_row][vc_row][vc_column][vc_column_text]<\/p>\n<h1>Suomen Teollisuusty\u00f6kalut Oy<\/h1>\n<p>Industriverktyg IDG-Tools AB aloitti toimintansa syksyll\u00e4 1997 ja nyky\u00e4\u00e4n meill\u00e4 ty\u00f6skentelee noin 100 myyntiedustajaa, joista jokaisella on oma esittelyauto. Yritystoiminta on vahvaa ja jatkamme edelleen kasvua. Liiketoimintaa on t\u00e4ll\u00e4 hetkell\u00e4 Ruotsissa, Suomessa, Norjassa sek\u00e4 Puolassa. Logistiikkakeskuksemme sijaitsee Rosersbergiss\u00e4, Ruotsissa, aivan Arlandan lentokent\u00e4n vieress\u00e4.<\/p>\n<p>Kuljetukset ruotsalaisille ja norjalaisille asiakkaillemme tapahtuvat y\u00f6n yli ja toimitukset useimmille alueille jo heti seuraavana p\u00e4iv\u00e4n\u00e4. Suomeen ja Puolaan l\u00e4hetykset kuljetetaan laivaliikenteell\u00e4, jonka vuoksi toimitusaika on nelj\u00e4 arkip\u00e4iv\u00e4\u00e4. Industriverktyg on jo pitk\u00e4\u00e4n ollut Pohjoismaiden suurin ty\u00f6kaluja maahantuova yritys, jolla on kiert\u00e4v\u00e4t esittelyautot. Yrityksell\u00e4 on Dun &amp; Bradstreets:n AAA luottoluokitus.<br \/>\nTervetuloa asiakkaaksemme, olemme alentaneet jo kymmenientuhansien asiakkaidemme kuluja ty\u00f6kaluhankinnoissa.\u2028 Otamme mielell\u00e4mme vastaan haasteen my\u00f6s yrityksess\u00e4nne, laadusta tinkim\u00e4tt\u00e4.<\/p>\n<p>[\/vc_column_text][\/vc_column][\/vc_row][vc_row animation=&#8221;fadeIn&#8221;][vc_column width=&#8221;1\/2&#8243;][vc_column_text]<\/p>\n<h2>Toimintatapa ja tavoitteet<\/h2>\n<ul>\n<li>Toimittaa oikea tuote oikeaan aikaan kilpailukykyiseen hintaan.<\/li>\n<li>Seurata herke\u00e4m\u00e4tt\u00e4 asiakkaidemme ja markkinoiden toiveita.<\/li>\n<li>Kehitt\u00e4\u00e4 laadukkaita ratkaisuja ja toimia tehokkaasti joka osa-alueella.<\/li>\n<\/ul>\n<p><strong>Yhteenveto pyrkimyksist\u00e4mme:<\/strong><br \/>\nTarjota yrityksille\u00a0nopeaa palvelua ja laatutuotteita kilpailukykyiseen hintaan.<br \/>\nOlla vakaa, kauaskantoinen ja mielenkiintoinen ty\u00f6paikka ty\u00f6ntekij\u00f6illemme.[\/vc_column_text][\/vc_column][vc_column width=&#8221;1\/2&#8243;][vc_single_image image=&#8221;201&#8243; img_size=&#8221;full&#8221;][vc_single_image image=&#8221;316&#8243;][\/vc_column][\/vc_row]<\/p>\n<\/section>","protected":false},"excerpt":{"rendered":"<p>[vc_row][vc_column][layerslider_vc id=&#8221;10&#8243;][\/vc_column][\/vc_row][vc_row][vc_column][vc_empty_space][\/vc_column][\/vc_row][vc_row][vc_column][vc_column_text] Suomen Teollisuusty\u00f6kalut Oy Industriverktyg IDG-Tools AB aloitti toimintansa syksyll\u00e4 1997 ja nyky\u00e4\u00e4n meill\u00e4 ty\u00f6skentelee noin 100 myyntiedustajaa, joista jokaisella on oma esittelyauto. Yritystoiminta on vahvaa ja jatkamme edelleen kasvua. Liiketoimintaa on t\u00e4ll\u00e4 hetkell\u00e4 Ruotsissa, Suomessa, Norjassa sek\u00e4 Puolassa. Logistiikkakeskuksemme sijaitsee Rosersbergiss\u00e4, Ruotsissa, aivan Arlandan lentokent\u00e4n vieress\u00e4. Kuljetukset ruotsalaisille ja norjalaisille asiakkaillemme tapahtuvat y\u00f6n&hellip;<\/p>\n","protected":false},"author":1,"featured_media":0,"parent":0,"menu_order":0,"comment_status":"closed","ping_status":"closed","template":"","meta":{"footnotes":""},"class_list":["post-120","page","type-page","status-publish","hentry","description-off"],"_links":{"self":[{"href":"https:\/\/www.industriverktyg.se\/fi\/wp-json\/wp\/v2\/pages\/120","targetHints":{"allow":["GET"]}}],"collection":[{"href":"https:\/\/www.industriverktyg.se\/fi\/wp-json\/wp\/v2\/pages"}],"about":[{"href":"https:\/\/www.industriverktyg.se\/fi\/wp-json\/wp\/v2\/types\/page"}],"author":[{"embeddable":true,"href":"https:\/\/www.industriverktyg.se\/fi\/wp-json\/wp\/v2\/users\/1"}],"replies":[{"embeddable":true,"href":"https:\/\/www.industriverktyg.se\/fi\/wp-json\/wp\/v2\/comments?post=120"}],"version-history":[{"count":15,"href":"https:\/\/www.industriverktyg.se\/fi\/wp-json\/wp\/v2\/pages\/120\/revisions"}],"predecessor-version":[{"id":1110,"href":"https:\/\/www.industriverktyg.se\/fi\/wp-json\/wp\/v2\/pages\/120\/revisions\/1110"}],"wp:attachment":[{"href":"https:\/\/www.industriverktyg.se\/fi\/wp-json\/wp\/v2\/media?parent=120"}],"curies":[{"name":"wp","href":"https:\/\/api.w.org\/{rel}","templated":true}]}}