{"id":122,"date":"2017-03-30T09:25:41","date_gmt":"2017-03-30T09:25:41","guid":{"rendered":"http:\/\/www.industriverktyg.se\/?page_id=122"},"modified":"2017-11-02T14:14:46","modified_gmt":"2017-11-02T14:14:46","slug":"varfor-industriverktyg","status":"publish","type":"page","link":"https:\/\/www.industriverktyg.se\/fi\/varfor-industriverktyg\/","title":{"rendered":"Miksi Suomen Teollisuusty\u00f6kalut Oy"},"content":{"rendered":"<section class=\"wpb-content-wrapper\"><p>[vc_row][vc_column][layerslider_vc id=&#8221;10&#8243;][\/vc_column][\/vc_row][vc_row][vc_column][vc_empty_space][\/vc_column][\/vc_row][vc_row][vc_column][vc_column_text]<\/p>\n<h1>Miksi valita Suomen Teollisuusty\u00f6kalut Oy?<\/h1>\n<p>[\/vc_column_text][\/vc_column][\/vc_row][vc_row][vc_column][vc_empty_space][\/vc_column][\/vc_row][vc_row][vc_column width=&#8221;1\/2&#8243;][vc_column_text]<span style=\"font-size: 14px; font-weight: normal;\"><span style=\"color: #d60606;\"><i class=\"wp-svg-checkmark checkmark\"><\/i>\u00a0<\/span>Suuret sis\u00e4\u00e4nostom\u00e4\u00e4r\u00e4t takaavat kilpailukykyiset hinnat. IDG-Tools liiketoimintaryhm\u00e4n k\u00e4sity\u00f6kalujen ja koneiden vuosittainen liikevaihto on yli 250 miljoonaa.<\/span><\/p>\n<p><span style=\"font-size: 14px; font-weight: normal;\"><span style=\"color: #d60606;\"><i class=\"wp-svg-checkmark checkmark\"><\/i> <\/span>Korkealle asetetut laatuvaatimukset. Kaikki k\u00e4sity\u00f6kalut noudattavat saksalaisen DIN-standardin ja\/tai amerikkalaisen ANSI-standardin vaatimuksia.<\/span><\/p>\n<p><span style=\"font-size: 14px; font-weight: normal;\"><span style=\"color: #d60606;\"><i class=\"wp-svg-checkmark checkmark\"><\/i>\u00a0<\/span> Ajans\u00e4\u00e4st\u00f6\u00e4 ja tuotteen testaus \u201cpaikan p\u00e4\u00e4ll\u00e4\u201d. Esittelyautomme tulee luoksesi.<\/span><\/p>\n<p><span style=\"font-size: 14px; font-weight: normal;\"><span style=\"color: #d60606;\"><i class=\"wp-svg-checkmark checkmark\"><\/i>\u00a0<\/span> Laajan valikoimamme ansiosta voimme toimittaa monipuolisesti erilaisia ty\u00f6kaluja ja koneita.<\/span>[\/vc_column_text][\/vc_column][vc_column width=&#8221;1\/2&#8243;][vc_column_text]<span style=\"font-size: 14px; font-weight: normal;\"><span style=\"color: #d60606;\"><i class=\"wp-svg-checkmark checkmark\"><\/i>\u00a0<\/span><span style=\"font-size: 14px; font-weight: normal;\">\u00a0Euroopan korkein toimituskapasiteetti, v\u00e4hint\u00e4\u00e4n 99,2% tuotteista on valmiina varastolla.<\/span><\/span><\/p>\n<p><span style=\"font-size: 14px; font-weight: normal;\"><span style=\"color: #d60606;\"><i class=\"wp-svg-checkmark checkmark\"><\/i>\u00a0<\/span><span style=\"font-size: 14px; font-weight: normal;\">\u00a0Nopeat toimitukset edullisin hinnoin.<\/span><\/span><\/p>\n<p><span style=\"font-size: 14px; font-weight: normal;\"><span style=\"color: #d60606;\"><i class=\"wp-svg-checkmark checkmark\"><\/i>\u00a0<\/span><span style=\"font-size: 14px; font-weight: normal;\">\u00a0Laajat takuuehdot. Useimmissa k\u00e4sity\u00f6kaluissa on t\u00e4ysi tehdastakuu ilman aikarajoitusta. T\u00e4m\u00e4n vuoksi on turvallista valita IDG-Tools ensisijaiseksi ty\u00f6kalujen ja koneiden toimittajaksi.<\/span><\/span>[\/vc_column_text][\/vc_column][\/vc_row][vc_row][vc_column][vc_column_text][\/vc_column_text][\/vc_column][\/vc_row]<\/p>\n<\/section>","protected":false},"excerpt":{"rendered":"<p>[vc_row][vc_column][layerslider_vc id=&#8221;10&#8243;][\/vc_column][\/vc_row][vc_row][vc_column][vc_empty_space][\/vc_column][\/vc_row][vc_row][vc_column][vc_column_text] Miksi valita Suomen Teollisuusty\u00f6kalut Oy? [\/vc_column_text][\/vc_column][\/vc_row][vc_row][vc_column][vc_empty_space][\/vc_column][\/vc_row][vc_row][vc_column width=&#8221;1\/2&#8243;][vc_column_text]\u00a0Suuret sis\u00e4\u00e4nostom\u00e4\u00e4r\u00e4t takaavat kilpailukykyiset hinnat. IDG-Tools liiketoimintaryhm\u00e4n k\u00e4sity\u00f6kalujen ja koneiden vuosittainen liikevaihto on yli 250 miljoonaa. Korkealle asetetut laatuvaatimukset. Kaikki k\u00e4sity\u00f6kalut noudattavat saksalaisen DIN-standardin ja\/tai amerikkalaisen ANSI-standardin vaatimuksia. \u00a0 Ajans\u00e4\u00e4st\u00f6\u00e4 ja tuotteen testaus \u201cpaikan p\u00e4\u00e4ll\u00e4\u201d. Esittelyautomme tulee luoksesi. \u00a0 Laajan valikoimamme ansiosta voimme toimittaa monipuolisesti erilaisia ty\u00f6kaluja&hellip;<\/p>\n","protected":false},"author":1,"featured_media":0,"parent":0,"menu_order":0,"comment_status":"closed","ping_status":"closed","template":"","meta":{"footnotes":""},"class_list":["post-122","page","type-page","status-publish","hentry","description-off"],"_links":{"self":[{"href":"https:\/\/www.industriverktyg.se\/fi\/wp-json\/wp\/v2\/pages\/122","targetHints":{"allow":["GET"]}}],"collection":[{"href":"https:\/\/www.industriverktyg.se\/fi\/wp-json\/wp\/v2\/pages"}],"about":[{"href":"https:\/\/www.industriverktyg.se\/fi\/wp-json\/wp\/v2\/types\/page"}],"author":[{"embeddable":true,"href":"https:\/\/www.industriverktyg.se\/fi\/wp-json\/wp\/v2\/users\/1"}],"replies":[{"embeddable":true,"href":"https:\/\/www.industriverktyg.se\/fi\/wp-json\/wp\/v2\/comments?post=122"}],"version-history":[{"count":5,"href":"https:\/\/www.industriverktyg.se\/fi\/wp-json\/wp\/v2\/pages\/122\/revisions"}],"predecessor-version":[{"id":324,"href":"https:\/\/www.industriverktyg.se\/fi\/wp-json\/wp\/v2\/pages\/122\/revisions\/324"}],"wp:attachment":[{"href":"https:\/\/www.industriverktyg.se\/fi\/wp-json\/wp\/v2\/media?parent=122"}],"curies":[{"name":"wp","href":"https:\/\/api.w.org\/{rel}","templated":true}]}}