{"id":133,"date":"2017-03-30T11:29:06","date_gmt":"2017-03-30T11:29:06","guid":{"rendered":"http:\/\/www.industriverktyg.se\/?page_id=133"},"modified":"2026-02-17T07:18:14","modified_gmt":"2026-02-17T07:18:14","slug":"lediga-tjanster","status":"publish","type":"page","link":"https:\/\/www.industriverktyg.se\/fi\/lediga-tjanster\/","title":{"rendered":"K\u00e4ytett\u00e4viss\u00e4 olevat palvelut"},"content":{"rendered":"<section class=\"wpb-content-wrapper\"><p>[vc_row][vc_column width=&#8221;1\/2&#8243;][vc_column_text]<\/p>\n<h1><strong>MYYJ\u00c4<\/strong><\/h1>\n<p>Etsimme sinua, joka todella rakastaa myynti\u00e4. Ajattelet, l\u00e4htev\u00e4t ja arvostavat nopeita p\u00e4\u00e4t\u00f6ksi\u00e4.<\/p>\n<p>Meid\u00e4n kanssamme ensisijaisesti yll\u00e4pit\u00e4\u00e4 olemassa olevia asiakkaita, mutta my\u00f6s k\u00e4ynnist\u00e4\u00e4 uusia asiakkaita voittavan k\u00e4sitteemme ty\u00f6kaluihin, koneisiin ja teollisiin kulutushy\u00f6dykkeisiin. Teolliset ty\u00f6kalut IDG-Tools on tunnettu yritys ja sill\u00e4 on vahva tuotemerkki teollisuudessa.<\/p>\n<p>Haluamme, ett\u00e4 olet jo ty\u00f6skennellyt teknologian ja \/ tai myynnin kanssa. Olette menestyksekk\u00e4\u00e4sti ja hyv\u00e4\u00e4 t\u00f6iss\u00e4si. Vaivasi, asenne ja asema ovat johtaneet hyv\u00e4\u00e4n tulokseen.<\/p>\n<p>Kilpailukykyisell\u00e4 tuotevalikoimalla, ainutlaatuisella myyntikoulutuksella ja vahvoilla br\u00e4ndeill\u00e4 rakennamme maailman mielenkiintoisimmat ty\u00f6kalu- ja koneyritykset koko Skandinavialle. Kaikkien myyntihenkil\u00f6st\u00f6mme takana on koko tuotekehitt\u00e4jien, logistiikan asiantuntijoiden ja inspiroituneiden ty\u00f6ntekij\u00e4ryhm\u00e4.<\/p>\n<p>Tervetuloa hakemuksesi kanssa. K\u00e4yt\u00e4mme ihmisi\u00e4, ei &#8221;vain&#8221; laatuja ja paperia, asenne ja persoonallisuutemme tarkoittavat kaikkea, t\u00e4\u00e4ll\u00e4 sin\u00e4 olet onnellinen!<\/p>\n<p><strong>Hae nyt:<\/strong><br \/>\nL\u00e4het\u00e4 hakemuksesi suoraan t\u00e4\u00e4lt\u00e4 tai soita Estherille 0207 30 3000 ensimm\u00e4iseen puhelinhaastatteluun. Voit my\u00f6s l\u00e4hett\u00e4\u00e4 hakemuksesi ja ansioluettelosi osoitteeseen info@teollisuustyokalut.fi tai l\u00e4hett\u00e4\u00e4 s\u00e4hk\u00f6postitse. Katso osoite sivun alareunasta.[\/vc_column_text][\/vc_column][vc_column width=&#8221;1\/2&#8243;]<style type=\"text\/css\" data-type=\"the7_shortcodes-inline-css\">.shortcode-single-image-wrap.shortcode-single-image-fbad80009bc68bb28d11f8d945171dfe.enable-bg-rollover .rollover i,\n.shortcode-single-image-wrap.shortcode-single-image-fbad80009bc68bb28d11f8d945171dfe.enable-bg-rollover .rollover-video i {\n  background: -webkit-linear-gradient();\n  background: linear-gradient();\n}\n.shortcode-single-image-wrap.shortcode-single-image-fbad80009bc68bb28d11f8d945171dfe .rollover-icon {\n  font-size: 32px;\n  color: #ffffff;\n  min-width: 44px;\n  min-height: 44px;\n  line-height: 44px;\n  border-radius: 100px;\n  border-style: solid;\n  border-width: 0px;\n}\n.dt-icon-bg-on.shortcode-single-image-wrap.shortcode-single-image-fbad80009bc68bb28d11f8d945171dfe .rollover-icon {\n  background: rgba(255,255,255,0.3);\n  box-shadow: none;\n}<\/style><div class=\"shortcode-single-image-wrap shortcode-single-image-fbad80009bc68bb28d11f8d945171dfe alignnone  enable-bg-rollover dt-icon-bg-off\" style=\"margin-top:0px; margin-bottom:0px; margin-left:0px; margin-right:0px; width:500px;\"><div class=\"shortcode-single-image\"><div class=\"fancy-media-wrap  layzr-bg\" style=\"\"><img fetchpriority=\"high\" decoding=\"async\" class=\"preload-me lazy-load aspect\" src=\"data:image\/svg+xml,%3Csvg%20xmlns%3D&#39;http%3A%2F%2Fwww.w3.org%2F2000%2Fsvg&#39;%20viewBox%3D&#39;0%200%20500%20383&#39;%2F%3E\" data-src=\"https:\/\/www.industriverktyg.se\/wp-content\/uploads\/2017\/03\/V-skap-500x383.jpg\" data-srcset=\"https:\/\/www.industriverktyg.se\/wp-content\/uploads\/2017\/03\/V-skap-500x383.jpg 500w, https:\/\/www.industriverktyg.se\/wp-content\/uploads\/2017\/03\/V-skap.jpg 600w\" loading=\"eager\" sizes=\"(max-width: 500px) 100vw, 500px\" width=\"500\" height=\"383\"  data-dt-location=\"https:\/\/www.industriverktyg.se\/fi\/lediga-tjanster\/v-skap\/\" style=\"--ratio: 500 \/ 383;\" alt=\"\" \/><\/div><\/div><\/div>[\/vc_column][\/vc_row]<\/p>\n<\/section>","protected":false},"excerpt":{"rendered":"<p>[vc_row][vc_column width=&#8221;1\/2&#8243;][vc_column_text] MYYJ\u00c4 Etsimme sinua, joka todella rakastaa myynti\u00e4. Ajattelet, l\u00e4htev\u00e4t ja arvostavat nopeita p\u00e4\u00e4t\u00f6ksi\u00e4. Meid\u00e4n kanssamme ensisijaisesti yll\u00e4pit\u00e4\u00e4 olemassa olevia asiakkaita, mutta my\u00f6s k\u00e4ynnist\u00e4\u00e4 uusia asiakkaita voittavan k\u00e4sitteemme ty\u00f6kaluihin, koneisiin ja teollisiin kulutushy\u00f6dykkeisiin. Teolliset ty\u00f6kalut IDG-Tools on tunnettu yritys ja sill\u00e4 on vahva tuotemerkki teollisuudessa. Haluamme, ett\u00e4 olet jo ty\u00f6skennellyt teknologian ja \/ tai&hellip;<\/p>\n","protected":false},"author":1,"featured_media":0,"parent":0,"menu_order":0,"comment_status":"closed","ping_status":"closed","template":"","meta":{"footnotes":""},"class_list":["post-133","page","type-page","status-publish","hentry","description-off"],"_links":{"self":[{"href":"https:\/\/www.industriverktyg.se\/fi\/wp-json\/wp\/v2\/pages\/133","targetHints":{"allow":["GET"]}}],"collection":[{"href":"https:\/\/www.industriverktyg.se\/fi\/wp-json\/wp\/v2\/pages"}],"about":[{"href":"https:\/\/www.industriverktyg.se\/fi\/wp-json\/wp\/v2\/types\/page"}],"author":[{"embeddable":true,"href":"https:\/\/www.industriverktyg.se\/fi\/wp-json\/wp\/v2\/users\/1"}],"replies":[{"embeddable":true,"href":"https:\/\/www.industriverktyg.se\/fi\/wp-json\/wp\/v2\/comments?post=133"}],"version-history":[{"count":25,"href":"https:\/\/www.industriverktyg.se\/fi\/wp-json\/wp\/v2\/pages\/133\/revisions"}],"predecessor-version":[{"id":1792,"href":"https:\/\/www.industriverktyg.se\/fi\/wp-json\/wp\/v2\/pages\/133\/revisions\/1792"}],"wp:attachment":[{"href":"https:\/\/www.industriverktyg.se\/fi\/wp-json\/wp\/v2\/media?parent=133"}],"curies":[{"name":"wp","href":"https:\/\/api.w.org\/{rel}","templated":true}]}}