{"id":1371,"date":"2023-01-24T14:01:52","date_gmt":"2023-01-24T14:01:52","guid":{"rendered":"https:\/\/www.industriverktyg.se\/?page_id=1371"},"modified":"2026-03-16T13:58:27","modified_gmt":"2026-03-16T13:58:27","slug":"norsk-ledig-stilling","status":"publish","type":"page","link":"https:\/\/www.industriverktyg.se\/fi\/norsk-ledig-stilling\/","title":{"rendered":"(Norsk) Ledig stilling"},"content":{"rendered":"<section class=\"wpb-content-wrapper\"><p>[vc_row][vc_column][vc_column_text]<\/p>\n<h2><b><span data-contrast=\"none\">Vil du v\u00e6re sjefen i din egen hverdag?<\/span><\/b><span data-ccp-props=\"{&quot;134233117&quot;:false,&quot;134233118&quot;:false,&quot;201341983&quot;:0,&quot;335559738&quot;:0,&quot;335559739&quot;:0,&quot;335559740&quot;:240}\">\u00a0<\/span><\/h2>\n<p>S\u00f8knadsfrist i omr\u00e5det Finnmark: 02.04.26<\/p>\n<p>S\u00f8knadsfrist i omr\u00e5det Rogaland s\u00f8r for Boknafjorden: 09.04.26<\/p>\n<p style=\"font-weight: 400;\">Send s\u00f8knad til: <!--StartFragment --><a href=\"mailto:geir-w@idg-tools.as\"><span class=\"cf0\">geir-w@idg-tools.as\u00a0<\/span><\/a><!--EndFragment --><\/p>\n<p>&nbsp;<\/p>\n<p>Har du lyst til \u00e5 v\u00e6re en del av v\u00e5rt superteam? Har du lyst til \u00e5 utvikle deg alene og sammen med resten av gjengen i IDG-Tools? Vil du konkurrere med deg selv hver dag for \u00e5 skape resultater? \u00d8nsker du en arbeidsplass hvor du er sjefen i din egen hverdag?<\/p>\n<p>&nbsp;<\/p>\n<p><strong>Alle disse mulighetene f\u00e5r du ved \u00e5 bli v\u00e5r nye DISTRIKSTANSVARLIGE SELGER.<\/strong>[\/vc_column_text][vc_video link=&#8221;https:\/\/youtu.be\/O_0Le1AoGUY&#8221; align=&#8221;center&#8221;][vc_column_text]<strong>Og vi har faktisk mer \u00e5 tilby hvis du griper sjansen:<\/strong><\/p>\n<ul>\n<li>Egen produkt- og salgsutdannelse\u2013 ingen formell utdannelse kreves<\/li>\n<li>God l\u00f8nns- og provisjonsordning<\/li>\n<li>Jevnlige konferanser for \u00e5 \u00f8ke kompetanse<\/li>\n<li>Utstillingsbiler i topp kvalitet<\/li>\n<li>Behandlingsforsikring\u00a0s\u00e5 du slipper milelange helsek\u00f8er<\/li>\n<li>Meget gode livs-, ulykkes- og reiseforsikringer<\/li>\n<li>En god pensjonisttilv\u00e6relse med hele 7% i otp (vet du ikke hva otp er,<br \/>\nanbefaler vi deg \u00e5 Google det)<\/li>\n<li>En allsidig hverdag\u00a0og hyggelige, sosiale kolleger<\/li>\n<\/ul>\n<p>[\/vc_column_text][\/vc_column][\/vc_row][vc_row][vc_column width=&#8221;1\/3&#8243;][vc_single_image image=&#8221;1379&#8243; img_size=&#8221;full&#8221; alignment=&#8221;center&#8221; style=&#8221;vc_box_rounded&#8221;][\/vc_column][vc_column width=&#8221;1\/3&#8243;][vc_single_image image=&#8221;1376&#8243; img_size=&#8221;full&#8221; alignment=&#8221;center&#8221; style=&#8221;vc_box_rounded&#8221;][\/vc_column][vc_column width=&#8221;1\/3&#8243;][vc_single_image image=&#8221;1373&#8243; img_size=&#8221;full&#8221; alignment=&#8221;center&#8221; style=&#8221;vc_box_rounded&#8221;][\/vc_column][\/vc_row][vc_row][vc_column][vc_column_text]<strong>Virker det interessant s\u00e5 langt? Da h\u00e5per vi du tar deg tid til \u00e5 lese resten:<\/strong><\/p>\n<p><strong>\u00a0<\/strong><\/p>\n<p>Hos oss er ingen dager like. Du m\u00f8ter mange hyggelige mennesker p\u00e5 din vei, s\u00e5 du b\u00f8r v\u00e6re god p\u00e5 relasjonsbygging. Dessuten \u00f8nsker vi at du er l\u00f8sningsorientert og glad i salg.<\/p>\n<p>Vi har en stadig \u00f8kende kundekrets, s\u00e5 du har store muligheter for gode resultater og personlig vekst.<\/p>\n<p>&nbsp;<\/p>\n<p>V\u00e5rt hovedkontor er i Sverige, og der holdes det jevnlige konferanser for \u00e5 \u00f8ke kompetansen hos v\u00e5re selgere. Kunnskap og trygghet skaper gode selgere, og vi har deg i fokus. P\u00e5 v\u00e5re konferanser m\u00f8ter du b\u00e5de fine kolleger og ledelsen i konsernet.<\/p>\n<p>Samhold og utveksling av erfaringer gir godt grunnlag for vekst og fremdrift.<\/p>\n<p>Vi har et s\u00e5 godt salgs- og oppl\u00e6ringsprogram at vi ikke krever noen formell utdannelse. Vi setter menneskelige egenskaper foran utdannelse og \u00f8nsker at du har hodet opp, bena ned og teft for salg.\u00a0Stillingen har en stor grad av frihet, s\u00e5 vi stoler p\u00e5 at du tar ansvar og setter pris p\u00e5 tilliten vi viser deg.<\/p>\n<p>&nbsp;<\/p>\n<p><strong>Sitter du med en god f\u00f8lelse etter \u00e5 ha lest s\u00e5 langt? Da er IDG-Tools rett sted for deg, og vi gleder oss til \u00e5 motta s\u00f8knaden din!<\/strong><\/p>\n<p>&nbsp;<\/p>\n<p>&nbsp;<\/p>\n<div class=\"page\" title=\"Page 1\">\n<div class=\"layoutArea\">\n<div class=\"column\">\n<p><strong>Litt om bedriften:<\/strong><\/p>\n<p>&nbsp;<\/p><\/div>\n<\/div>\n<div class=\"layoutArea\">\n<div class=\"column\">\n<p><em>Siden 1996 har IDG-Tools reist rundt med kvalitetsverkt\u00f8y fra va\u030are rullende showroom. Med tempoet som kreves i dagens samfunn, setter flere og flere sma\u030a og store bedrifter pris pa\u030a a\u030a fa\u030a verkt\u00f8yet vist der de befinner seg fremfor a\u030a ma\u030atte bruke tid pa\u030a opps\u00f8ke utsalgssted.<\/em><br \/>\n<em>Med rullende showrooms har vi til enhver tid store deler av va\u030art sortiment tilgjengelig for deg som kunden. Du kan se pa\u030a, ta pa\u030a og pr\u00f8ve verkt\u00f8yet, noe som gj\u00f8r deg trygg pa\u030a at du velger riktig. Dessuten sparer det deg for tid og penger.<\/em><\/div>\n<\/div>\n<\/div>\n<p>&nbsp;<\/p>\n<p style=\"font-weight: 400;\"><strong>Send s\u00f8knad til <\/strong><\/p>\n<p style=\"font-weight: 400;\"><a href=\"mailto:Geir-w@idg-tools.as\" data-ogsc=\"\">Geir-w@idg-tools.as<\/a><\/p>\n<p style=\"font-weight: 400;\"><a href=\"tel:+4748106699\">+47 481 06 699<\/a><\/p>\n<p>[\/vc_column_text][\/vc_column][\/vc_row][vc_row][vc_column][vc_media_grid grid_id=&#8221;vc_gid:1773669463382-55eae772bbfbcb71a44742b367b78f57-1&#8243; include=&#8221;1382,1381,1380,1379,1378,1377,1376,1375,1374,1373,1372&#8243;][\/vc_column][\/vc_row]<\/p>\n<\/section>","protected":false},"excerpt":{"rendered":"<p>[vc_row][vc_column][vc_column_text] Vil du v\u00e6re sjefen i din egen hverdag?\u00a0 S\u00f8knadsfrist i omr\u00e5det Finnmark: 02.04.26 S\u00f8knadsfrist i omr\u00e5det Rogaland s\u00f8r for Boknafjorden: 09.04.26 Send s\u00f8knad til: geir-w@idg-tools.as\u00a0 &nbsp; Har du lyst til \u00e5 v\u00e6re en del av v\u00e5rt superteam? Har du lyst til \u00e5 utvikle deg alene og sammen med resten av gjengen i IDG-Tools? Vil&hellip;<\/p>\n","protected":false},"author":4,"featured_media":0,"parent":0,"menu_order":0,"comment_status":"closed","ping_status":"closed","template":"","meta":{"footnotes":""},"class_list":["post-1371","page","type-page","status-publish","hentry","description-off"],"_links":{"self":[{"href":"https:\/\/www.industriverktyg.se\/fi\/wp-json\/wp\/v2\/pages\/1371","targetHints":{"allow":["GET"]}}],"collection":[{"href":"https:\/\/www.industriverktyg.se\/fi\/wp-json\/wp\/v2\/pages"}],"about":[{"href":"https:\/\/www.industriverktyg.se\/fi\/wp-json\/wp\/v2\/types\/page"}],"author":[{"embeddable":true,"href":"https:\/\/www.industriverktyg.se\/fi\/wp-json\/wp\/v2\/users\/4"}],"replies":[{"embeddable":true,"href":"https:\/\/www.industriverktyg.se\/fi\/wp-json\/wp\/v2\/comments?post=1371"}],"version-history":[{"count":17,"href":"https:\/\/www.industriverktyg.se\/fi\/wp-json\/wp\/v2\/pages\/1371\/revisions"}],"predecessor-version":[{"id":1808,"href":"https:\/\/www.industriverktyg.se\/fi\/wp-json\/wp\/v2\/pages\/1371\/revisions\/1808"}],"wp:attachment":[{"href":"https:\/\/www.industriverktyg.se\/fi\/wp-json\/wp\/v2\/media?parent=1371"}],"curies":[{"name":"wp","href":"https:\/\/api.w.org\/{rel}","templated":true}]}}