{"id":146,"date":"2017-03-30T12:08:30","date_gmt":"2017-03-30T12:08:30","guid":{"rendered":"http:\/\/www.industriverktyg.se\/?page_id=146"},"modified":"2025-08-21T11:49:36","modified_gmt":"2025-08-21T11:49:36","slug":"vara-produkter","status":"publish","type":"page","link":"https:\/\/www.industriverktyg.se\/fi\/vara-produkter\/","title":{"rendered":"Tuotteet"},"content":{"rendered":"<section class=\"wpb-content-wrapper\"><p>[vc_row][vc_column][layerslider_vc id=&#8221;9&#8243;][\/vc_column][\/vc_row][vc_row][vc_column][vc_empty_space][\/vc_column][\/vc_row][vc_row][vc_column width=&#8221;1\/2&#8243;][vc_column_text]<\/p>\n<h1>Tuotteet<\/h1>\n<p>Omalla tavaramerkill\u00e4mme IDG-Tools\u00ae kehit\u00e4mme itse ja yhteisty\u00f6ss\u00e4 maailman johtavien valmistajien kanssa k\u00e4sity\u00f6kaluja, paineilma-, s\u00e4hk\u00f6- ja hydraulikoneita.<\/p>\n<p>Maahantuomme lis\u00e4ksi muita tunnettuja tavaramerkkej\u00e4, joista osaan meill\u00e4 on yksinoikeus Pohjoismaissa.<\/p>\n<p><strong>Cebora:<\/strong> Hitsauslaitteet ja plasmaleikkurit <a title=\"Cebora\" href=\"http:\/\/www.cebora.it\/\" target=\"_blank\" rel=\"noopener noreferrer\">www.cebora.it<\/a><\/p>\n<p><strong>Hitachi:<\/strong> S\u00e4hk\u00f6koneet ja akkukoneet <a title=\"Hitachi\" href=\"http:\/\/www.hitachi-powertools.se\/\" target=\"_blank\" rel=\"noopener noreferrer\">www.hitachi-powertools.se<\/a><\/p>\n<p><strong>Knipex:<\/strong> Saksan markkinajohtaja pihtien valmistajana <a href=\"http:\/\/www.knipex.com\/\" target=\"_blank\" rel=\"noopener noreferrer\">www.knipex.com<\/a><\/p>\n<p>Tarjoamme kattavan ja innovatiivisen tuotevalikoiman sek\u00e4 markkinoiden tehokkaimman tavan ty\u00f6kalujen ja koneiden hankintaan. Sovi heti henkil\u00f6kohtainen esittely alueellasi toimivan myyntiedustajan kanssa.<\/p>\n<p><a title=\"Yhteystiedot\" href=\"http:\/\/su.teollisuustyokalut.fi\/yhteystiedot\/\">Edustajasi l\u00f6yd\u00e4t t\u00e4\u00e4lt\u00e4 \u203a\u203a<\/a>[\/vc_column_text][\/vc_column][vc_column width=&#8221;1\/2&#8243;]<div class=\"dt-photos-shortcode slider-wrapper owl-carousel dt-owl-carousel-init  shortcode-instagram dt-gallery-container arrows-light enable-mobile-arrows\" data-padding-side=\"20\" data-autoslide=\"true\" data-delay=\"3000\" data-loop=\"true\" data-arrows=\"true\">\n<article class=\"post post-150 attachment type-attachment status-inherit hentry no-img description-off\">\n\n\t<figure class=\"rollover-project links-hovers-disabled\">\n\t<a href=\"https:\/\/www.industriverktyg.se\/wp-content\/uploads\/2017\/03\/Prod_Fam-scaled.jpg\" class=\"rollover rollover-zoom dt-pswp-item layzr-bg\" title=\"Prod_Fam\" data-dt-img-description=\"\"  data-large_image_width=\"2560\" data-large_image_height = \"1553\" ><img fetchpriority=\"high\" decoding=\"async\" class=\"preload-me lazy-load aspect\" src=\"data:image\/svg+xml,%3Csvg%20xmlns%3D&#39;http%3A%2F%2Fwww.w3.org%2F2000%2Fsvg&#39;%20viewBox%3D&#39;0%200%20346%20210&#39;%2F%3E\" data-src=\"https:\/\/www.industriverktyg.se\/wp-content\/uploads\/2017\/03\/Prod_Fam-scaled-346x210.jpg\" data-srcset=\"https:\/\/www.industriverktyg.se\/wp-content\/uploads\/2017\/03\/Prod_Fam-scaled-346x210.jpg 346w, https:\/\/www.industriverktyg.se\/wp-content\/uploads\/2017\/03\/Prod_Fam-scaled-692x420.jpg 692w\" loading=\"eager\" style=\"--ratio: 346 \/ 210\" sizes=\"(max-width: 346px) 100vw, 346px\" alt=\"\" width=\"346\" height=\"210\"  \/><\/a>\t<\/figure>\n<\/article>\n\n\n<article class=\"post post-628 attachment type-attachment status-inherit hentry no-img description-off\">\n\n\t<figure class=\"rollover-project links-hovers-disabled\">\n\t<a href=\"https:\/\/www.industriverktyg.se\/wp-content\/uploads\/2017\/03\/1230-3.png\" class=\"rollover rollover-zoom dt-pswp-item layzr-bg\" title=\"1230-3\" data-dt-img-description=\"\"  data-large_image_width=\"529\" data-large_image_height = \"237\" ><img decoding=\"async\" class=\"preload-me lazy-load aspect\" src=\"data:image\/svg+xml,%3Csvg%20xmlns%3D&#39;http%3A%2F%2Fwww.w3.org%2F2000%2Fsvg&#39;%20viewBox%3D&#39;0%200%20468%20210&#39;%2F%3E\" data-src=\"https:\/\/www.industriverktyg.se\/wp-content\/uploads\/2017\/03\/1230-3-468x210.png\" data-srcset=\"https:\/\/www.industriverktyg.se\/wp-content\/uploads\/2017\/03\/1230-3-468x210.png 468w, https:\/\/www.industriverktyg.se\/wp-content\/uploads\/2017\/03\/1230-3.png 528w\" loading=\"eager\" style=\"--ratio: 468 \/ 210\" sizes=\"(max-width: 468px) 100vw, 468px\" alt=\"\" width=\"468\" height=\"210\"  \/><\/a>\t<\/figure>\n<\/article>\n\n\n<article class=\"post post-629 attachment type-attachment status-inherit hentry no-img description-off\">\n\n\t<figure class=\"rollover-project links-hovers-disabled\">\n\t<a href=\"https:\/\/www.industriverktyg.se\/wp-content\/uploads\/2017\/03\/1150-3.png\" class=\"rollover rollover-zoom dt-pswp-item layzr-bg\" title=\"1150-3\" data-dt-img-description=\"\"  data-large_image_width=\"529\" data-large_image_height = \"386\" ><img decoding=\"async\" class=\"preload-me lazy-load aspect\" src=\"data:image\/svg+xml,%3Csvg%20xmlns%3D&#39;http%3A%2F%2Fwww.w3.org%2F2000%2Fsvg&#39;%20viewBox%3D&#39;0%200%20287%20210&#39;%2F%3E\" data-src=\"https:\/\/www.industriverktyg.se\/wp-content\/uploads\/2017\/03\/1150-3-287x210.png\" data-srcset=\"https:\/\/www.industriverktyg.se\/wp-content\/uploads\/2017\/03\/1150-3-287x210.png 287w, https:\/\/www.industriverktyg.se\/wp-content\/uploads\/2017\/03\/1150-3-527x385.png 527w\" loading=\"eager\" style=\"--ratio: 287 \/ 210\" sizes=\"(max-width: 287px) 100vw, 287px\" alt=\"\" width=\"287\" height=\"210\"  \/><\/a>\t<\/figure>\n<\/article>\n\n\n<article class=\"post post-630 attachment type-attachment status-inherit hentry no-img description-off\">\n\n\t<figure class=\"rollover-project links-hovers-disabled\">\n\t<a href=\"https:\/\/www.industriverktyg.se\/wp-content\/uploads\/2017\/03\/1409-31.png\" class=\"rollover rollover-zoom dt-pswp-item layzr-bg\" title=\"1409-31\" data-dt-img-description=\"\"  data-large_image_width=\"661\" data-large_image_height = \"622\" ><img decoding=\"async\" class=\"preload-me lazy-load aspect\" src=\"data:image\/svg+xml,%3Csvg%20xmlns%3D&#39;http%3A%2F%2Fwww.w3.org%2F2000%2Fsvg&#39;%20viewBox%3D&#39;0%200%20223%20210&#39;%2F%3E\" data-src=\"https:\/\/www.industriverktyg.se\/wp-content\/uploads\/2017\/03\/1409-31-223x210.png\" data-srcset=\"https:\/\/www.industriverktyg.se\/wp-content\/uploads\/2017\/03\/1409-31-223x210.png 223w, https:\/\/www.industriverktyg.se\/wp-content\/uploads\/2017\/03\/1409-31-446x420.png 446w\" loading=\"eager\" style=\"--ratio: 223 \/ 210\" sizes=\"(max-width: 223px) 100vw, 223px\" alt=\"\" width=\"223\" height=\"210\"  \/><\/a>\t<\/figure>\n<\/article>\n\n\n<article class=\"post post-631 attachment type-attachment status-inherit hentry no-img description-off\">\n\n\t<figure class=\"rollover-project links-hovers-disabled\">\n\t<a href=\"https:\/\/www.industriverktyg.se\/wp-content\/uploads\/2017\/03\/3431-34-2.png\" class=\"rollover rollover-zoom dt-pswp-item layzr-bg\" title=\"3431-34-2\" data-dt-img-description=\"\"  data-large_image_width=\"529\" data-large_image_height = \"412\" ><img decoding=\"async\" class=\"preload-me lazy-load aspect\" src=\"data:image\/svg+xml,%3Csvg%20xmlns%3D&#39;http%3A%2F%2Fwww.w3.org%2F2000%2Fsvg&#39;%20viewBox%3D&#39;0%200%20269%20210&#39;%2F%3E\" data-src=\"https:\/\/www.industriverktyg.se\/wp-content\/uploads\/2017\/03\/3431-34-2-269x210.png\" data-srcset=\"https:\/\/www.industriverktyg.se\/wp-content\/uploads\/2017\/03\/3431-34-2-269x210.png 269w, https:\/\/www.industriverktyg.se\/wp-content\/uploads\/2017\/03\/3431-34-2-527x412.png 527w\" loading=\"eager\" style=\"--ratio: 269 \/ 210\" sizes=\"(max-width: 269px) 100vw, 269px\" alt=\"\" width=\"269\" height=\"210\"  \/><\/a>\t<\/figure>\n<\/article>\n\n\n<article class=\"post post-632 attachment type-attachment status-inherit hentry no-img description-off\">\n\n\t<figure class=\"rollover-project links-hovers-disabled\">\n\t<a href=\"https:\/\/www.industriverktyg.se\/wp-content\/uploads\/2017\/03\/7194-8.png\" class=\"rollover rollover-zoom dt-pswp-item layzr-bg\" title=\"7194-8\" data-dt-img-description=\"\"  data-large_image_width=\"529\" data-large_image_height = \"183\" ><img decoding=\"async\" class=\"preload-me lazy-load aspect\" src=\"data:image\/svg+xml,%3Csvg%20xmlns%3D&#39;http%3A%2F%2Fwww.w3.org%2F2000%2Fsvg&#39;%20viewBox%3D&#39;0%200%20528%20183&#39;%2F%3E\" data-src=\"https:\/\/www.industriverktyg.se\/wp-content\/uploads\/2017\/03\/7194-8.png\" data-srcset=\"https:\/\/www.industriverktyg.se\/wp-content\/uploads\/2017\/03\/7194-8.png 528w\" loading=\"eager\" style=\"--ratio: 528 \/ 183\" sizes=\"(max-width: 528px) 100vw, 528px\" alt=\"\" width=\"528\" height=\"183\"  \/><\/a>\t<\/figure>\n<\/article>\n\n\n<article class=\"post post-633 attachment type-attachment status-inherit hentry no-img description-off\">\n\n\t<figure class=\"rollover-project links-hovers-disabled\">\n\t<a href=\"https:\/\/www.industriverktyg.se\/wp-content\/uploads\/2017\/03\/7461-2000.png\" class=\"rollover rollover-zoom dt-pswp-item layzr-bg\" title=\"7461-2000\" data-dt-img-description=\"\"  data-large_image_width=\"529\" data-large_image_height = \"590\" ><img decoding=\"async\" class=\"preload-me lazy-load aspect\" src=\"data:image\/svg+xml,%3Csvg%20xmlns%3D&#39;http%3A%2F%2Fwww.w3.org%2F2000%2Fsvg&#39;%20viewBox%3D&#39;0%200%20188%20210&#39;%2F%3E\" data-src=\"https:\/\/www.industriverktyg.se\/wp-content\/uploads\/2017\/03\/7461-2000-188x210.png\" data-srcset=\"https:\/\/www.industriverktyg.se\/wp-content\/uploads\/2017\/03\/7461-2000-188x210.png 188w, https:\/\/www.industriverktyg.se\/wp-content\/uploads\/2017\/03\/7461-2000-376x420.png 376w\" loading=\"eager\" style=\"--ratio: 188 \/ 210\" sizes=\"(max-width: 188px) 100vw, 188px\" alt=\"\" width=\"188\" height=\"210\"  \/><\/a>\t<\/figure>\n<\/article>\n\n\n<article class=\"post post-634 attachment type-attachment status-inherit hentry no-img description-off\">\n\n\t<figure class=\"rollover-project links-hovers-disabled\">\n\t<a href=\"https:\/\/www.industriverktyg.se\/wp-content\/uploads\/2017\/03\/6905-83.png\" class=\"rollover rollover-zoom dt-pswp-item layzr-bg\" title=\"6905-83\" data-dt-img-description=\"\"  data-large_image_width=\"529\" data-large_image_height = \"268\" ><img decoding=\"async\" class=\"preload-me lazy-load aspect\" src=\"data:image\/svg+xml,%3Csvg%20xmlns%3D&#39;http%3A%2F%2Fwww.w3.org%2F2000%2Fsvg&#39;%20viewBox%3D&#39;0%200%20414%20210&#39;%2F%3E\" data-src=\"https:\/\/www.industriverktyg.se\/wp-content\/uploads\/2017\/03\/6905-83-414x210.png\" data-srcset=\"https:\/\/www.industriverktyg.se\/wp-content\/uploads\/2017\/03\/6905-83-414x210.png 414w, https:\/\/www.industriverktyg.se\/wp-content\/uploads\/2017\/03\/6905-83.png 528w\" loading=\"eager\" style=\"--ratio: 414 \/ 210\" sizes=\"(max-width: 414px) 100vw, 414px\" alt=\"\" width=\"414\" height=\"210\"  \/><\/a>\t<\/figure>\n<\/article>\n\n\n<article class=\"post post-635 attachment type-attachment status-inherit hentry no-img description-off\">\n\n\t<figure class=\"rollover-project links-hovers-disabled\">\n\t<a href=\"https:\/\/www.industriverktyg.se\/wp-content\/uploads\/2017\/03\/1116.png\" class=\"rollover rollover-zoom dt-pswp-item layzr-bg\" title=\"1116\" data-dt-img-description=\"\"  data-large_image_width=\"661\" data-large_image_height = \"373\" ><img decoding=\"async\" class=\"preload-me lazy-load aspect\" src=\"data:image\/svg+xml,%3Csvg%20xmlns%3D&#39;http%3A%2F%2Fwww.w3.org%2F2000%2Fsvg&#39;%20viewBox%3D&#39;0%200%20372%20210&#39;%2F%3E\" data-src=\"https:\/\/www.industriverktyg.se\/wp-content\/uploads\/2017\/03\/1116-372x210.png\" data-srcset=\"https:\/\/www.industriverktyg.se\/wp-content\/uploads\/2017\/03\/1116-372x210.png 372w, https:\/\/www.industriverktyg.se\/wp-content\/uploads\/2017\/03\/1116.png 660w\" loading=\"eager\" style=\"--ratio: 372 \/ 210\" sizes=\"(max-width: 372px) 100vw, 372px\" alt=\"\" width=\"372\" height=\"210\"  \/><\/a>\t<\/figure>\n<\/article>\n\n<\/div>[\/vc_column][\/vc_row]<\/p>\n<\/section>","protected":false},"excerpt":{"rendered":"<p>[vc_row][vc_column][layerslider_vc id=&#8221;9&#8243;][\/vc_column][\/vc_row][vc_row][vc_column][vc_empty_space][\/vc_column][\/vc_row][vc_row][vc_column width=&#8221;1\/2&#8243;][vc_column_text] Tuotteet Omalla tavaramerkill\u00e4mme IDG-Tools\u00ae kehit\u00e4mme itse ja yhteisty\u00f6ss\u00e4 maailman johtavien valmistajien kanssa k\u00e4sity\u00f6kaluja, paineilma-, s\u00e4hk\u00f6- ja hydraulikoneita. Maahantuomme lis\u00e4ksi muita tunnettuja tavaramerkkej\u00e4, joista osaan meill\u00e4 on yksinoikeus Pohjoismaissa. Cebora: Hitsauslaitteet ja plasmaleikkurit www.cebora.it Hitachi: S\u00e4hk\u00f6koneet ja akkukoneet www.hitachi-powertools.se Knipex: Saksan markkinajohtaja pihtien valmistajana www.knipex.com Tarjoamme kattavan ja innovatiivisen tuotevalikoiman sek\u00e4 markkinoiden tehokkaimman&hellip;<\/p>\n","protected":false},"author":1,"featured_media":0,"parent":0,"menu_order":0,"comment_status":"closed","ping_status":"closed","template":"","meta":{"footnotes":""},"class_list":["post-146","page","type-page","status-publish","hentry","description-off"],"_links":{"self":[{"href":"https:\/\/www.industriverktyg.se\/fi\/wp-json\/wp\/v2\/pages\/146","targetHints":{"allow":["GET"]}}],"collection":[{"href":"https:\/\/www.industriverktyg.se\/fi\/wp-json\/wp\/v2\/pages"}],"about":[{"href":"https:\/\/www.industriverktyg.se\/fi\/wp-json\/wp\/v2\/types\/page"}],"author":[{"embeddable":true,"href":"https:\/\/www.industriverktyg.se\/fi\/wp-json\/wp\/v2\/users\/1"}],"replies":[{"embeddable":true,"href":"https:\/\/www.industriverktyg.se\/fi\/wp-json\/wp\/v2\/comments?post=146"}],"version-history":[{"count":23,"href":"https:\/\/www.industriverktyg.se\/fi\/wp-json\/wp\/v2\/pages\/146\/revisions"}],"predecessor-version":[{"id":1158,"href":"https:\/\/www.industriverktyg.se\/fi\/wp-json\/wp\/v2\/pages\/146\/revisions\/1158"}],"wp:attachment":[{"href":"https:\/\/www.industriverktyg.se\/fi\/wp-json\/wp\/v2\/media?parent=146"}],"curies":[{"name":"wp","href":"https:\/\/api.w.org\/{rel}","templated":true}]}}