{"id":1513,"date":"2023-11-15T07:18:06","date_gmt":"2023-11-15T07:18:06","guid":{"rendered":"https:\/\/www.industriverktyg.se\/?page_id=1513"},"modified":"2023-11-15T07:18:06","modified_gmt":"2023-11-15T07:18:06","slug":"visselblasning","status":"publish","type":"page","link":"https:\/\/www.industriverktyg.se\/fi\/visselblasning\/","title":{"rendered":"(Svenska) Visselbl\u00e5sning"},"content":{"rendered":"<p class=\"qtranxs-available-languages-message qtranxs-available-languages-message-fi\">T\u00e4m\u00e4 teksti on valitettavasti saatavilla vain kielill\u00e4: <a href=\"https:\/\/www.industriverktyg.se\/sv\/wp-json\/wp\/v2\/pages\/1513\" class=\"qtranxs-available-language-link qtranxs-available-language-link-sv\" title=\"Svenska\">Svenska<\/a>.<\/p>","protected":false},"excerpt":{"rendered":"<p>T\u00e4m\u00e4 teksti on valitettavasti saatavilla vain kielill\u00e4: Svenska.<\/p>\n","protected":false},"author":1,"featured_media":0,"parent":0,"menu_order":0,"comment_status":"closed","ping_status":"closed","template":"","meta":{"footnotes":""},"class_list":["post-1513","page","type-page","status-publish","hentry","description-off"],"_links":{"self":[{"href":"https:\/\/www.industriverktyg.se\/fi\/wp-json\/wp\/v2\/pages\/1513","targetHints":{"allow":["GET"]}}],"collection":[{"href":"https:\/\/www.industriverktyg.se\/fi\/wp-json\/wp\/v2\/pages"}],"about":[{"href":"https:\/\/www.industriverktyg.se\/fi\/wp-json\/wp\/v2\/types\/page"}],"author":[{"embeddable":true,"href":"https:\/\/www.industriverktyg.se\/fi\/wp-json\/wp\/v2\/users\/1"}],"replies":[{"embeddable":true,"href":"https:\/\/www.industriverktyg.se\/fi\/wp-json\/wp\/v2\/comments?post=1513"}],"version-history":[{"count":1,"href":"https:\/\/www.industriverktyg.se\/fi\/wp-json\/wp\/v2\/pages\/1513\/revisions"}],"predecessor-version":[{"id":1514,"href":"https:\/\/www.industriverktyg.se\/fi\/wp-json\/wp\/v2\/pages\/1513\/revisions\/1514"}],"wp:attachment":[{"href":"https:\/\/www.industriverktyg.se\/fi\/wp-json\/wp\/v2\/media?parent=1513"}],"curies":[{"name":"wp","href":"https:\/\/api.w.org\/{rel}","templated":true}]}}