{"id":173,"date":"2017-04-04T07:19:01","date_gmt":"2017-04-04T07:19:01","guid":{"rendered":"http:\/\/www.industriverktyg.se\/?page_id=173"},"modified":"2026-02-25T14:43:03","modified_gmt":"2026-02-25T14:43:03","slug":"hitta-saljare","status":"publish","type":"page","link":"https:\/\/www.industriverktyg.se\/fi\/hitta-saljare\/","title":{"rendered":"Etsi myyji\u00e4"},"content":{"rendered":"<section class=\"wpb-content-wrapper\"><p>[vc_row][vc_column][vc_column_text]<\/p>\n<h1>Etsi l\u00e4hin myyj\u00e4<\/h1>\n<p>[\/vc_column_text][\/vc_column][\/vc_row][vc_row][vc_column][vc_empty_space height=&#8221;10px&#8221;][\/vc_column][\/vc_row][vc_row][vc_column][vc_separator][\/vc_column][\/vc_row][vc_row][vc_column][vc_empty_space height=&#8221;10px&#8221;][\/vc_column][\/vc_row][vc_row][vc_column width=&#8221;1\/2&#8243;][vc_column_text]Katso karttaa ja etsi alueesi. Napsauta alla olevaa piiri\u00e4 yhteystiedot. Jos karttaa on vaikea l\u00f6yt\u00e4\u00e4, voit aina soittaa tukipalveluun.[\/vc_column_text][vc_tta_accordion style=&#8221;flat&#8221; shape=&#8221;square&#8221; color=&#8221;white&#8221; active_section=&#8221;50&#8243; no_fill=&#8221;true&#8221;][vc_tta_section title=&#8221;1. Norrbotten&#8221; tab_id=&#8221;1491289716794-44d3170d-225c&#8221;][vc_column_text]<\/p>\n<h3><img loading=\"lazy\" decoding=\"async\" class=\"alignnone size-full wp-image-2678\" src=\"http:\/\/www3.industriverktyg.se\/wp-content\/uploads\/2013\/11\/1.-PG-Pettersson-Norrbotten-070-375-71-80.jpg\" alt=\"1. PG Pettersson Norrbotten 070-375 71 80\" width=\"170\" height=\"255\" \/><\/h3>\n<h4><span style=\"font-size: 1em; font-weight: normal;\">P-G Petterson<\/span><\/h4>\n<p>Tel: 070-375 71 80 <a href=\"mailto: p-g.pettersson@industriverktyg.se\"><i class=\"wp-svg-envelop envelop\"><\/i><\/a>[\/vc_column_text][\/vc_tta_section][vc_tta_section title=&#8221;2. V\u00e4sterbotten&#8221; tab_id=&#8221;1491290554008-ffc22fde-3c19&#8243;][vc_column_text]<\/p>\n<h3><img loading=\"lazy\" decoding=\"async\" class=\"alignnone size-full wp-image-2678\" src=\"http:\/\/www.industriverktyg.se\/wp-content\/uploads\/2017\/01\/2.-Fredrik-Adolfsson-V\u00e4sterbotten-070-375-71-84.jpg\" alt=\"2. Fredrik Adolfsson V\u00e4sterbotten 070-375 71 84\" width=\"170\" height=\"255\" \/><\/h3>\n<h4><span style=\"font-size: 1em; font-weight: normal;\">Fredrik Adolfsson<\/span><\/h4>\n<p>Tel: 070-375 71 84 <a href=\"mailto: fredrik.adolfsson@industriverktyg.se\"><i class=\"wp-svg-envelop envelop\"><\/i><\/a>[\/vc_column_text][\/vc_tta_section][vc_tta_section title=&#8221;3. J\u00e4mtland&#8221; tab_id=&#8221;1491290619810-8898fc8a-3e62&#8243;][vc_column_text]F\u00f6r information kontakta kontoret p\u00e5 08-590 352 40.[\/vc_column_text][\/vc_tta_section][vc_tta_section title=&#8221;4. Sundsvall&#8221; tab_id=&#8221;1491290651790-e6e59a33-dfba&#8221;][vc_column_text]<\/p>\n<h4><img loading=\"lazy\" decoding=\"async\" class=\"alignnone size-full wp-image-2696\" src=\"http:\/\/www3.industriverktyg.se\/wp-content\/uploads\/2013\/11\/Fredrik-Pettersson-Foersaeljningschef.jpg\" alt=\"Fredrik Pettersson F\u00f6rs\u00e4ljningschef\" width=\"170\" height=\"255\" \/><\/h4>\n<h4>Fredrik Pettersson<\/h4>\n<p>Tel: 070-377 71 92 <a href=\"mailto: fredrik.pettersson@industriverktyg.se\"><i class=\"wp-svg-envelop envelop\"><\/i><\/a>[\/vc_column_text][\/vc_tta_section][vc_tta_section title=&#8221;5. H\u00e4lsingland&#8221; tab_id=&#8221;1491290654942-22998697-2593&#8243;][vc_column_text]<\/p>\n<h4><img loading=\"lazy\" decoding=\"async\" class=\"alignnone size-full wp-image-2706\" src=\"http:\/\/www3.industriverktyg.se\/wp-content\/uploads\/2013\/11\/9.-Janne-Fagerstr\u00f6m-Stockholm-Norr-070-375-83-88.jpg\" alt=\"9. Janne Fagerstr\u00f6m Stockholm Norr 070-375 83 88\" width=\"170\" height=\"255\" \/><\/h4>\n<h4>Janne Fagerstr\u00f6m<\/h4>\n<p>Tel: 070-375 83 88 <a href=\"mailto: janne.fagerstrom@industriverktyg.se\"><i class=\"wp-svg-envelop envelop\"><\/i><\/a>[\/vc_column_text][\/vc_tta_section][vc_tta_section title=&#8221;6. Norra Uppland&#8221; tab_id=&#8221;1491290747709-8ba18b43-9277&#8243;][vc_column_text]<\/p>\n<h4><img loading=\"lazy\" decoding=\"async\" class=\"alignnone size-full wp-image-2702\" src=\"http:\/\/www3.industriverktyg.se\/wp-content\/uploads\/2013\/11\/6.-Olle-Sagr\u00e9n-Norra-Uppland-070-375-74-19.jpg\" alt=\"6. Olle Sagr\u00e9nNorra Uppland070-375 74 19\" width=\"170\" height=\"255\" \/><\/h4>\n<h4>Olle Sagr\u00e9n<\/h4>\n<p>Tel: 070-375 74 19 <a href=\"mailto: olle.sagren@industriverktyg.se\"><i class=\"wp-svg-envelop envelop\"><\/i><\/a>[\/vc_column_text][\/vc_tta_section][vc_tta_section title=&#8221;7. N\u00e4rke&#8221; tab_id=&#8221;1491290791260-043e1ffd-cc95&#8243;][vc_column_text]<\/p>\n<h4><img loading=\"lazy\" decoding=\"async\" class=\"alignnone size-full wp-image-2702\" src=\"http:\/\/www.industriverktyg.se\/wp-content\/uploads\/2013\/11\/dummybild_170x200.jpg\" alt=\"7. Miklos Forsstr\u00f6m N\u00e4rke 070-375 71 79\" width=\"170\" height=\"255\" \/><\/h4>\n<h4>Miklos Forsstr\u00f6m<\/h4>\n<p>Tel: 070-375 71 79 <a href=\"mailto: miklos.forsstr\u00f6m@industriverktyg.se\"><i class=\"wp-svg-envelop envelop\"><\/i><\/a>[\/vc_column_text][\/vc_tta_section][vc_tta_section title=&#8221;8. S\u00f6dra Uppland&#8221; tab_id=&#8221;1491290840363-1aabd735-8bff&#8221;][vc_column_text]<\/p>\n<h4><img loading=\"lazy\" decoding=\"async\" class=\"alignnone size-full wp-image-2705\" src=\"http:\/\/www3.industriverktyg.se\/wp-content\/uploads\/2013\/11\/8.-Rikard-Widlund-S\u00f6dra-Uppland-070-375-71-95.jpg\" alt=\"8. Rikard WidlundS\u00f6dra Uppland070-375 71 95\" width=\"170\" height=\"255\" \/><\/h4>\n<h4>Richard Widlund<\/h4>\n<p>Tel: 070-375 71 95 <a href=\"mailto: richard.widlund@industriverktyg.se\"><i class=\"wp-svg-envelop envelop\"><\/i><\/a>[\/vc_column_text][\/vc_tta_section][vc_tta_section title=&#8221;9. Norra Stockholm&#8221; tab_id=&#8221;1491290897889-11f6a798-de6a&#8221;][vc_column_text]<\/p>\n<h4><img loading=\"lazy\" decoding=\"async\" class=\"alignnone size-full wp-image-2706\" src=\"http:\/\/www3.industriverktyg.se\/wp-content\/uploads\/2013\/11\/9.-Janne-Fagerstr\u00f6m-Stockholm-Norr-070-375-83-88.jpg\" alt=\"9. Janne Fagerstr\u00f6m Stockholm Norr 070-375 83 88\" width=\"170\" height=\"255\" \/><\/h4>\n<h4>Janne Fagerstr\u00f6m<\/h4>\n<p>Tel: 070-375 83 88 <a href=\"mailto: janne.fagerstrom@industriverktyg.se\"><i class=\"wp-svg-envelop envelop\"><\/i><\/a>[\/vc_column_text][\/vc_tta_section][vc_tta_section title=&#8221;10. S\u00f6dra Stockholm&#8221; tab_id=&#8221;1491290932123-eda8c841-a123&#8243;][vc_column_text]<\/p>\n<h4><img loading=\"lazy\" decoding=\"async\" class=\"alignnone size-full wp-image-2706\" src=\"http:\/\/www.industriverktyg.se\/wp-content\/uploads\/2015\/02\/10.-Andreas-Dahlberg-S\u00f6dra-Stockholm-070-377-71-82.jpg\" alt=\"Andreas-Dahlberg-S\u00f6dra-Stockholm-070-377-71-82\" width=\"170\" height=\"255\" \/><\/h4>\n<h4>Andreas Dahlberg<\/h4>\n<p>Tel: 070-377 71 82 <a href=\"mailto: andreas.dahlberg@industriverktyg.se\"><i class=\"wp-svg-envelop envelop\"><\/i><\/a>[\/vc_column_text][\/vc_tta_section][vc_tta_section title=&#8221;11. S\u00f6dermanland&#8221; tab_id=&#8221;1491291114874-3395b519-b622&#8243;][vc_column_text]<\/p>\n<h4><img loading=\"lazy\" decoding=\"async\" class=\"alignnone size-full wp-image-2707\" src=\"http:\/\/www3.industriverktyg.se\/wp-content\/uploads\/2013\/11\/11.-Fredrik-Br\u00e5dd-S\u00f6dermanland-070-377-71-91.jpg\" alt=\"11. Fredrik Br\u00e5dd S\u00f6dermanland 070-377 71 91\" width=\"170\" height=\"255\" \/><\/h4>\n<h4>Fredrik Br\u00e5dd<\/h4>\n<p>Tel: 070-377 71 91 <a href=\"mailto: fredrik.bradd@industriverktyg.se\"><i class=\"wp-svg-envelop envelop\"><\/i><\/a>[\/vc_column_text][\/vc_tta_section][vc_tta_section title=&#8221;12. Nyk\u00f6ping&#8221; tab_id=&#8221;1491291165844-8a84d4d7-169b&#8221;][vc_column_text]<\/p>\n<h4><img loading=\"lazy\" decoding=\"async\" class=\"alignnone size-full wp-image-2708\" src=\"http:\/\/www3.industriverktyg.se\/wp-content\/uploads\/2013\/11\/12.-Jan-Even-Andersen-S\u00e4ljledare-Nyk\u00f6ping-070-583-29-95.jpg\" alt=\"12. Jan-Even Andersen S\u00e4ljledare\/Nyk\u00f6ping 070-583 29 95\" width=\"170\" height=\"255\" \/><\/h4>\n<h4>Jan-Even Andersen<\/h4>\n<p>Tel: 070-583 29 95 <a href=\"mailto: jan-even.andersen@industriverktyg.se\"><i class=\"wp-svg-envelop envelop\"><\/i><\/a>[\/vc_column_text][\/vc_tta_section][vc_tta_section title=&#8221;13. \u00d6stra \u00d6sterg\u00f6tland&#8221; tab_id=&#8221;1491291260592-0f067029-4974&#8243;][vc_column_text]<\/p>\n<h4><img loading=\"lazy\" decoding=\"async\" class=\"alignnone size-full wp-image-2709\" src=\"http:\/\/www3.industriverktyg.se\/wp-content\/uploads\/2013\/11\/13.-Janne-Petersson-\u00d6stra-\u00d6sterg\u00f6tland-070-375-71-78.jpg\" alt=\"13. Janne Petersson \u00d6stra \u00d6sterg\u00f6tland 070-375 71 78\" width=\"170\" height=\"255\" \/><\/h4>\n<h4>Janne Petersson<\/h4>\n<p>Tel: 070-375 71 78 <a href=\"mailto: janne.petersson@industriverktyg.se\"><i class=\"wp-svg-envelop envelop\"><\/i><\/a>[\/vc_column_text][\/vc_tta_section][vc_tta_section title=&#8221;14. Norra \u00d6sterg\u00f6tland&#8221; tab_id=&#8221;1491291315093-65d03314-a40d&#8221;][vc_column_text]<\/p>\n<h4><img loading=\"lazy\" decoding=\"async\" class=\"alignnone size-full wp-image-2710\" src=\"http:\/\/www3.industriverktyg.se\/wp-content\/uploads\/2013\/11\/14.-Sven-Theorell-Norra-\u00d6sterg\u00f6tland-070-375-71-81.jpg\" alt=\"14. Sven TheorellNorra \u00d6sterg\u00f6tland070-375 71 81\" width=\"170\" height=\"255\" \/><\/h4>\n<h4>Sven Theorell<\/h4>\n<p>Tel: 070-375 71 81 <a href=\"mailto: sven.theorell@industriverktyg.se\"><i class=\"wp-svg-envelop envelop\"><\/i><\/a>[\/vc_column_text][\/vc_tta_section][vc_tta_section title=&#8221;15. S\u00f6dra \u00d6sterg\u00f6tland&#8221; tab_id=&#8221;1491291350874-12a18bbf-832a&#8221;][vc_column_text]<\/p>\n<h4><img loading=\"lazy\" decoding=\"async\" class=\"alignnone size-full wp-image-2711\" src=\"http:\/\/www.industriverktyg.se\/wp-content\/uploads\/2015\/02\/15.-Pierre-Brandtsson-S\u00f6dra-\u00d6sterg\u00f6tland-070-377-71-83.jpg\" alt=\"15. Pierre Brandtsson S\u00f6dra \u00d6sterg\u00f6tland 070-375 71 83\" width=\"170\" height=\"255\" \/><\/h4>\n<h4>Pierre Brandtsson<\/h4>\n<p>Tel: 070-377 71 83 <a href=\"mailto: pierre.brandtsson@industriverktyg.se\"><i class=\"wp-svg-envelop envelop\"><\/i><\/a>[\/vc_column_text][\/vc_tta_section][vc_tta_section title=&#8221;16. Norra Sm\u00e5land &amp; Gotland&#8221; tab_id=&#8221;1491291385423-6ed6a443-a8da&#8221;][vc_column_text]F\u00f6r information kontakta kontoret p\u00e5 08-590 352 40.[\/vc_column_text][\/vc_tta_section][vc_tta_section title=&#8221;17. Kalmar &amp; \u00d6land&#8221; tab_id=&#8221;1491291437940-9b1dac7c-729c&#8221;][vc_column_text]<\/p>\n<h4><img loading=\"lazy\" decoding=\"async\" class=\"alignnone size-full wp-image-2711\" src=\"http:\/\/www.industriverktyg.se\/wp-content\/uploads\/2013\/11\/17.-Jan-Pettersson-Kalmar-070-375-71-16.jpg\" alt=\"16. Jan Pettersson Kalmar och \u00d6land 070-375 71 16\" width=\"170\" height=\"255\" \/><\/h4>\n<h4>Jan Pettersson<\/h4>\n<p>Tel: 070-375 71 16 <a href=\"mailto: jan.pettersson@industriverktyg.se\"><i class=\"wp-svg-envelop envelop\"><\/i><\/a>[\/vc_column_text][\/vc_tta_section][vc_tta_section title=&#8221;18. J\u00f6nk\u00f6ping&#8221; tab_id=&#8221;1491291493563-1d7d4e2b-a834&#8243;][vc_column_text]F\u00f6r information kontakta kontoret p\u00e5 08-590 352 40.[\/vc_column_text][\/vc_tta_section][vc_tta_section title=&#8221;20. Blekinge&#8221; tab_id=&#8221;1491291517434-136d5ec0-f5a9&#8243;][vc_column_text]<\/p>\n<h4><img loading=\"lazy\" decoding=\"async\" class=\"alignnone size-full wp-image-2715\" src=\"http:\/\/www.industriverktyg.se\/wp-content\/uploads\/2013\/11\/20.-Sreten-Milakov-Blekinge-070-607-90-08.jpg\" alt=\"21. Mikael Arnesson Sk\u00e5ne \u00d6st-V\u00e4st 070-375 72 75\" width=\"170\" height=\"255\" \/><\/h4>\n<h4>Sreten Milakov<\/h4>\n<p>Tel: 070-607 90 08 <a href=\"mailto: sreten.milakov@industriverktyg.se\"><i class=\"wp-svg-envelop envelop\"><\/i><\/a>[\/vc_column_text][\/vc_tta_section][vc_tta_section title=&#8221;21. \u00d6stra + V\u00e4stra Sk\u00e5ne&#8221; tab_id=&#8221;1491291560487-06c9396e-928a&#8221;][vc_column_text]<\/p>\n<h4><img loading=\"lazy\" decoding=\"async\" class=\"alignnone size-full wp-image-2715\" src=\"http:\/\/www3.industriverktyg.se\/wp-content\/uploads\/2013\/11\/21.-Mikael-Arnesson-Sk\u00e5ne-\u00d6st-V\u00e4st-070-375-72-75.jpg\" alt=\"21. Mikael Arnesson Sk\u00e5ne \u00d6st-V\u00e4st 070-375 72 75\" width=\"170\" height=\"255\" \/><\/h4>\n<h4>Mikael Arnesson<\/h4>\n<p>Tel: 070-375 72 75 <a href=\"mailto: mikael.arnesson@industriverktyg.se\"><i class=\"wp-svg-envelop envelop\"><\/i><\/a>[\/vc_column_text][\/vc_tta_section][vc_tta_section title=&#8221;22. Sk\u00e5ne&#8221; tab_id=&#8221;1491291627025-8c5c4ba1-91f1&#8243;][vc_column_text]<\/p>\n<h4><img loading=\"lazy\" decoding=\"async\" class=\"alignnone size-full wp-image-2716\" src=\"http:\/\/www3.industriverktyg.se\/wp-content\/uploads\/2013\/11\/22.-Krister-Svensson-Sk\u00e5ne-070-652-48-85.jpg\" alt=\"22. Krister Svensson Sk\u00e5ne 070-652 48 85\" width=\"170\" height=\"255\" \/><\/h4>\n<h4>Krister Svensson<\/h4>\n<p>Tel: 070-652 48 85 <a href=\"mailto: krister.svensson@industriverktyg.se\"><i class=\"wp-svg-envelop envelop\"><\/i><\/a>[\/vc_column_text][\/vc_tta_section][vc_tta_section title=&#8221;23. Norra Sk\u00e5ne&#8221; tab_id=&#8221;1491291676189-7032f04b-079b&#8221;][vc_column_text]<\/p>\n<h4><img loading=\"lazy\" decoding=\"async\" class=\"alignnone size-full wp-image-2717\" src=\"http:\/\/www3.industriverktyg.se\/wp-content\/uploads\/2013\/11\/23.-Roger-Jonsson-Norra-Sk\u00e5ne-070-375-00-84.jpg\" alt=\"23. Roger Jonsson Norra Sk\u00e5ne 070-375 00 84\" width=\"170\" height=\"255\" \/><\/h4>\n<h4>Roger Jonsson<\/h4>\n<p>Tel: 070-375 00 84 <a href=\"mailto: roger.jonsson@industriverktyg.se\"><i class=\"wp-svg-envelop envelop\"><\/i><\/a>[\/vc_column_text][\/vc_tta_section][vc_tta_section title=&#8221;24. Halland&#8221; tab_id=&#8221;1491291712850-860ae9e1-81d5&#8243;][vc_column_text]<\/p>\n<h4><img loading=\"lazy\" decoding=\"async\" class=\"alignnone size-full wp-image-2717\" src=\"http:\/\/www.industriverktyg.se\/wp-content\/uploads\/2013\/11\/24.-Mikael-Troedsson-Halland-070-375-00-46.jpg\" alt=\"\" width=\"170\" height=\"255\" \/><\/h4>\n<h4>Mikael Throedsson<\/h4>\n<p>Tel: 070-375 00 46 <a href=\"mailto: mikael.throedsson@industriverktyg.se\"><i class=\"wp-svg-envelop envelop\"><\/i><\/a>[\/vc_column_text][\/vc_tta_section][vc_tta_section title=&#8221;25. S\u00f6dra G\u00f6teborg&#8221; tab_id=&#8221;1491291735661-d3b336a1-0040&#8243;][vc_column_text]<\/p>\n<h4><img loading=\"lazy\" decoding=\"async\" class=\"alignnone size-full wp-image-2719\" src=\"http:\/\/www3.industriverktyg.se\/wp-content\/uploads\/2013\/11\/25.-Henrik-Nellis-S\u00f6dra-G\u00f6teborg-070-372-96-20.jpg\" alt=\"25. Henrik Nellis S\u00f6dra G\u00f6teborg 070-372 96 20\" width=\"170\" height=\"255\" \/><\/h4>\n<h4>Henrik Nellis<\/h4>\n<p>Tel: 070-372 96 20 <a href=\"mailto: henrik.nellis@industriverktyg.se\"><i class=\"wp-svg-envelop envelop\"><\/i><\/a>[\/vc_column_text][\/vc_tta_section][vc_tta_section title=&#8221;26. Norra G\u00f6teborg&#8221; tab_id=&#8221;1491291772298-075eecd3-2fd4&#8243;][vc_column_text]<\/p>\n<h4><img loading=\"lazy\" decoding=\"async\" class=\"alignnone size-full wp-image-2720\" src=\"http:\/\/www3.industriverktyg.se\/wp-content\/uploads\/2013\/11\/26.-Peter-Frantzich-Norra-G\u00f6teborg-070-373-21-10.jpg\" alt=\"26. Peter Frantzich Norra G\u00f6teborg 070-373 21 10\" width=\"170\" height=\"255\" \/><\/h4>\n<h4>Peter Frantzich<\/h4>\n<p>Tel: 070-373 21 10 <a href=\"mailto: peter.f@industriverktyg.se\"><i class=\"wp-svg-envelop envelop\"><\/i><\/a>[\/vc_column_text][\/vc_tta_section][vc_tta_section title=&#8221;27. V\u00e4sterg\u00f6tland&#8221; tab_id=&#8221;1491291820181-b950f9f3-e90c&#8221;][vc_column_text]F\u00f6r information kontakta kontoret p\u00e5 08-590 352 40.[\/vc_column_text][\/vc_tta_section][vc_tta_section title=&#8221;28. Dalsland&#8221; tab_id=&#8221;1491291849288-da43c2c3-fdb7&#8243;][vc_column_text]<\/p>\n<h4><img loading=\"lazy\" decoding=\"async\" class=\"alignnone size-full wp-image-2711\" src=\"http:\/\/www.industriverktyg.se\/wp-content\/uploads\/2013\/11\/28.-Anders-Hurtig-Dalsland-070-375-71-15.jpg\" alt=\"28. Anders Hurtig Dalsland 070-375 71 15\" width=\"170\" height=\"255\" \/><\/h4>\n<h4>Anders Hurtig<\/h4>\n<p>Tel: 070-375 71 15 <a href=\"mailto: anders.hurtig@industriverktyg.se\"><i class=\"wp-svg-envelop envelop\"><\/i><\/a>[\/vc_column_text][\/vc_tta_section][vc_tta_section title=&#8221;29. Skaraborg&#8221; tab_id=&#8221;1491291885898-36e2b60e-cdde&#8221;][vc_column_text]<\/p>\n<h4><img loading=\"lazy\" decoding=\"async\" class=\"alignnone size-full wp-image-2717\" src=\"http:\/\/www.industriverktyg.se\/wp-content\/uploads\/2013\/11\/29.-Bo-Winberg-Skaraborg-070-371-60-42.jpg\" alt=\"\" width=\"170\" height=\"255\" \/><\/h4>\n<h4>Bo Winberg<\/h4>\n<p>Tel: 070-371 60 42 <a href=\"mailto: bo.winberg@industriverktyg.se\"><i class=\"wp-svg-envelop envelop\"><\/i><\/a>[\/vc_column_text][\/vc_tta_section][vc_tta_section title=&#8221;30. V\u00e4stra V\u00e4stmanland&#8221; tab_id=&#8221;1491291922405-6ab32205-fe6f&#8221;][vc_column_text]<\/p>\n<h4><img loading=\"lazy\" decoding=\"async\" class=\"alignnone size-full wp-image-2724\" src=\"http:\/\/www3.industriverktyg.se\/wp-content\/uploads\/2013\/11\/30.-Andreas-Schochow-V\u00e4stra-V\u00e4stmanland-070-375-89-51.jpg\" alt=\"30. Andreas Schochow V\u00e4stra V\u00e4stmanland 070-375 89 51\" width=\"170\" height=\"255\" \/><\/h4>\n<h4>Andreas Schochow<\/h4>\n<p>Tel: 070-375 89 51 <a href=\"mailto: andreas.schochow@industriverktyg.se\"><i class=\"wp-svg-envelop envelop\"><\/i><\/a>[\/vc_column_text][\/vc_tta_section][vc_tta_section title=&#8221;31. V\u00e4rmland&#8221; tab_id=&#8221;1491291963627-792a7e32-0ea9&#8243;][vc_column_text]<\/p>\n<h4><img loading=\"lazy\" decoding=\"async\" class=\"alignnone size-full wp-image-2725\" src=\"http:\/\/www3.industriverktyg.se\/wp-content\/uploads\/2013\/11\/31.-Arne-J\u00f6nsson-V\u00e4rmland-070-326-45-55.jpg\" alt=\"31. Arne J\u00f6nssonV\u00e4rmland070-326 45 55\" width=\"170\" height=\"255\" \/><\/h4>\n<h4>Arne J\u00f6nsson<\/h4>\n<p>Tel: 070-326 45 55 <a href=\"mailto: arne.jonsson@industriverktyg.se\"><i class=\"wp-svg-envelop envelop\"><\/i><\/a>[\/vc_column_text][\/vc_tta_section][vc_tta_section title=&#8221;32. Dalarna&#8221; tab_id=&#8221;1491291994030-84904c81-7ec8&#8243;][vc_column_text]<\/p>\n<h4><img loading=\"lazy\" decoding=\"async\" class=\"alignnone size-full wp-image-2726\" src=\"http:\/\/www3.industriverktyg.se\/wp-content\/uploads\/2013\/11\/32.-Stefan-Edwall-Dalarna-070-377-72-17.jpg\" alt=\"32. Stefan EdwallDalarna070-377 72 17\" width=\"170\" height=\"255\" \/><\/h4>\n<h4>Stefan Edwall<\/h4>\n<p>Tel: 070-377 72 17 <a href=\"mailto: stefan.edwall@industriverktyg.se\"><i class=\"wp-svg-envelop envelop\"><\/i><\/a>[\/vc_column_text][\/vc_tta_section][\/vc_tta_accordion][\/vc_column][vc_column width=&#8221;1\/2&#8243;][vc_single_image image=&#8221;325&#8243; img_size=&#8221;large&#8221; css_animation=&#8221;fadeIn&#8221;][\/vc_column][\/vc_row]<\/p>\n<\/section>","protected":false},"excerpt":{"rendered":"<p>[vc_row][vc_column][vc_column_text] Etsi l\u00e4hin myyj\u00e4 [\/vc_column_text][\/vc_column][\/vc_row][vc_row][vc_column][vc_empty_space height=&#8221;10px&#8221;][\/vc_column][\/vc_row][vc_row][vc_column][vc_separator][\/vc_column][\/vc_row][vc_row][vc_column][vc_empty_space height=&#8221;10px&#8221;][\/vc_column][\/vc_row][vc_row][vc_column width=&#8221;1\/2&#8243;][vc_column_text]Katso karttaa ja etsi alueesi. Napsauta alla olevaa piiri\u00e4 yhteystiedot. Jos karttaa on vaikea l\u00f6yt\u00e4\u00e4, voit aina soittaa tukipalveluun.[\/vc_column_text][vc_tta_accordion style=&#8221;flat&#8221; shape=&#8221;square&#8221; color=&#8221;white&#8221; active_section=&#8221;50&#8243; no_fill=&#8221;true&#8221;][vc_tta_section title=&#8221;1. Norrbotten&#8221; tab_id=&#8221;1491289716794-44d3170d-225c&#8221;][vc_column_text] P-G Petterson Tel: 070-375 71 80 [\/vc_column_text][\/vc_tta_section][vc_tta_section title=&#8221;2. V\u00e4sterbotten&#8221; tab_id=&#8221;1491290554008-ffc22fde-3c19&#8243;][vc_column_text] Fredrik Adolfsson Tel: 070-375 71 84 [\/vc_column_text][\/vc_tta_section][vc_tta_section title=&#8221;3. J\u00e4mtland&#8221; tab_id=&#8221;1491290619810-8898fc8a-3e62&#8243;][vc_column_text]F\u00f6r information&hellip;<\/p>\n","protected":false},"author":1,"featured_media":0,"parent":0,"menu_order":0,"comment_status":"closed","ping_status":"closed","template":"","meta":{"footnotes":""},"class_list":["post-173","page","type-page","status-publish","hentry","description-off"],"_links":{"self":[{"href":"https:\/\/www.industriverktyg.se\/fi\/wp-json\/wp\/v2\/pages\/173","targetHints":{"allow":["GET"]}}],"collection":[{"href":"https:\/\/www.industriverktyg.se\/fi\/wp-json\/wp\/v2\/pages"}],"about":[{"href":"https:\/\/www.industriverktyg.se\/fi\/wp-json\/wp\/v2\/types\/page"}],"author":[{"embeddable":true,"href":"https:\/\/www.industriverktyg.se\/fi\/wp-json\/wp\/v2\/users\/1"}],"replies":[{"embeddable":true,"href":"https:\/\/www.industriverktyg.se\/fi\/wp-json\/wp\/v2\/comments?post=173"}],"version-history":[{"count":269,"href":"https:\/\/www.industriverktyg.se\/fi\/wp-json\/wp\/v2\/pages\/173\/revisions"}],"predecessor-version":[{"id":1800,"href":"https:\/\/www.industriverktyg.se\/fi\/wp-json\/wp\/v2\/pages\/173\/revisions\/1800"}],"wp:attachment":[{"href":"https:\/\/www.industriverktyg.se\/fi\/wp-json\/wp\/v2\/media?parent=173"}],"curies":[{"name":"wp","href":"https:\/\/api.w.org\/{rel}","templated":true}]}}