{"id":186,"date":"2017-04-04T09:08:44","date_gmt":"2017-04-04T09:08:44","guid":{"rendered":"http:\/\/www.industriverktyg.se\/?page_id=186"},"modified":"2020-05-06T10:16:44","modified_gmt":"2020-05-06T10:16:44","slug":"kontakta-oss","status":"publish","type":"page","link":"https:\/\/www.industriverktyg.se\/fi\/kontakta-oss\/","title":{"rendered":"Ota yhteytt\u00e4"},"content":{"rendered":"<section class=\"wpb-content-wrapper\"><p>[vc_row][vc_column width=&#8221;1\/2&#8243;][vc_column_text]<\/p>\n<h1>Ota yhteytt\u00e4!<\/h1>\n<p>Haluatko lis\u00e4tietoja Industrial Toolsista, tuotteistamme tai apua l\u00e4himm\u00e4n myyj\u00e4n l\u00f6yt\u00e4misess\u00e4? Sitten voit ottaa yhteytt\u00e4 meihin. K\u00e4yt\u00e4 alla olevaa lomaketta tai k\u00e4yt\u00e4 alla olevia yhteystietoja:<\/p>\n<p><strong>Suomen Teollisuusty\u00f6kalut Oy Ab<\/strong><br \/>\nHallimestarinkatu 21<br \/>\n20780 KAARINA<\/p>\n<p>Puh: 0207 30 3000<br \/>\n(Kiinte\u00e4 verkko: 8,35 snt\/puh+16,69 snt\/min)<br \/>\n(Matkapuh: 8,35 snt\/puh+16,69 snt\/min)<br \/>\nFax: 0207 30 3009<br \/>\ninfo@teollisuustyokalut.fi[\/vc_column_text][\/vc_column][vc_column width=&#8221;1\/2&#8243;]\n<div class=\"wpcf7 no-js\" id=\"wpcf7-f330-o3\" lang=\"sv-SE\" dir=\"ltr\" data-wpcf7-id=\"330\">\n<div class=\"screen-reader-response\"><p role=\"status\" aria-live=\"polite\" aria-atomic=\"true\"><\/p> <ul><\/ul><\/div>\n<form action=\"\/fi\/wp-json\/wp\/v2\/pages\/186#wpcf7-f330-o3\" method=\"post\" class=\"wpcf7-form init\" aria-label=\"Kontaktformul\u00e4r\" novalidate=\"novalidate\" data-status=\"init\">\n<fieldset class=\"hidden-fields-container\"><input type=\"hidden\" name=\"_wpcf7\" value=\"330\" \/><input type=\"hidden\" name=\"_wpcf7_version\" value=\"6.1.5\" \/><input type=\"hidden\" name=\"_wpcf7_locale\" value=\"sv_SE\" \/><input type=\"hidden\" name=\"_wpcf7_unit_tag\" value=\"wpcf7-f330-o3\" \/><input type=\"hidden\" name=\"_wpcf7_container_post\" value=\"0\" \/><input type=\"hidden\" name=\"_wpcf7_posted_data_hash\" value=\"\" \/>\n<\/fieldset>\n<p><label> Sinun nimesi (pakollinen)<br \/>\n<span class=\"wpcf7-form-control-wrap\" data-name=\"your-name\"><input size=\"40\" maxlength=\"400\" class=\"wpcf7-form-control wpcf7-text wpcf7-validates-as-required\" aria-required=\"true\" aria-invalid=\"false\" value=\"\" type=\"text\" name=\"your-name\" \/><\/span> <\/label>\n<\/p>\n<p><label> S\u00e4hk\u00f6postisi (pakollinen)<br \/>\n<span class=\"wpcf7-form-control-wrap\" data-name=\"your-email\"><input size=\"40\" maxlength=\"400\" class=\"wpcf7-form-control wpcf7-email wpcf7-validates-as-required wpcf7-text wpcf7-validates-as-email\" aria-required=\"true\" aria-invalid=\"false\" value=\"\" type=\"email\" name=\"your-email\" \/><\/span> <\/label>\n<\/p>\n<p><label> Aihe<br \/>\n<span class=\"wpcf7-form-control-wrap\" data-name=\"your-subject\"><input size=\"40\" maxlength=\"400\" class=\"wpcf7-form-control wpcf7-text\" aria-invalid=\"false\" value=\"\" type=\"text\" name=\"your-subject\" \/><\/span> <\/label>\n<\/p>\n<p><label> Sinun viestisi<br \/>\n<span class=\"wpcf7-form-control-wrap\" data-name=\"your-message\"><textarea cols=\"40\" rows=\"10\" maxlength=\"2000\" class=\"wpcf7-form-control wpcf7-textarea\" aria-invalid=\"false\" name=\"your-message\"><\/textarea><\/span> <\/label>\n<\/p>\n<p><input class=\"wpcf7-form-control wpcf7-submit has-spinner\" type=\"submit\" value=\"L\u00e4hett\u00e4\u00e4\" \/>\n<\/p><div class=\"wpcf7-response-output\" aria-hidden=\"true\"><\/div>\n<\/form>\n<\/div>\n[\/vc_column][\/vc_row]<\/p>\n<\/section>","protected":false},"excerpt":{"rendered":"<p>[vc_row][vc_column width=&#8221;1\/2&#8243;][vc_column_text] Ota yhteytt\u00e4! Haluatko lis\u00e4tietoja Industrial Toolsista, tuotteistamme tai apua l\u00e4himm\u00e4n myyj\u00e4n l\u00f6yt\u00e4misess\u00e4? Sitten voit ottaa yhteytt\u00e4 meihin. K\u00e4yt\u00e4 alla olevaa lomaketta tai k\u00e4yt\u00e4 alla olevia yhteystietoja: Suomen Teollisuusty\u00f6kalut Oy Ab Hallimestarinkatu 21 20780 KAARINA Puh: 0207 30 3000 (Kiinte\u00e4 verkko: 8,35 snt\/puh+16,69 snt\/min) (Matkapuh: 8,35 snt\/puh+16,69 snt\/min) Fax: 0207 30 3009 info@teollisuustyokalut.fi[\/vc_column_text][\/vc_column][vc_column width=&#8221;1\/2&#8243;][\/vc_column][\/vc_row]<\/p>\n","protected":false},"author":1,"featured_media":0,"parent":0,"menu_order":0,"comment_status":"closed","ping_status":"closed","template":"","meta":{"footnotes":""},"class_list":["post-186","page","type-page","status-publish","hentry","description-off"],"_links":{"self":[{"href":"https:\/\/www.industriverktyg.se\/fi\/wp-json\/wp\/v2\/pages\/186","targetHints":{"allow":["GET"]}}],"collection":[{"href":"https:\/\/www.industriverktyg.se\/fi\/wp-json\/wp\/v2\/pages"}],"about":[{"href":"https:\/\/www.industriverktyg.se\/fi\/wp-json\/wp\/v2\/types\/page"}],"author":[{"embeddable":true,"href":"https:\/\/www.industriverktyg.se\/fi\/wp-json\/wp\/v2\/users\/1"}],"replies":[{"embeddable":true,"href":"https:\/\/www.industriverktyg.se\/fi\/wp-json\/wp\/v2\/comments?post=186"}],"version-history":[{"count":8,"href":"https:\/\/www.industriverktyg.se\/fi\/wp-json\/wp\/v2\/pages\/186\/revisions"}],"predecessor-version":[{"id":818,"href":"https:\/\/www.industriverktyg.se\/fi\/wp-json\/wp\/v2\/pages\/186\/revisions\/818"}],"wp:attachment":[{"href":"https:\/\/www.industriverktyg.se\/fi\/wp-json\/wp\/v2\/media?parent=186"}],"curies":[{"name":"wp","href":"https:\/\/api.w.org\/{rel}","templated":true}]}}