{"id":245,"date":"2017-10-20T09:04:38","date_gmt":"2017-10-20T09:04:38","guid":{"rendered":"http:\/\/www.industriverktyg.se\/?page_id=245"},"modified":"2025-06-12T09:10:38","modified_gmt":"2025-06-12T09:10:38","slug":"container","status":"publish","type":"page","link":"https:\/\/www.industriverktyg.se\/fi\/container\/","title":{"rendered":"Container"},"content":{"rendered":"<section class=\"wpb-content-wrapper\"><p>[vc_row margin_top=&#8221;0&#8243; margin_bottom=&#8221;0&#8243;][vc_column animation=&#8221;&#8221;][vc_column_text]<\/p>\n<h1>Container<\/h1>\n<p>[\/vc_column_text][\/vc_column][\/vc_row][vc_row margin_top=&#8221;0&#8243; margin_bottom=&#8221;0&#8243;][vc_column animation=&#8221;&#8221;][vc_video link=&#8221;https:\/\/www.youtube.com\/watch?v=BLMBFnQvsAA&#8221;][\/vc_column][\/vc_row][vc_row margin_top=&#8221;0&#8243; margin_bottom=&#8221;0&#8243;][vc_column animation=&#8221;&#8221;][vc_empty_space][\/vc_column][\/vc_row][vc_row margin_top=&#8221;0&#8243; margin_bottom=&#8221;0&#8243;][vc_column animation=&#8221;&#8221;][vc_column_text]T\u00e4\u00e4lt\u00e4 n\u00e4yt\u00e4mme tuntilomakkeen, kun rakennamme asiakkaalle t\u00e4ydellisen ty\u00f6kalus\u00e4ili\u00f6n. S\u00e4ili\u00f6\u00f6n kuuluu eristetyt sis\u00e4sein\u00e4t, s\u00e4hk\u00f6, valaistus ja ilmansiirto, ja sein\u00e4t on maalattu valkoiseksi valoisaan ja miellytt\u00e4v\u00e4\u00e4n ty\u00f6ymp\u00e4rist\u00f6\u00f6n. Ota yhteytt\u00e4 l\u00e4himp\u00e4\u00e4n edustajaasi, jos olet kiinnostunut tiet\u00e4m\u00e4\u00e4n enemm\u00e4n kontteistamme.<\/p>\n<p>L\u00f6yd\u00e4 l\u00e4hin myyj\u00e4si <a href=\"http:\/\/www.industriverktyg.se\/hitta-saljare\/\">t\u00e4st\u00e4.<\/a><\/p>\n<p>[\/vc_column_text][\/vc_column][\/vc_row]<\/p>\n<\/section>","protected":false},"excerpt":{"rendered":"<p>[vc_row margin_top=&#8221;0&#8243; margin_bottom=&#8221;0&#8243;][vc_column animation=&#8221;&#8221;][vc_column_text] Container [\/vc_column_text][\/vc_column][\/vc_row][vc_row margin_top=&#8221;0&#8243; margin_bottom=&#8221;0&#8243;][vc_column animation=&#8221;&#8221;][vc_video link=&#8221;https:\/\/www.youtube.com\/watch?v=BLMBFnQvsAA&#8221;][\/vc_column][\/vc_row][vc_row margin_top=&#8221;0&#8243; margin_bottom=&#8221;0&#8243;][vc_column animation=&#8221;&#8221;][vc_empty_space][\/vc_column][\/vc_row][vc_row margin_top=&#8221;0&#8243; margin_bottom=&#8221;0&#8243;][vc_column animation=&#8221;&#8221;][vc_column_text]T\u00e4\u00e4lt\u00e4 n\u00e4yt\u00e4mme tuntilomakkeen, kun rakennamme asiakkaalle t\u00e4ydellisen ty\u00f6kalus\u00e4ili\u00f6n. S\u00e4ili\u00f6\u00f6n kuuluu eristetyt sis\u00e4sein\u00e4t, s\u00e4hk\u00f6, valaistus ja ilmansiirto, ja sein\u00e4t on maalattu valkoiseksi valoisaan ja miellytt\u00e4v\u00e4\u00e4n ty\u00f6ymp\u00e4rist\u00f6\u00f6n. Ota yhteytt\u00e4 l\u00e4himp\u00e4\u00e4n edustajaasi, jos olet kiinnostunut tiet\u00e4m\u00e4\u00e4n enemm\u00e4n kontteistamme. L\u00f6yd\u00e4 l\u00e4hin myyj\u00e4si t\u00e4st\u00e4. [\/vc_column_text][\/vc_column][\/vc_row]<\/p>\n","protected":false},"author":1,"featured_media":0,"parent":0,"menu_order":0,"comment_status":"closed","ping_status":"closed","template":"","meta":{"footnotes":""},"class_list":["post-245","page","type-page","status-publish","hentry","description-off"],"_links":{"self":[{"href":"https:\/\/www.industriverktyg.se\/fi\/wp-json\/wp\/v2\/pages\/245","targetHints":{"allow":["GET"]}}],"collection":[{"href":"https:\/\/www.industriverktyg.se\/fi\/wp-json\/wp\/v2\/pages"}],"about":[{"href":"https:\/\/www.industriverktyg.se\/fi\/wp-json\/wp\/v2\/types\/page"}],"author":[{"embeddable":true,"href":"https:\/\/www.industriverktyg.se\/fi\/wp-json\/wp\/v2\/users\/1"}],"replies":[{"embeddable":true,"href":"https:\/\/www.industriverktyg.se\/fi\/wp-json\/wp\/v2\/comments?post=245"}],"version-history":[{"count":15,"href":"https:\/\/www.industriverktyg.se\/fi\/wp-json\/wp\/v2\/pages\/245\/revisions"}],"predecessor-version":[{"id":1685,"href":"https:\/\/www.industriverktyg.se\/fi\/wp-json\/wp\/v2\/pages\/245\/revisions\/1685"}],"wp:attachment":[{"href":"https:\/\/www.industriverktyg.se\/fi\/wp-json\/wp\/v2\/media?parent=245"}],"curies":[{"name":"wp","href":"https:\/\/api.w.org\/{rel}","templated":true}]}}