{"id":43,"date":"2017-03-29T06:44:59","date_gmt":"2017-03-29T06:44:59","guid":{"rendered":"http:\/\/www.industriverktyg.se\/?page_id=43"},"modified":"2021-12-29T07:15:29","modified_gmt":"2021-12-29T07:15:29","slug":"industriverktoy-idg-tools","status":"publish","type":"page","link":"https:\/\/www.industriverktyg.se\/fi\/","title":{"rendered":"Etusivu"},"content":{"rendered":"<section class=\"wpb-content-wrapper\"><p>[vc_row][vc_column][layerslider_vc id=&#8221;5&#8243;][\/vc_column][\/vc_row][vc_row][vc_column][vc_empty_space][\/vc_column][\/vc_row][vc_row][vc_column width=&#8221;1\/2&#8243;][vc_column_text]<\/p>\n<h1>TY\u00d6KALUAUTO TULEE LUOKSESI<\/h1>\n<p>Kuulostaa helpolta, ja niin se onkin. IDG-Tools esittelyauto vierailee luonasi, eik\u00e4 sinun tarvitse tuhlata aikaasi kaupoissa kiert\u00e4miseen. Tuotteet toimitetaan nopeasti haluamaasi osoitteeseen.[\/vc_column_text][\/vc_column][vc_column width=&#8221;1\/2&#8243;]<section id=\"benefits-grid-3\" class=\"benefits-grid wf-container icons-bg light-bg light-hover-bg light-icon-color light-icon-hover-color\" data-width=\"180px\" data-columns=\"3\"><style type=\"text\/css\">#benefits-grid-3.icons-bg .benefits-grid-ico { height: 70px; line-height: 70px; width: 70px; }#benefits-grid-3.icons-bg .benefits-grid-ico > i { font-size: 36px; line-height: 70px; }<\/style><div class=\"wf-cell\"><div><div class=\"text-big\"><div class=\"benefit-line-decoration\"><h5>YouTube<\/h5><\/div><p style=\"font-size: 70px; text-align: center;\"><span style=\"color: #d60606;\"><i class=\"wp-svg-youtube youtube\"><\/i><\/span><\/p>\n<p>Vieraile vapaasti YouTube-kanavallamme inspiroivan sis\u00e4ll\u00f6n avulla.<\/p>\n<p><a href=\"https:\/\/www.youtube.com\/channel\/UC7Ym0XPf-67QiTSjkzM440w\" target=\"_blank\" rel=\"noopener noreferrer\">Ett\u00e4 kanava -&gt;&gt;<\/a><\/p>\n<\/div><\/div><\/div><div class=\"wf-cell\"><div><div class=\"text-big\"><div class=\"benefit-line-decoration\"><h5>Edustajat<\/h5><\/div><p style=\"font-size: 70px; text-align: center;\"><span style=\"color: #d60606;\"><i class=\"wp-svg-earth earth\"><\/i><\/span><\/p>\n<p>T\u00e4\u00e4lt\u00e4 l\u00f6yd\u00e4t oman edustajasi yhteystiedot.<\/p>\n<p><a href=\"http:\/\/www.industriverktyg.se\/hitta-saljare\/\">Lue lis\u00e4\u00e4 &gt;&gt;<\/a><\/p>\n<p>&nbsp;<\/p>\n<\/div><\/div><\/div><div class=\"wf-cell\"><div><div class=\"text-big\"><div class=\"benefit-line-decoration\"><h5>Tuotteet<\/h5><\/div><p style=\"font-size: 70px; text-align: center;\"><span style=\"color: #d60606;\"><i class=\"wp-svg-wrench wrench\"><\/i><\/span><\/p>\n<p>Kattava tuotevalikoimamme sis\u00e4lt\u00e4\u00e4 monipuolisesti erilaisia ty\u00f6kaluja.<\/p>\n<p><a href=\"http:\/\/www.industriverktyg.se\/vara-produkter\/\">Lue lis\u00e4\u00e4 &gt;&gt;<\/a><\/p>\n<p>&nbsp;<\/p>\n<\/div><\/div><\/div><\/section>[\/vc_column][\/vc_row]<\/p>\n<\/section>","protected":false},"excerpt":{"rendered":"<p>[vc_row][vc_column][layerslider_vc id=&#8221;5&#8243;][\/vc_column][\/vc_row][vc_row][vc_column][vc_empty_space][\/vc_column][\/vc_row][vc_row][vc_column width=&#8221;1\/2&#8243;][vc_column_text] TY\u00d6KALUAUTO TULEE LUOKSESI Kuulostaa helpolta, ja niin se onkin. IDG-Tools esittelyauto vierailee luonasi, eik\u00e4 sinun tarvitse tuhlata aikaasi kaupoissa kiert\u00e4miseen. Tuotteet toimitetaan nopeasti haluamaasi osoitteeseen.[\/vc_column_text][\/vc_column][vc_column width=&#8221;1\/2&#8243;][\/vc_column][\/vc_row]<\/p>\n","protected":false},"author":1,"featured_media":0,"parent":0,"menu_order":0,"comment_status":"closed","ping_status":"closed","template":"","meta":{"footnotes":""},"class_list":["post-43","page","type-page","status-publish","hentry","description-off"],"_links":{"self":[{"href":"https:\/\/www.industriverktyg.se\/fi\/wp-json\/wp\/v2\/pages\/43","targetHints":{"allow":["GET"]}}],"collection":[{"href":"https:\/\/www.industriverktyg.se\/fi\/wp-json\/wp\/v2\/pages"}],"about":[{"href":"https:\/\/www.industriverktyg.se\/fi\/wp-json\/wp\/v2\/types\/page"}],"author":[{"embeddable":true,"href":"https:\/\/www.industriverktyg.se\/fi\/wp-json\/wp\/v2\/users\/1"}],"replies":[{"embeddable":true,"href":"https:\/\/www.industriverktyg.se\/fi\/wp-json\/wp\/v2\/comments?post=43"}],"version-history":[{"count":27,"href":"https:\/\/www.industriverktyg.se\/fi\/wp-json\/wp\/v2\/pages\/43\/revisions"}],"predecessor-version":[{"id":1702,"href":"https:\/\/www.industriverktyg.se\/fi\/wp-json\/wp\/v2\/pages\/43\/revisions\/1702"}],"wp:attachment":[{"href":"https:\/\/www.industriverktyg.se\/fi\/wp-json\/wp\/v2\/media?parent=43"}],"curies":[{"name":"wp","href":"https:\/\/api.w.org\/{rel}","templated":true}]}}