{"id":602,"date":"2019-10-03T08:39:57","date_gmt":"2019-10-03T08:39:57","guid":{"rendered":"http:\/\/industriverktyg.se\/?page_id=602"},"modified":"2020-02-10T10:22:05","modified_gmt":"2020-02-10T10:22:05","slug":"6802-50","status":"publish","type":"page","link":"https:\/\/www.industriverktyg.se\/fi\/6802-50\/","title":{"rendered":"6802-50"},"content":{"rendered":"<p><img loading=\"lazy\" decoding=\"async\" class=\"aligncenter size-large wp-image-610\" src=\"http:\/\/industriverktyg.se\/wp-content\/uploads\/2019\/10\/6802-50_8-533x1024.jpg\" alt=\"\" width=\"533\" height=\"1024\" srcset=\"https:\/\/www.industriverktyg.se\/wp-content\/uploads\/2019\/10\/6802-50_8-533x1024.jpg 533w, https:\/\/www.industriverktyg.se\/wp-content\/uploads\/2019\/10\/6802-50_8-600x1153.jpg 600w, https:\/\/www.industriverktyg.se\/wp-content\/uploads\/2019\/10\/6802-50_8-156x300.jpg 156w, https:\/\/www.industriverktyg.se\/wp-content\/uploads\/2019\/10\/6802-50_8-768x1476.jpg 768w, https:\/\/www.industriverktyg.se\/wp-content\/uploads\/2019\/10\/6802-50_8.jpg 999w\" sizes=\"auto, (max-width: 533px) 100vw, 533px\" \/><br \/>\n<img loading=\"lazy\" decoding=\"async\" class=\"aligncenter size-large wp-image-603\" src=\"http:\/\/industriverktyg.se\/wp-content\/uploads\/2019\/10\/6802-50_1-683x1024.jpg\" alt=\"\" width=\"683\" height=\"1024\" srcset=\"https:\/\/www.industriverktyg.se\/wp-content\/uploads\/2019\/10\/6802-50_1-683x1024.jpg 683w, https:\/\/www.industriverktyg.se\/wp-content\/uploads\/2019\/10\/6802-50_1-600x900.jpg 600w, https:\/\/www.industriverktyg.se\/wp-content\/uploads\/2019\/10\/6802-50_1-200x300.jpg 200w, https:\/\/www.industriverktyg.se\/wp-content\/uploads\/2019\/10\/6802-50_1-768x1152.jpg 768w, https:\/\/www.industriverktyg.se\/wp-content\/uploads\/2019\/10\/6802-50_1.jpg 1280w\" sizes=\"auto, (max-width: 683px) 100vw, 683px\" \/><br \/>\n<img loading=\"lazy\" decoding=\"async\" class=\"aligncenter size-large wp-image-604\" src=\"http:\/\/industriverktyg.se\/wp-content\/uploads\/2019\/10\/6802-50_2-1024x683.jpg\" alt=\"\" width=\"1024\" height=\"683\" srcset=\"https:\/\/www.industriverktyg.se\/wp-content\/uploads\/2019\/10\/6802-50_2-1024x683.jpg 1024w, https:\/\/www.industriverktyg.se\/wp-content\/uploads\/2019\/10\/6802-50_2-600x400.jpg 600w, https:\/\/www.industriverktyg.se\/wp-content\/uploads\/2019\/10\/6802-50_2-300x200.jpg 300w, https:\/\/www.industriverktyg.se\/wp-content\/uploads\/2019\/10\/6802-50_2-768x512.jpg 768w, https:\/\/www.industriverktyg.se\/wp-content\/uploads\/2019\/10\/6802-50_2.jpg 1920w\" sizes=\"auto, (max-width: 1024px) 100vw, 1024px\" \/><br \/>\n<img loading=\"lazy\" decoding=\"async\" class=\"aligncenter size-large wp-image-605\" src=\"http:\/\/industriverktyg.se\/wp-content\/uploads\/2019\/10\/6802-50_3-683x1024.jpg\" alt=\"\" width=\"683\" height=\"1024\" srcset=\"https:\/\/www.industriverktyg.se\/wp-content\/uploads\/2019\/10\/6802-50_3-683x1024.jpg 683w, https:\/\/www.industriverktyg.se\/wp-content\/uploads\/2019\/10\/6802-50_3-600x900.jpg 600w, https:\/\/www.industriverktyg.se\/wp-content\/uploads\/2019\/10\/6802-50_3-200x300.jpg 200w, https:\/\/www.industriverktyg.se\/wp-content\/uploads\/2019\/10\/6802-50_3-768x1152.jpg 768w, https:\/\/www.industriverktyg.se\/wp-content\/uploads\/2019\/10\/6802-50_3.jpg 1280w\" sizes=\"auto, (max-width: 683px) 100vw, 683px\" \/><br \/>\n<img loading=\"lazy\" decoding=\"async\" class=\"aligncenter size-large wp-image-606\" src=\"http:\/\/industriverktyg.se\/wp-content\/uploads\/2019\/10\/6802-50_4-683x1024.jpg\" alt=\"\" width=\"683\" height=\"1024\" srcset=\"https:\/\/www.industriverktyg.se\/wp-content\/uploads\/2019\/10\/6802-50_4-683x1024.jpg 683w, https:\/\/www.industriverktyg.se\/wp-content\/uploads\/2019\/10\/6802-50_4-600x900.jpg 600w, https:\/\/www.industriverktyg.se\/wp-content\/uploads\/2019\/10\/6802-50_4-200x300.jpg 200w, https:\/\/www.industriverktyg.se\/wp-content\/uploads\/2019\/10\/6802-50_4-768x1152.jpg 768w, https:\/\/www.industriverktyg.se\/wp-content\/uploads\/2019\/10\/6802-50_4.jpg 1280w\" sizes=\"auto, (max-width: 683px) 100vw, 683px\" \/><br \/>\n<img loading=\"lazy\" decoding=\"async\" class=\"aligncenter size-large wp-image-607\" src=\"http:\/\/industriverktyg.se\/wp-content\/uploads\/2019\/10\/6802-50_5-1024x683.jpg\" alt=\"\" width=\"1024\" height=\"683\" srcset=\"https:\/\/www.industriverktyg.se\/wp-content\/uploads\/2019\/10\/6802-50_5-1024x683.jpg 1024w, https:\/\/www.industriverktyg.se\/wp-content\/uploads\/2019\/10\/6802-50_5-600x400.jpg 600w, https:\/\/www.industriverktyg.se\/wp-content\/uploads\/2019\/10\/6802-50_5-300x200.jpg 300w, https:\/\/www.industriverktyg.se\/wp-content\/uploads\/2019\/10\/6802-50_5-768x512.jpg 768w, https:\/\/www.industriverktyg.se\/wp-content\/uploads\/2019\/10\/6802-50_5.jpg 1920w\" sizes=\"auto, (max-width: 1024px) 100vw, 1024px\" \/><br \/>\n<img loading=\"lazy\" decoding=\"async\" class=\"aligncenter size-large wp-image-608\" src=\"http:\/\/industriverktyg.se\/wp-content\/uploads\/2019\/10\/6802-50_6-683x1024.jpg\" alt=\"\" width=\"683\" height=\"1024\" srcset=\"https:\/\/www.industriverktyg.se\/wp-content\/uploads\/2019\/10\/6802-50_6-683x1024.jpg 683w, https:\/\/www.industriverktyg.se\/wp-content\/uploads\/2019\/10\/6802-50_6-600x900.jpg 600w, https:\/\/www.industriverktyg.se\/wp-content\/uploads\/2019\/10\/6802-50_6-200x300.jpg 200w, https:\/\/www.industriverktyg.se\/wp-content\/uploads\/2019\/10\/6802-50_6-768x1152.jpg 768w, https:\/\/www.industriverktyg.se\/wp-content\/uploads\/2019\/10\/6802-50_6.jpg 1280w\" sizes=\"auto, (max-width: 683px) 100vw, 683px\" \/><br \/>\n<img class=\"alig\n<\/p>","protected":false},"excerpt":{"rendered":"<p>T\u00e4m\u00e4 teksti on valitettavasti saatavilla vain kielill\u00e4: Svenska.<\/p>\n","protected":false},"author":1,"featured_media":0,"parent":0,"menu_order":0,"comment_status":"closed","ping_status":"closed","template":"","meta":{"footnotes":""},"class_list":["post-602","page","type-page","status-publish","hentry","description-off"],"_links":{"self":[{"href":"https:\/\/www.industriverktyg.se\/fi\/wp-json\/wp\/v2\/pages\/602","targetHints":{"allow":["GET"]}}],"collection":[{"href":"https:\/\/www.industriverktyg.se\/fi\/wp-json\/wp\/v2\/pages"}],"about":[{"href":"https:\/\/www.industriverktyg.se\/fi\/wp-json\/wp\/v2\/types\/page"}],"author":[{"embeddable":true,"href":"https:\/\/www.industriverktyg.se\/fi\/wp-json\/wp\/v2\/users\/1"}],"replies":[{"embeddable":true,"href":"https:\/\/www.industriverktyg.se\/fi\/wp-json\/wp\/v2\/comments?post=602"}],"version-history":[{"count":2,"href":"https:\/\/www.industriverktyg.se\/fi\/wp-json\/wp\/v2\/pages\/602\/revisions"}],"predecessor-version":[{"id":730,"href":"https:\/\/www.industriverktyg.se\/fi\/wp-json\/wp\/v2\/pages\/602\/revisions\/730"}],"wp:attachment":[{"href":"https:\/\/www.industriverktyg.se\/fi\/wp-json\/wp\/v2\/media?parent=602"}],"curies":[{"name":"wp","href":"https:\/\/api.w.org\/{rel}","templated":true}]}}