{"id":987,"date":"2021-03-24T14:47:32","date_gmt":"2021-03-24T14:47:32","guid":{"rendered":"https:\/\/www.industriverktyg.se\/?page_id=987"},"modified":"2023-09-21T08:33:53","modified_gmt":"2023-09-21T08:33:53","slug":"produktkatalog","status":"publish","type":"page","link":"https:\/\/www.industriverktyg.se\/fi\/produktkatalog\/","title":{"rendered":"(Svenska) Produktkatalog"},"content":{"rendered":"<p class=\"qtranxs-available-languages-message qtranxs-available-languages-message-fi\">T\u00e4m\u00e4 teksti on valitettavasti saatavilla vain kielill\u00e4: <a href=\"https:\/\/www.industriverktyg.se\/sv\/wp-json\/wp\/v2\/pages\/987\" class=\"qtranxs-available-language-link qtranxs-available-language-link-sv\" title=\"Svenska\">Svenska<\/a> ja <a href=\"https:\/\/www.industriverktyg.se\/no\/wp-json\/wp\/v2\/pages\/987\" class=\"qtranxs-available-language-link qtranxs-available-language-link-no\" title=\"Norsk\">Norsk<\/a>.<\/p>","protected":false},"excerpt":{"rendered":"<p>T\u00e4m\u00e4 teksti on valitettavasti saatavilla vain kielill\u00e4: Svenska ja Norsk.<\/p>\n","protected":false},"author":1,"featured_media":0,"parent":0,"menu_order":0,"comment_status":"closed","ping_status":"closed","template":"","meta":{"footnotes":""},"class_list":["post-987","page","type-page","status-publish","hentry","description-off"],"_links":{"self":[{"href":"https:\/\/www.industriverktyg.se\/fi\/wp-json\/wp\/v2\/pages\/987","targetHints":{"allow":["GET"]}}],"collection":[{"href":"https:\/\/www.industriverktyg.se\/fi\/wp-json\/wp\/v2\/pages"}],"about":[{"href":"https:\/\/www.industriverktyg.se\/fi\/wp-json\/wp\/v2\/types\/page"}],"author":[{"embeddable":true,"href":"https:\/\/www.industriverktyg.se\/fi\/wp-json\/wp\/v2\/users\/1"}],"replies":[{"embeddable":true,"href":"https:\/\/www.industriverktyg.se\/fi\/wp-json\/wp\/v2\/comments?post=987"}],"version-history":[{"count":6,"href":"https:\/\/www.industriverktyg.se\/fi\/wp-json\/wp\/v2\/pages\/987\/revisions"}],"predecessor-version":[{"id":1503,"href":"https:\/\/www.industriverktyg.se\/fi\/wp-json\/wp\/v2\/pages\/987\/revisions\/1503"}],"wp:attachment":[{"href":"https:\/\/www.industriverktyg.se\/fi\/wp-json\/wp\/v2\/media?parent=987"}],"curies":[{"name":"wp","href":"https:\/\/api.w.org\/{rel}","templated":true}]}}