{"id":1054,"date":"2021-06-03T09:46:05","date_gmt":"2021-06-03T09:46:05","guid":{"rendered":"https:\/\/www.industriverktyg.se\/?page_id=1054"},"modified":"2021-06-20T01:42:57","modified_gmt":"2021-06-20T01:42:57","slug":"norsk-verkstedpresse","status":"publish","type":"page","link":"https:\/\/www.industriverktyg.se\/no\/norsk-verkstedpresse\/","title":{"rendered":"Verkstedpresse"},"content":{"rendered":"<section class=\"wpb-content-wrapper\"><p>[vc_row][vc_column][vc_column_text]<\/p>\n<h1>Verkstedpresse<\/h1>\n<p>[\/vc_column_text][\/vc_column][\/vc_row][vc_row][vc_column][vc_tta_accordion][vc_tta_section title=&#8221;Verkstedpresse 50 T Lufthydr. m fotpedal&#8221; tab_id=&#8221;1624152979453-e9a2f78b-c833&#8243;][vc_column_text]<img loading=\"lazy\" decoding=\"async\" class=\"size-medium wp-image-1076 alignleft\" src=\"https:\/\/www.industriverktyg.se\/wp-content\/uploads\/2021\/06\/Verkstedpresse-50-T-156x300.jpg\" alt=\"\" width=\"156\" height=\"300\" srcset=\"https:\/\/www.industriverktyg.se\/wp-content\/uploads\/2021\/06\/Verkstedpresse-50-T-156x300.jpg 156w, https:\/\/www.industriverktyg.se\/wp-content\/uploads\/2021\/06\/Verkstedpresse-50-T.jpg 450w\" sizes=\"auto, (max-width: 156px) 100vw, 156px\" \/>Utstyrt med trykkluftsdrevet fotpedal\u00a0og manuellt hev- og senkbart bord med sveiv. Kombinert manuell\/trykkluft.<br \/>\nIdeell for jobb som retting, b\u00f8ying, bretting,\u00a0pressing. Ogs\u00e5 for montering og demontering av kulelager, aksler etc. Kolben kan ogs\u00e5 flyttes 189 mm i sideleie (c\/c venstre\/h\u00f8yre). Manometer plassert beskyttet i \u00f8yenh\u00f8yde. Leveres med kombinerte V- og Planblokk, f\u00f8tter med hull for \u00e5 forankre i golv, flyttbarr kasse for oppbevaring av deler, oppsamling av olje etc. Presseverkt\u00f8y er tilleggsutstyr og f\u00f8lger ikke med.[\/vc_column_text][\/vc_tta_section][vc_tta_section title=&#8221;Verkstedpresse 30 tonn manuell&#8221; tab_id=&#8221;1624152979468-29527cb1-272c&#8221;][vc_column_text]<img loading=\"lazy\" decoding=\"async\" class=\"size-medium wp-image-1077 alignleft\" src=\"https:\/\/www.industriverktyg.se\/wp-content\/uploads\/2021\/06\/Verkstedpresse-30-T-118x300.jpg\" alt=\"\" width=\"118\" height=\"300\" srcset=\"https:\/\/www.industriverktyg.se\/wp-content\/uploads\/2021\/06\/Verkstedpresse-30-T-118x300.jpg 118w, https:\/\/www.industriverktyg.se\/wp-content\/uploads\/2021\/06\/Verkstedpresse-30-T-401x1024.jpg 401w, https:\/\/www.industriverktyg.se\/wp-content\/uploads\/2021\/06\/Verkstedpresse-30-T.jpg 450w\" sizes=\"auto, (max-width: 118px) 100vw, 118px\" \/>Idealisk til jobb som retting, b\u00f8ying og pressing. Ogs\u00e5 for montering og demontering av kulelager, aksler etc. NB! Presseverkt\u00f8y f\u00f8lger ikke med.[\/vc_column_text][\/vc_tta_section][\/vc_tta_accordion][\/vc_column][\/vc_row]<\/p>\n<\/section>","protected":false},"excerpt":{"rendered":"<p>[vc_row][vc_column][vc_column_text] Verkstedpresse [\/vc_column_text][\/vc_column][\/vc_row][vc_row][vc_column][vc_tta_accordion][vc_tta_section title=&#8221;Verkstedpresse 50 T Lufthydr. m fotpedal&#8221; tab_id=&#8221;1624152979453-e9a2f78b-c833&#8243;][vc_column_text]Utstyrt med trykkluftsdrevet fotpedal\u00a0og manuellt hev- og senkbart bord med sveiv. Kombinert manuell\/trykkluft. Ideell for jobb som retting, b\u00f8ying, bretting,\u00a0pressing. Ogs\u00e5 for montering og demontering av kulelager, aksler etc. Kolben kan ogs\u00e5 flyttes 189 mm i sideleie (c\/c venstre\/h\u00f8yre). Manometer plassert beskyttet i \u00f8yenh\u00f8yde. Leveres med&hellip;<\/p>\n","protected":false},"author":4,"featured_media":0,"parent":0,"menu_order":0,"comment_status":"closed","ping_status":"closed","template":"","meta":{"footnotes":""},"class_list":["post-1054","page","type-page","status-publish","hentry","description-off"],"_links":{"self":[{"href":"https:\/\/www.industriverktyg.se\/no\/wp-json\/wp\/v2\/pages\/1054","targetHints":{"allow":["GET"]}}],"collection":[{"href":"https:\/\/www.industriverktyg.se\/no\/wp-json\/wp\/v2\/pages"}],"about":[{"href":"https:\/\/www.industriverktyg.se\/no\/wp-json\/wp\/v2\/types\/page"}],"author":[{"embeddable":true,"href":"https:\/\/www.industriverktyg.se\/no\/wp-json\/wp\/v2\/users\/4"}],"replies":[{"embeddable":true,"href":"https:\/\/www.industriverktyg.se\/no\/wp-json\/wp\/v2\/comments?post=1054"}],"version-history":[{"count":3,"href":"https:\/\/www.industriverktyg.se\/no\/wp-json\/wp\/v2\/pages\/1054\/revisions"}],"predecessor-version":[{"id":1079,"href":"https:\/\/www.industriverktyg.se\/no\/wp-json\/wp\/v2\/pages\/1054\/revisions\/1079"}],"wp:attachment":[{"href":"https:\/\/www.industriverktyg.se\/no\/wp-json\/wp\/v2\/media?parent=1054"}],"curies":[{"name":"wp","href":"https:\/\/api.w.org\/{rel}","templated":true}]}}