{"id":120,"date":"2017-03-30T09:22:41","date_gmt":"2017-03-30T09:22:41","guid":{"rendered":"http:\/\/www.industriverktyg.se\/?page_id=120"},"modified":"2021-06-29T08:36:56","modified_gmt":"2021-06-29T08:36:56","slug":"om-industriverktyg","status":"publish","type":"page","link":"https:\/\/www.industriverktyg.se\/no\/om-industriverktyg\/","title":{"rendered":"Om Industriverkt\u00f8y IDG-Tools AS"},"content":{"rendered":"<section class=\"wpb-content-wrapper\"><p>[vc_row][vc_column][layerslider_vc id=&#8221;4&#8243;][\/vc_column][\/vc_row][vc_row][vc_column][vc_empty_space][\/vc_column][\/vc_row][vc_row][vc_column][vc_column_text]IDG-Tools AS har i flere \u00e5r levert verkt\u00f8y og forbruksmateriale til bedrifter og verksteder. V\u00e5rt selskap har passert 20 \u00e5r og er i dag en av Skandinavias st\u00f8rste privateide akt\u00f8rer i v\u00e5rt marked med en totalomsetning p\u00e5 400 MNOK. Vi har etablert oss i 4 land: Norge, Sverige, Finland og Polen.<\/p>\n<p>Omsetning for Norge er beregnet til ca. 75 MNOK. Vi er blitt meget godt mottatt av v\u00e5re kunder. IDG-Tools har hatt solid vekst helt siden oppstart med store leveranser til verksteder, tyngre anlegg, tunnel, skipsverft og off-shore industri, s\u00e5 vel som til mindre foretak som g\u00e5rdsbruk og byggelag. Vi gj\u00f8r v\u00e5rt beste for alle v\u00e5re kunder, og har som motto at ingen kunde er for liten, og ingen kunde er for stor.<\/p>\n<p>Se\u00a0<a title=\"N\u00f8kkelopplysninger fra Enhetsregisteret\" href=\"http:\/\/w2.brreg.no\/enhet\/sok\/detalj.jsp?orgnr=978700829\">n\u00f8kkelopplysninger fra Enhetsregisteret i Br\u00f8nn\u00f8ysund<\/a>.[\/vc_column_text][\/vc_column][\/vc_row][vc_row][vc_column width=&#8221;1\/2&#8243;][vc_column_text]<\/p>\n<h2>Politikk og m\u00e5l<\/h2>\n<ul>\n<li>Lever riktig produkt til rett tid til en sv\u00e6rt konkurransedyktig pris.<\/li>\n<li>Tilfredshet for hva kunder og markedet vil ha.<\/li>\n<li>Utvikle kvalitative l\u00f8sninger og jobbe effektivt p\u00e5 alle niv\u00e5er.<\/li>\n<\/ul>\n<h3>Sammendrag, vi streber etter f\u00f8lgende:<\/h3>\n<p>Tilbyr rimelige kvalitetsprodukter med rask service til bedrifter.<br \/>\nV\u00e6r en stabil, langsiktig og interessant arbeidsplass for v\u00e5re ansatte.[\/vc_column_text][\/vc_column][vc_column width=&#8221;1\/2&#8243;][vc_single_image image=&#8221;201&#8243; img_size=&#8221;168&#215;101&#8243;][vc_single_image image=&#8221;316&#8243;][\/vc_column][\/vc_row]<\/p>\n<\/section>","protected":false},"excerpt":{"rendered":"<p>[vc_row][vc_column][layerslider_vc id=&#8221;4&#8243;][\/vc_column][\/vc_row][vc_row][vc_column][vc_empty_space][\/vc_column][\/vc_row][vc_row][vc_column][vc_column_text]IDG-Tools AS har i flere \u00e5r levert verkt\u00f8y og forbruksmateriale til bedrifter og verksteder. V\u00e5rt selskap har passert 20 \u00e5r og er i dag en av Skandinavias st\u00f8rste privateide akt\u00f8rer i v\u00e5rt marked med en totalomsetning p\u00e5 400 MNOK. Vi har etablert oss i 4 land: Norge, Sverige, Finland og Polen. Omsetning for Norge&hellip;<\/p>\n","protected":false},"author":1,"featured_media":0,"parent":0,"menu_order":0,"comment_status":"closed","ping_status":"closed","template":"","meta":{"footnotes":""},"class_list":["post-120","page","type-page","status-publish","hentry","description-off"],"_links":{"self":[{"href":"https:\/\/www.industriverktyg.se\/no\/wp-json\/wp\/v2\/pages\/120","targetHints":{"allow":["GET"]}}],"collection":[{"href":"https:\/\/www.industriverktyg.se\/no\/wp-json\/wp\/v2\/pages"}],"about":[{"href":"https:\/\/www.industriverktyg.se\/no\/wp-json\/wp\/v2\/types\/page"}],"author":[{"embeddable":true,"href":"https:\/\/www.industriverktyg.se\/no\/wp-json\/wp\/v2\/users\/1"}],"replies":[{"embeddable":true,"href":"https:\/\/www.industriverktyg.se\/no\/wp-json\/wp\/v2\/comments?post=120"}],"version-history":[{"count":15,"href":"https:\/\/www.industriverktyg.se\/no\/wp-json\/wp\/v2\/pages\/120\/revisions"}],"predecessor-version":[{"id":1110,"href":"https:\/\/www.industriverktyg.se\/no\/wp-json\/wp\/v2\/pages\/120\/revisions\/1110"}],"wp:attachment":[{"href":"https:\/\/www.industriverktyg.se\/no\/wp-json\/wp\/v2\/media?parent=120"}],"curies":[{"name":"wp","href":"https:\/\/api.w.org\/{rel}","templated":true}]}}