{"id":1479,"date":"2023-07-04T14:13:34","date_gmt":"2023-07-04T14:13:34","guid":{"rendered":"https:\/\/www.industriverktyg.se\/?page_id=1479"},"modified":"2023-07-14T12:33:01","modified_gmt":"2023-07-14T12:33:01","slug":"ledig-stilling-servicetekniker","status":"publish","type":"page","link":"https:\/\/www.industriverktyg.se\/no\/norsk-ledig-stilling\/ledig-stilling-servicetekniker\/","title":{"rendered":"Ledig stilling servicetekniker"},"content":{"rendered":"<section class=\"wpb-content-wrapper\"><p>[vc_row][vc_column][vc_column_text]<\/p>\n<h2 style=\"text-align: center;\"><em><strong>Servicetekniker \u00f8nskes snarest<\/strong><\/em><\/h2>\n<p>&nbsp;<\/p>\n<p class=\"paragraph\" style=\"margin: 0cm; vertical-align: baseline;\"><span class=\"normaltextrun\"><span lang=\"NO-BOK\" style=\"font-family: 'Calibri',sans-serif; color: black;\">Har du lyst til \u00e5 v\u00e6re en del av Idg-Tools? Vil du ha en trygg og fin arbeidsplass?<\/span><\/span><\/p>\n<p class=\"paragraph\" style=\"margin: 0cm; vertical-align: baseline;\"><span class=\"normaltextrun\"><span lang=\"NO-BOK\" style=\"font-family: 'Calibri',sans-serif; color: black;\">Vil du v\u00e6re v\u00e5r Petter Smart?<\/span><\/span><\/p>\n<p>&nbsp;<\/p>\n<p class=\"paragraph\" style=\"margin: 0cm; vertical-align: baseline;\"><span class=\"eop\"><b><span lang=\"NO-BOK\" style=\"font-family: 'Calibri',sans-serif; color: black;\">N\u00e5 har du muligheten til \u00e5 bli v\u00e5r nye servicetekniker.<\/span><\/b><\/span><\/p>\n<p><strong>\u00a0<\/strong><\/p>\n<p><strong>Vi har litt av hvert \u00e5 tilby:<\/strong><\/p>\n<ul>\n<li>Hyggelige og gode kolleger.<\/li>\n<li>Behandlingsforsikring\u00a0s\u00e5 du slipper milelange helsek\u00f8er<\/li>\n<li>Meget gode livs-, ulykkes- og reiseforsikringer<\/li>\n<li>En god pensjonisttilv\u00e6relse med hele 7% i otp (vet du ikke hva otp er,<br \/>\nanbefaler vi deg \u00e5 Google det)<\/li>\n<\/ul>\n<p>&nbsp;[\/vc_column_text][\/vc_column][\/vc_row][vc_row][vc_column width=&#8221;1\/3&#8243;][vc_single_image image=&#8221;1379&#8243; img_size=&#8221;full&#8221; alignment=&#8221;center&#8221; style=&#8221;vc_box_rounded&#8221;][\/vc_column][vc_column width=&#8221;1\/3&#8243;][vc_single_image image=&#8221;1376&#8243; img_size=&#8221;full&#8221; alignment=&#8221;center&#8221; style=&#8221;vc_box_rounded&#8221;][\/vc_column][vc_column width=&#8221;1\/3&#8243;][vc_single_image image=&#8221;1373&#8243; img_size=&#8221;full&#8221; alignment=&#8221;center&#8221; style=&#8221;vc_box_rounded&#8221;][\/vc_column][\/vc_row][vc_row][vc_column][vc_column_text]<strong>Virker det interessant s\u00e5 langt? Da h\u00e5per vi du tar deg tid til \u00e5 lese resten:<\/strong><\/p>\n<p><strong>\u00a0<\/strong><\/p>\n<p>V\u00e5r trofaste servicetekniker gjennom mange \u00e5r g\u00e5r n\u00e5 av med pensjon og derfor s\u00f8ker vi DEG!! Du vil jobbe i v\u00e5re kontorlokaler som er tilknyttet v\u00e5rt verkstedet p\u00e5 Magnor.<\/p>\n<p>&nbsp;<\/p>\n<p>Vi \u00f8nsker at du er effektiv og l\u00f8sningsorientert. Du vil ha daglig kontakt med v\u00e5re kunder og selgere, derfor er det viktig at du er serviceinnstilt og omgjengelig.<\/p>\n<p>&nbsp;<\/p>\n<p>God oppl\u00e6ring vil bli gitt, men vi ser p\u00e5 det som en fordel at du har en liten Petter Smart i deg. T\u00e5ler du olje, s\u00f8l og m\u00f8kk under neglene? Liker du \u00e5 skru og fikse b\u00f8r du ta kontakt!<\/p>\n<p>&nbsp;<\/p>\n<p>Vi er kjent for kvalitetsverkt\u00f8y, men alt som g\u00e5r rundt kan g\u00e5 sund.<\/p>\n<p>&nbsp;<\/p>\n<p>&nbsp;<\/p>\n<p><strong>Sitter du med en god f\u00f8lelse etter \u00e5 ha lest s\u00e5 langt? Da er IDG-Tools rett sted for deg, og vi gleder oss til \u00e5 motta s\u00f8knaden din!<\/strong><\/p>\n<p>&nbsp;<\/p>\n<p>&nbsp;<\/p>\n<p><strong>Litt om bedriften:<\/strong><\/p>\n<p>&nbsp;<\/p>\n<p><em>Siden 1996 har IDG-Tools solgt\u00a0kvalitetsverkt\u00f8y fra v\u00e5re rullende butikker. Med tempoet som kreves i dagens samfunn, setter flere og flere sm\u00e5 og store bedrifter pris p\u00e5 \u00e5 korte ned tiden fra bestilling til levering.<\/em><\/p>\n<p><em>Med rullende butikk har vi til enhver tid store deler av v\u00e5rt sortiment tilgjengelig for kunden. V\u00e5r unike salgsform hvor du kan se p\u00e5, ta p\u00e5 og pr\u00f8ve verkt\u00f8yet p\u00e5 stedet er en trygghet for kunden, og det sparer dem for tid og penger.\u00a0<\/em><em>\u00a0<\/em><\/p>\n<p>&nbsp;<\/p>\n<p style=\"font-weight: 400;\"><strong>Send s\u00f8knad til <\/strong><\/p>\n<p style=\"font-weight: 400;\"><a href=\"mailto:Geir-w@idg-tools.as\" data-ogsc=\"\">Geir-w@idg-tools.as<\/a><\/p>\n<p style=\"font-weight: 400;\"><a href=\"tel:+4748106699\">+47 481 06 699<\/a><\/p>\n<p>[\/vc_column_text][\/vc_column][\/vc_row][vc_row][vc_column][vc_media_grid grid_id=&#8221;vc_gid:1689260587307-a7a052d2fb4a48c50684a8cb17fbe2f2-5&#8243; include=&#8221;1382,1381,1380,1379,1378,1377,1376,1375,1374,1373,1372&#8243;][\/vc_column][\/vc_row]<\/p>\n<\/section>","protected":false},"excerpt":{"rendered":"<p>[vc_row][vc_column][vc_column_text] Servicetekniker \u00f8nskes snarest &nbsp; Har du lyst til \u00e5 v\u00e6re en del av Idg-Tools? Vil du ha en trygg og fin arbeidsplass? Vil du v\u00e6re v\u00e5r Petter Smart? &nbsp; N\u00e5 har du muligheten til \u00e5 bli v\u00e5r nye servicetekniker. \u00a0 Vi har litt av hvert \u00e5 tilby: Hyggelige og gode kolleger. Behandlingsforsikring\u00a0s\u00e5 du slipper&hellip;<\/p>\n","protected":false},"author":4,"featured_media":0,"parent":1371,"menu_order":0,"comment_status":"closed","ping_status":"closed","template":"","meta":{"footnotes":""},"class_list":["post-1479","page","type-page","status-publish","hentry","description-off"],"_links":{"self":[{"href":"https:\/\/www.industriverktyg.se\/no\/wp-json\/wp\/v2\/pages\/1479","targetHints":{"allow":["GET"]}}],"collection":[{"href":"https:\/\/www.industriverktyg.se\/no\/wp-json\/wp\/v2\/pages"}],"about":[{"href":"https:\/\/www.industriverktyg.se\/no\/wp-json\/wp\/v2\/types\/page"}],"author":[{"embeddable":true,"href":"https:\/\/www.industriverktyg.se\/no\/wp-json\/wp\/v2\/users\/4"}],"replies":[{"embeddable":true,"href":"https:\/\/www.industriverktyg.se\/no\/wp-json\/wp\/v2\/comments?post=1479"}],"version-history":[{"count":8,"href":"https:\/\/www.industriverktyg.se\/no\/wp-json\/wp\/v2\/pages\/1479\/revisions"}],"predecessor-version":[{"id":1491,"href":"https:\/\/www.industriverktyg.se\/no\/wp-json\/wp\/v2\/pages\/1479\/revisions\/1491"}],"up":[{"embeddable":true,"href":"https:\/\/www.industriverktyg.se\/no\/wp-json\/wp\/v2\/pages\/1371"}],"wp:attachment":[{"href":"https:\/\/www.industriverktyg.se\/no\/wp-json\/wp\/v2\/media?parent=1479"}],"curies":[{"name":"wp","href":"https:\/\/api.w.org\/{rel}","templated":true}]}}