{"id":173,"date":"2017-04-04T07:19:01","date_gmt":"2017-04-04T07:19:01","guid":{"rendered":"http:\/\/www.industriverktyg.se\/?page_id=173"},"modified":"2026-02-25T14:43:03","modified_gmt":"2026-02-25T14:43:03","slug":"hitta-saljare","status":"publish","type":"page","link":"https:\/\/www.industriverktyg.se\/no\/hitta-saljare\/","title":{"rendered":"Finn selger"},"content":{"rendered":"<section class=\"wpb-content-wrapper\"><p>[vc_row][vc_column][vc_column_text]<\/p>\n<h1>Finn din n\u00e6rmeste selger<\/h1>\n<p>[\/vc_column_text][\/vc_column][\/vc_row][vc_row][vc_column][vc_empty_space height=&#8221;10px&#8221;][\/vc_column][\/vc_row][vc_row][vc_column][vc_separator][\/vc_column][\/vc_row][vc_row][vc_column][vc_tta_tabs][vc_tta_section title=&#8221;Kart&#8221; tab_id=&#8221;1618932332819-6954f644-bd17&#8243;][vc_row_inner][vc_column_inner width=&#8221;1\/2&#8243;][vc_column_text]<\/p>\n<h5>Se p\u00e5 kartet til h\u00f8yre og finn en selger i n\u00e6rheten av deg, eller klikk p\u00e5 de ulike distriktene for \u00e5 f\u00e5 kontakt informasjonen til en selger. Kontoret kan du ringe til p\u00e5: <a href=\"tel:62832700\">62 83 27 00<\/a> Eller send oss en epost p\u00e5: <a href=\"mailto:kontakt@idg-tools.as\">kontakt@idg-tools.as<\/a><\/h5>\n<h5>Du kan ogs\u00e5 bruke kameraet p\u00e5 telefonen din til \u00e5 scanne QR-koden til selgerene.<\/h5>\n<p>[\/vc_column_text][\/vc_column_inner][vc_column_inner width=&#8221;1\/2&#8243;][vc_gmaps link=&#8221;#E-8_JTNDaWZyYW1lJTIwc3JjJTNEJTIyaHR0cHMlM0ElMkYlMkZ3d3cuZ29vZ2xlLmNvbSUyRm1hcHMlMkZkJTJGZW1iZWQlM0ZtaWQlM0QxVlBaODd5VURkSGN6MlM5dHo5aGZEeUdsS1lUalNRU0QlMjZlaGJjJTNEMkUzMTJGJTIyJTIwd2lkdGglM0QlMjI2NDAlMjIlMjBoZWlnaHQlM0QlMjI0ODAlMjIlM0UlM0MlMkZpZnJhbWUlM0U=&#8221; css_animation=&#8221;fadeIn&#8221;][\/vc_column_inner][\/vc_row_inner][\/vc_tta_section][vc_tta_section title=&#8221;Vestlandet&#8221; tab_id=&#8221;1618926374625-842f1d02-ed2e&#8221;][vc_row_inner][vc_column_inner width=&#8221;1\/2&#8243;][vc_empty_space][vc_column_text css=&#8221;.vc_custom_1726682904387{border-radius: 2px !important;}&#8221;]<\/p>\n<h2 style=\"text-align: left;\">Arve Tur\u00f8y<\/h2>\n<h5 style=\"text-align: left;\">Hordaland<br \/>\n<a href=\"mailto:Arve@idg-tools.as\">Arve@idg-tools.as<\/a><br \/>\nMobil: 90 97 42 41<\/h5>\n<p><img loading=\"lazy\" decoding=\"async\" class=\"wp-image-913 alignleft\" src=\"https:\/\/www.industriverktyg.se\/wp-content\/uploads\/2020\/10\/Arve-Tur\u00f8y-QR-300x300.png\" alt=\"\" width=\"150\" height=\"150\" srcset=\"https:\/\/www.industriverktyg.se\/wp-content\/uploads\/2020\/10\/Arve-Tur\u00f8y-QR-300x300.png 300w, https:\/\/www.industriverktyg.se\/wp-content\/uploads\/2020\/10\/Arve-Tur\u00f8y-QR-150x150.png 150w, https:\/\/www.industriverktyg.se\/wp-content\/uploads\/2020\/10\/Arve-Tur\u00f8y-QR.png 427w\" sizes=\"auto, (max-width: 150px) 100vw, 150px\" \/>[\/vc_column_text][vc_empty_space height=&#8221;75px&#8221;][\/vc_column_inner][vc_column_inner width=&#8221;1\/2&#8243;][vc_empty_space][vc_single_image image=&#8221;1443&#8243; img_size=&#8221;full&#8221; alignment=&#8221;center&#8221; style=&#8221;vc_box_rounded&#8221;][\/vc_column_inner][\/vc_row_inner][vc_row_inner][vc_column_inner width=&#8221;1\/2&#8243;][vc_column_text]<\/p>\n<h2 style=\"text-align: left;\">Tore Grutle<\/h2>\n<h5 style=\"text-align: left;\">S\u00f8r Hordaland og Nord Rogaland<br \/>\n<a href=\"mailto:tore@idg-tools.as\">tore@idg-tools.as<\/a><br \/>\nMobil: 95 05 40 59<\/h5>\n<p><img loading=\"lazy\" decoding=\"async\" class=\"wp-image-932 alignleft\" src=\"https:\/\/www.industriverktyg.se\/wp-content\/uploads\/2020\/10\/Tore-Grutle-QR-300x300.png\" alt=\"\" width=\"150\" height=\"150\" srcset=\"https:\/\/www.industriverktyg.se\/wp-content\/uploads\/2020\/10\/Tore-Grutle-QR-300x300.png 300w, https:\/\/www.industriverktyg.se\/wp-content\/uploads\/2020\/10\/Tore-Grutle-QR-150x150.png 150w, https:\/\/www.industriverktyg.se\/wp-content\/uploads\/2020\/10\/Tore-Grutle-QR.png 427w\" sizes=\"auto, (max-width: 150px) 100vw, 150px\" \/>[\/vc_column_text][vc_empty_space height=&#8221;75px&#8221;][\/vc_column_inner][vc_column_inner width=&#8221;1\/2&#8243;][vc_single_image image=&#8221;1281&#8243; img_size=&#8221;full&#8221; alignment=&#8221;center&#8221; style=&#8221;vc_box_rounded&#8221;][\/vc_column_inner][\/vc_row_inner][vc_row_inner][vc_column_inner width=&#8221;1\/2&#8243;][vc_column_text]<\/p>\n<h2>St\u00e5le Dalaker<\/h2>\n<h5>Rogaland s\u00f8r for Boknafjorden<br \/>\n<a href=\"mailto:stale@idg-tools.as\">stale@idg-tools.as<\/a><br \/>\nMobil: 95 05 40 57<\/h5>\n<p><img loading=\"lazy\" decoding=\"async\" class=\"wp-image-929 size-thumbnail alignleft\" src=\"https:\/\/www.industriverktyg.se\/wp-content\/uploads\/2020\/10\/Sta\u030ale-Dalaker-QR-150x150.png\" alt=\"\" width=\"150\" height=\"150\" srcset=\"https:\/\/www.industriverktyg.se\/wp-content\/uploads\/2020\/10\/Sta\u030ale-Dalaker-QR-150x150.png 150w, https:\/\/www.industriverktyg.se\/wp-content\/uploads\/2020\/10\/Sta\u030ale-Dalaker-QR-300x300.png 300w, https:\/\/www.industriverktyg.se\/wp-content\/uploads\/2020\/10\/Sta\u030ale-Dalaker-QR.png 427w\" sizes=\"auto, (max-width: 150px) 100vw, 150px\" \/>[\/vc_column_text][vc_empty_space height=&#8221;75px&#8221;][\/vc_column_inner][vc_column_inner width=&#8221;1\/2&#8243;][vc_single_image image=&#8221;1449&#8243; img_size=&#8221;full&#8221; alignment=&#8221;center&#8221; style=&#8221;vc_box_rounded&#8221;][\/vc_column_inner][\/vc_row_inner][vc_row_inner][vc_column_inner width=&#8221;1\/2&#8243;][vc_column_text]<\/p>\n<h2>Rudi Tornes<\/h2>\n<h5>Molde &amp; Sm\u00f8la<br \/>\n<a href=\"mailto:rudi.tornes@idg-tools.as\">rudi.tornes@idg-tools.as<\/a><br \/>\nMobil: 91 17 30 60<\/h5>\n<p>[\/vc_column_text][vc_empty_space height=&#8221;75px&#8221;][\/vc_column_inner][vc_column_inner width=&#8221;1\/2&#8243;][vc_single_image image=&#8221;1798&#8243; img_size=&#8221;full&#8221;][\/vc_column_inner][\/vc_row_inner][vc_row_inner][vc_column_inner width=&#8221;1\/2&#8243;][vc_column_text]<\/p>\n<h2>Kay Ruben Nyg\u00e5rd<\/h2>\n<h5>Sogn og Fjordane<br \/>\n<a href=\"mailto:kay@idg-tools.as\">kay@idg-tools.as<\/a><br \/>\nMobil: 48 17 79 88<\/h5>\n<p>[\/vc_column_text][vc_empty_space height=&#8221;75px&#8221;][\/vc_column_inner][vc_column_inner width=&#8221;1\/2&#8243;][vc_single_image image=&#8221;1690&#8243; img_size=&#8221;full&#8221; alignment=&#8221;center&#8221; style=&#8221;vc_box_rounded&#8221;][\/vc_column_inner][\/vc_row_inner][vc_row_inner][vc_column_inner width=&#8221;1\/2&#8243;][vc_column_text]<\/p>\n<h2>John Andre Lianes<\/h2>\n<h5>Sunnm\u00f8re<br \/>\n<a href=\"mailto:john-andre@idg-tools.as\">john-andre@idg-tools.as<\/a><br \/>\nMobil: 94 16 46 39<\/h5>\n<p><img loading=\"lazy\" decoding=\"async\" class=\"wp-image-927 alignleft\" src=\"https:\/\/www.industriverktyg.se\/wp-content\/uploads\/2020\/10\/Stein-Hustadnes-QR-300x300.png\" alt=\"\" width=\"150\" height=\"150\" srcset=\"https:\/\/www.industriverktyg.se\/wp-content\/uploads\/2020\/10\/Stein-Hustadnes-QR-300x300.png 300w, https:\/\/www.industriverktyg.se\/wp-content\/uploads\/2020\/10\/Stein-Hustadnes-QR-150x150.png 150w, https:\/\/www.industriverktyg.se\/wp-content\/uploads\/2020\/10\/Stein-Hustadnes-QR.png 427w\" sizes=\"auto, (max-width: 150px) 100vw, 150px\" \/>[\/vc_column_text][vc_empty_space height=&#8221;75px&#8221;][\/vc_column_inner][vc_column_inner width=&#8221;1\/2&#8243;][\/vc_column_inner][\/vc_row_inner][vc_row_inner][vc_column_inner width=&#8221;1\/2&#8243;][vc_column_text]<\/p>\n<h2>Jostein Br\u00e5ten<\/h2>\n<h5>Nord Hordaland\/Voss<br \/>\n<a href=\"mailto:jostein.braten@idg-tools.as\">jostein.braten@idg-tools.as<\/a><br \/>\nMobil: 95 92 43 60<\/h5>\n<p><img loading=\"lazy\" decoding=\"async\" class=\"wp-image-920 size-thumbnail alignleft\" src=\"https:\/\/www.industriverktyg.se\/wp-content\/uploads\/2020\/10\/Jostein-Bra\u030aten-QR-150x150.png\" alt=\"\" width=\"150\" height=\"150\" srcset=\"https:\/\/www.industriverktyg.se\/wp-content\/uploads\/2020\/10\/Jostein-Bra\u030aten-QR-150x150.png 150w, https:\/\/www.industriverktyg.se\/wp-content\/uploads\/2020\/10\/Jostein-Bra\u030aten-QR-300x300.png 300w, https:\/\/www.industriverktyg.se\/wp-content\/uploads\/2020\/10\/Jostein-Bra\u030aten-QR.png 427w\" sizes=\"auto, (max-width: 150px) 100vw, 150px\" \/>[\/vc_column_text][vc_empty_space height=&#8221;75px&#8221;][\/vc_column_inner][vc_column_inner width=&#8221;1\/2&#8243;][vc_single_image image=&#8221;1437&#8243; img_size=&#8221;full&#8221; alignment=&#8221;center&#8221; style=&#8221;vc_box_rounded&#8221;][\/vc_column_inner][\/vc_row_inner][\/vc_tta_section][vc_tta_section title=&#8221;S\u00f8rlandet&#8221; tab_id=&#8221;1618926451742-0d932fea-ad97&#8243;][vc_row_inner][vc_column_inner width=&#8221;1\/2&#8243;][vc_empty_space][vc_column_text]<\/p>\n<h2>Knut Asbj\u00f8rn Lia<\/h2>\n<h5>Aust Agder, deler av Telemark og Vestfold<br \/>\n<a href=\"mailto:Knut@idg-tools.as\">Knut@idg-tools.as<\/a><br \/>\nMobil: 99 30 99 41<\/h5>\n<p><img loading=\"lazy\" decoding=\"async\" class=\"wp-image-922 alignleft\" src=\"https:\/\/www.industriverktyg.se\/wp-content\/uploads\/2020\/10\/Knut-Asbj\u00f8rn-Lia-QR-300x300.png\" alt=\"\" width=\"150\" height=\"150\" srcset=\"https:\/\/www.industriverktyg.se\/wp-content\/uploads\/2020\/10\/Knut-Asbj\u00f8rn-Lia-QR-300x300.png 300w, https:\/\/www.industriverktyg.se\/wp-content\/uploads\/2020\/10\/Knut-Asbj\u00f8rn-Lia-QR-150x150.png 150w, https:\/\/www.industriverktyg.se\/wp-content\/uploads\/2020\/10\/Knut-Asbj\u00f8rn-Lia-QR.png 427w\" sizes=\"auto, (max-width: 150px) 100vw, 150px\" \/>[\/vc_column_text][vc_empty_space height=&#8221;75px&#8221;][\/vc_column_inner][vc_column_inner width=&#8221;1\/2&#8243;][vc_empty_space][vc_single_image image=&#8221;1442&#8243; img_size=&#8221;full&#8221; alignment=&#8221;center&#8221; style=&#8221;vc_box_rounded&#8221;][\/vc_column_inner][\/vc_row_inner][vc_row_inner][vc_column_inner width=&#8221;1\/2&#8243;][vc_column_text]<\/p>\n<h2>B\u00f8rre Stray<\/h2>\n<h5>Aust- og Vest-Agder<br \/>\n<a href=\"mailto:borre@idg-tools.as\">borre@idg-tools.as<\/a><br \/>\nMobil: 95 05 40 82<\/h5>\n<p><img loading=\"lazy\" decoding=\"async\" class=\"wp-image-914 alignleft\" src=\"https:\/\/www.industriverktyg.se\/wp-content\/uploads\/2020\/10\/B\u00f8rre-Stray-QR-300x300.png\" alt=\"\" width=\"150\" height=\"150\" srcset=\"https:\/\/www.industriverktyg.se\/wp-content\/uploads\/2020\/10\/B\u00f8rre-Stray-QR-300x300.png 300w, https:\/\/www.industriverktyg.se\/wp-content\/uploads\/2020\/10\/B\u00f8rre-Stray-QR-150x150.png 150w, https:\/\/www.industriverktyg.se\/wp-content\/uploads\/2020\/10\/B\u00f8rre-Stray-QR.png 427w\" sizes=\"auto, (max-width: 150px) 100vw, 150px\" \/>[\/vc_column_text][\/vc_column_inner][vc_column_inner width=&#8221;1\/2&#8243;][vc_single_image image=&#8221;1452&#8243; img_size=&#8221;full&#8221; alignment=&#8221;center&#8221; style=&#8221;vc_box_rounded&#8221;][\/vc_column_inner][\/vc_row_inner][\/vc_tta_section][vc_tta_section title=&#8221;\u00d8stlandet&#8221; tab_id=&#8221;1618926374677-3433db75-ce96&#8243;][vc_row_inner][vc_column_inner width=&#8221;1\/2&#8243;][vc_empty_space][vc_column_text]<\/p>\n<h2>Arnt R\u00f8nningen<\/h2>\n<h5>Oppland<br \/>\n<a href=\"mailto:Arnt@idg-tools.as\">Arnt@idg-tools.as<\/a><br \/>\nMobil: 94 16 46 17<\/h5>\n<p><img loading=\"lazy\" decoding=\"async\" class=\"wp-image-912 alignleft\" src=\"https:\/\/www.industriverktyg.se\/wp-content\/uploads\/2020\/10\/Arnt-R\u00f8nningen-QR-300x300.png\" alt=\"\" width=\"150\" height=\"150\" srcset=\"https:\/\/www.industriverktyg.se\/wp-content\/uploads\/2020\/10\/Arnt-R\u00f8nningen-QR-300x300.png 300w, https:\/\/www.industriverktyg.se\/wp-content\/uploads\/2020\/10\/Arnt-R\u00f8nningen-QR-150x150.png 150w, https:\/\/www.industriverktyg.se\/wp-content\/uploads\/2020\/10\/Arnt-R\u00f8nningen-QR.png 427w\" sizes=\"auto, (max-width: 150px) 100vw, 150px\" \/>[\/vc_column_text][vc_empty_space height=&#8221;75px&#8221;][\/vc_column_inner][vc_column_inner width=&#8221;1\/2&#8243;][vc_empty_space][vc_single_image image=&#8221;1446&#8243; img_size=&#8221;full&#8221; alignment=&#8221;center&#8221; style=&#8221;vc_box_rounded&#8221;][\/vc_column_inner][\/vc_row_inner][vc_row_inner][vc_column_inner width=&#8221;1\/2&#8243;][vc_empty_space height=&#8221;75px&#8221;][vc_column_text]<\/p>\n<h2>Even Dokken<\/h2>\n<h5>Oppland\/Gj\u00f8vik omr<br \/>\neven.dokken@idg-tools.as<br \/>\nMobil: 41 51 25 70<\/h5>\n<p>[\/vc_column_text][\/vc_column_inner][vc_column_inner width=&#8221;1\/2&#8243;][vc_single_image image=&#8221;1723&#8243; img_size=&#8221;full&#8221;][\/vc_column_inner][\/vc_row_inner][vc_row_inner][vc_column_inner width=&#8221;1\/2&#8243;][vc_column_text]<\/p>\n<h2>Jan Vidar Westg\u00e5rd<\/h2>\n<h5>\u00d8stfold<br \/>\n<a href=\"mailto:jan-vidar@idg-tools.as\">jan-vidar@idg-tools.as<\/a><br \/>\nMobil: 95 05 40 58<\/h5>\n<p><img loading=\"lazy\" decoding=\"async\" class=\"wp-image-917 size-thumbnail alignleft\" src=\"https:\/\/www.industriverktyg.se\/wp-content\/uploads\/2020\/10\/Jan-Vidar-Westga\u030ard-QR-150x150.png\" alt=\"\" width=\"150\" height=\"150\" srcset=\"https:\/\/www.industriverktyg.se\/wp-content\/uploads\/2020\/10\/Jan-Vidar-Westga\u030ard-QR-150x150.png 150w, https:\/\/www.industriverktyg.se\/wp-content\/uploads\/2020\/10\/Jan-Vidar-Westga\u030ard-QR-300x300.png 300w, https:\/\/www.industriverktyg.se\/wp-content\/uploads\/2020\/10\/Jan-Vidar-Westga\u030ard-QR.png 427w\" sizes=\"auto, (max-width: 150px) 100vw, 150px\" \/>[\/vc_column_text][vc_empty_space height=&#8221;75px&#8221;][\/vc_column_inner][vc_column_inner width=&#8221;1\/2&#8243;][vc_single_image image=&#8221;1271&#8243; img_size=&#8221;full&#8221; alignment=&#8221;center&#8221; style=&#8221;vc_box_rounded&#8221;][\/vc_column_inner][\/vc_row_inner][vc_row_inner][vc_column_inner width=&#8221;1\/2&#8243;][vc_column_text]<\/p>\n<h2>Knut Asbj\u00f8rn Lia<\/h2>\n<h5>Aust Agder samt deler av Telemark og Vestfold<br \/>\n<a href=\"mailto:knut@idg-tools.as\">knut@idg-tools.as<\/a><br \/>\nMobil: 99 30 99 41<\/h5>\n<p><img loading=\"lazy\" decoding=\"async\" class=\"wp-image-922 size-thumbnail alignleft\" src=\"https:\/\/www.industriverktyg.se\/wp-content\/uploads\/2020\/10\/Knut-Asbj\u00f8rn-Lia-QR-150x150.png\" alt=\"\" width=\"150\" height=\"150\" srcset=\"https:\/\/www.industriverktyg.se\/wp-content\/uploads\/2020\/10\/Knut-Asbj\u00f8rn-Lia-QR-150x150.png 150w, https:\/\/www.industriverktyg.se\/wp-content\/uploads\/2020\/10\/Knut-Asbj\u00f8rn-Lia-QR-300x300.png 300w, https:\/\/www.industriverktyg.se\/wp-content\/uploads\/2020\/10\/Knut-Asbj\u00f8rn-Lia-QR.png 427w\" sizes=\"auto, (max-width: 150px) 100vw, 150px\" \/>[\/vc_column_text][vc_empty_space height=&#8221;75px&#8221;][\/vc_column_inner][vc_column_inner width=&#8221;1\/2&#8243;][vc_single_image image=&#8221;1442&#8243; img_size=&#8221;full&#8221; alignment=&#8221;center&#8221; style=&#8221;vc_box_rounded&#8221;][\/vc_column_inner][\/vc_row_inner][vc_row_inner][vc_column_inner width=&#8221;1\/2&#8243;][vc_column_text]<\/p>\n<h2>Ledig Distrikt<\/h2>\n<h5>Drammen<br \/>\nMobil: 95 05 40 81<\/h5>\n<p>[\/vc_column_text][vc_empty_space height=&#8221;75px&#8221;][\/vc_column_inner][vc_column_inner width=&#8221;1\/2&#8243;][\/vc_column_inner][\/vc_row_inner][vc_row_inner][vc_column_inner width=&#8221;1\/2&#8243;][vc_column_text]<\/p>\n<h2>Johnny H\u00f8gli<\/h2>\n<h5>Oslo\/Akershus<br \/>\n<a href=\"mailto:johnny@idg-tools.as\">johnny@idg-tools.as<\/a><br \/>\nMobil 90 51 01 18<\/h5>\n<p>[\/vc_column_text][vc_empty_space height=&#8221;75px&#8221;][\/vc_column_inner][vc_column_inner width=&#8221;1\/2&#8243;][\/vc_column_inner][\/vc_row_inner][vc_row_inner][vc_column_inner width=&#8221;1\/2&#8243;][vc_column_text]<\/p>\n<h2>John Elton<\/h2>\n<h5>Oslo\/Akershus<br \/>\n<a href=\"mailto:john@idg-tools.as\">john@idg-tools.as<\/a><br \/>\nMobil: 48 02 83 16<\/h5>\n<p><img loading=\"lazy\" decoding=\"async\" class=\"wp-image-918 alignleft\" src=\"https:\/\/www.industriverktyg.se\/wp-content\/uploads\/2020\/10\/John-Elton-QR-150x150.png\" alt=\"\" width=\"150\" height=\"150\" srcset=\"https:\/\/www.industriverktyg.se\/wp-content\/uploads\/2020\/10\/John-Elton-QR-150x150.png 150w, https:\/\/www.industriverktyg.se\/wp-content\/uploads\/2020\/10\/John-Elton-QR-300x300.png 300w, https:\/\/www.industriverktyg.se\/wp-content\/uploads\/2020\/10\/John-Elton-QR.png 427w\" sizes=\"auto, (max-width: 150px) 100vw, 150px\" \/>[\/vc_column_text][vc_empty_space height=&#8221;75px&#8221;][\/vc_column_inner][vc_column_inner width=&#8221;1\/2&#8243;][vc_single_image image=&#8221;1448&#8243; img_size=&#8221;full&#8221; alignment=&#8221;center&#8221; style=&#8221;vc_box_rounded&#8221;][\/vc_column_inner][\/vc_row_inner][vc_row_inner][vc_column_inner width=&#8221;1\/2&#8243;][vc_column_text]<\/p>\n<h2>Nils Olav \u00d8deg\u00e5rd<\/h2>\n<h5>Telemark<br \/>\n<a href=\"mailto:nils@idg-tools.as\">nils@idg-tools.as<\/a><br \/>\nMobil: 91 36 73 55<\/h5>\n<p><img loading=\"lazy\" decoding=\"async\" class=\"wp-image-925 size-thumbnail alignleft\" src=\"https:\/\/www.industriverktyg.se\/wp-content\/uploads\/2020\/10\/Nils-Olav-\u00d8dega\u030ard-QR-150x150.png\" alt=\"\" width=\"150\" height=\"150\" srcset=\"https:\/\/www.industriverktyg.se\/wp-content\/uploads\/2020\/10\/Nils-Olav-\u00d8dega\u030ard-QR-150x150.png 150w, https:\/\/www.industriverktyg.se\/wp-content\/uploads\/2020\/10\/Nils-Olav-\u00d8dega\u030ard-QR-300x300.png 300w, https:\/\/www.industriverktyg.se\/wp-content\/uploads\/2020\/10\/Nils-Olav-\u00d8dega\u030ard-QR.png 427w\" sizes=\"auto, (max-width: 150px) 100vw, 150px\" \/>[\/vc_column_text][vc_empty_space height=&#8221;75px&#8221;][\/vc_column_inner][vc_column_inner width=&#8221;1\/2&#8243;][vc_single_image image=&#8221;1444&#8243; img_size=&#8221;full&#8221; alignment=&#8221;center&#8221; style=&#8221;vc_box_rounded&#8221;][\/vc_column_inner][\/vc_row_inner][vc_row_inner][vc_column_inner width=&#8221;1\/2&#8243;][vc_column_text]<\/p>\n<h2>Bj\u00f8rn Nordby<\/h2>\n<h5 style=\"text-align: left;\">Hedmark<br \/>\n<a href=\"mailto:bjorn@idg-tools.as\">bjorn@idg-tools.as<\/a><br \/>\nMobil: 969 19 982<\/h5>\n<p>[\/vc_column_text][\/vc_column_inner][vc_column_inner width=&#8221;1\/2&#8243;][vc_single_image image=&#8221;1632&#8243; img_size=&#8221;full&#8221; alignment=&#8221;center&#8221; style=&#8221;vc_box_rounded&#8221;][\/vc_column_inner][\/vc_row_inner][\/vc_tta_section][vc_tta_section title=&#8221;Midt-Norge&#8221; tab_id=&#8221;1618930284237-e31b4c29-6253&#8243;][vc_row_inner][vc_column_inner width=&#8221;1\/2&#8243; css=&#8221;.vc_custom_1632157858291{border-radius: 5px !important;}&#8221;][vc_empty_space][vc_column_text]<\/p>\n<h2>Paul Roar Inderdal<\/h2>\n<h5>Tr\u00f8ndelag mellom R\u00f8ra og Malvik<br \/>\n<a href=\"mailto:paul@idg-tools.as\">paul@idg-tools.as<\/a><br \/>\nMobil: 913 60 353<\/h5>\n<p><img loading=\"lazy\" decoding=\"async\" class=\"wp-image-1293 size-thumbnail alignleft\" src=\"https:\/\/www.industriverktyg.se\/wp-content\/uploads\/2022\/03\/Paul-Roar-150x150.png\" alt=\"\" width=\"150\" height=\"150\" srcset=\"https:\/\/www.industriverktyg.se\/wp-content\/uploads\/2022\/03\/Paul-Roar-150x150.png 150w, https:\/\/www.industriverktyg.se\/wp-content\/uploads\/2022\/03\/Paul-Roar-300x300.png 300w, https:\/\/www.industriverktyg.se\/wp-content\/uploads\/2022\/03\/Paul-Roar-768x768.png 768w, https:\/\/www.industriverktyg.se\/wp-content\/uploads\/2022\/03\/Paul-Roar.png 1000w\" sizes=\"auto, (max-width: 150px) 100vw, 150px\" \/><\/p>\n<h5><\/h5>\n<p>[\/vc_column_text][vc_empty_space height=&#8221;75px&#8221;][\/vc_column_inner][vc_column_inner width=&#8221;1\/2&#8243;][vc_empty_space][vc_single_image image=&#8221;1436&#8243; img_size=&#8221;full&#8221; alignment=&#8221;center&#8221; style=&#8221;vc_box_rounded&#8221;][\/vc_column_inner][\/vc_row_inner][vc_row_inner][vc_column_inner width=&#8221;1\/2&#8243; css=&#8221;.vc_custom_1632157858291{border-radius: 5px !important;}&#8221;][vc_column_text]<\/p>\n<h2>Jon Eivind Gunnes<\/h2>\n<h5>Tr\u00f8ndelag, Trondheim til R\u00f8ros og Oppdal med Hitra og Fr\u00f8ya<br \/>\n<a href=\"mailto:john.eivind@idg-tools.as\">john.eivind@idg-tools.as<\/a><br \/>\nMobil: 969 18 957<\/h5>\n<p>[\/vc_column_text][vc_empty_space height=&#8221;75px&#8221;][\/vc_column_inner][vc_column_inner width=&#8221;1\/2&#8243;][\/vc_column_inner][\/vc_row_inner][vc_row_inner][vc_column_inner width=&#8221;1\/2&#8243; css=&#8221;.vc_custom_1632157858291{border-radius: 5px !important;}&#8221;][vc_column_text]<\/p>\n<h2>Heidi B. Dahl<\/h2>\n<h5>Nord-Tr\u00f8ndelag med Fosen<br \/>\n<a href=\"mailto:Heidi@idg-tools.as\">Heidi@idg-tools.as<\/a><br \/>\nMobil: 99 51 50 66<\/h5>\n<p><img loading=\"lazy\" decoding=\"async\" class=\"wp-image-916 size-thumbnail alignleft\" src=\"https:\/\/www.industriverktyg.se\/wp-content\/uploads\/2020\/10\/Heidi-Dahl-QR-150x150.png\" alt=\"\" width=\"150\" height=\"150\" srcset=\"https:\/\/www.industriverktyg.se\/wp-content\/uploads\/2020\/10\/Heidi-Dahl-QR-150x150.png 150w, https:\/\/www.industriverktyg.se\/wp-content\/uploads\/2020\/10\/Heidi-Dahl-QR-300x300.png 300w, https:\/\/www.industriverktyg.se\/wp-content\/uploads\/2020\/10\/Heidi-Dahl-QR.png 427w\" sizes=\"auto, (max-width: 150px) 100vw, 150px\" \/>[\/vc_column_text][vc_empty_space height=&#8221;75px&#8221;][\/vc_column_inner][vc_column_inner width=&#8221;1\/2&#8243;][vc_single_image image=&#8221;1450&#8243; img_size=&#8221;full&#8221; alignment=&#8221;center&#8221; style=&#8221;vc_box_rounded&#8221;][\/vc_column_inner][\/vc_row_inner][\/vc_tta_section][vc_tta_section title=&#8221;Nord-Norge&#8221; tab_id=&#8221;1618930285909-b22519e0-d634&#8243;][vc_row_inner][vc_column_inner width=&#8221;1\/2&#8243;][vc_empty_space][vc_column_text]<\/p>\n<h2>Ledig<\/h2>\n<h5>Finnmark<br \/>\n<a href=\"mailto:kontakt@idg-tools.as\">kontakt@idg-tools.as<\/a><br \/>\nMobil: 95 90 73 10<\/h5>\n<p>&nbsp;<\/p>\n<h5><\/h5>\n<p>[\/vc_column_text][vc_empty_space height=&#8221;75px&#8221;][\/vc_column_inner][vc_column_inner width=&#8221;1\/2&#8243;][vc_empty_space][\/vc_column_inner][\/vc_row_inner][vc_row_inner][vc_column_inner width=&#8221;1\/2&#8243;][vc_column_text]<\/p>\n<h2>Leif \u00c5ge Iversen<\/h2>\n<h5>Nordland<br \/>\n<a href=\"mailto:leif-aage@idg-tools.as\">leif-aage@idg-tools.as<\/a><br \/>\nMobil: 95 91 36 09<\/h5>\n<p><img loading=\"lazy\" decoding=\"async\" class=\"wp-image-923 size-thumbnail alignleft\" src=\"https:\/\/www.industriverktyg.se\/wp-content\/uploads\/2020\/10\/Leif-A\u030age-Iversen-QR-150x150.png\" alt=\"\" width=\"150\" height=\"150\" srcset=\"https:\/\/www.industriverktyg.se\/wp-content\/uploads\/2020\/10\/Leif-A\u030age-Iversen-QR-150x150.png 150w, https:\/\/www.industriverktyg.se\/wp-content\/uploads\/2020\/10\/Leif-A\u030age-Iversen-QR-300x300.png 300w, https:\/\/www.industriverktyg.se\/wp-content\/uploads\/2020\/10\/Leif-A\u030age-Iversen-QR.png 427w\" sizes=\"auto, (max-width: 150px) 100vw, 150px\" \/>[\/vc_column_text][vc_empty_space height=&#8221;75px&#8221;][\/vc_column_inner][vc_column_inner width=&#8221;1\/2&#8243;][vc_single_image image=&#8221;1439&#8243; img_size=&#8221;full&#8221; alignment=&#8221;center&#8221; style=&#8221;vc_box_rounded&#8221;][\/vc_column_inner][\/vc_row_inner][vc_row_inner][vc_column_inner width=&#8221;1\/2&#8243;][vc_column_text]<\/p>\n<h2>Rolf Hamlot<\/h2>\n<h5>Troms\/Lofoten og Vester\u00e5len<br \/>\n<a href=\"rolf.hamlot@idg-tools.as\">rolf.hamlot@idg-tools.as<\/a><br \/>\nMobil: 90 15 12 60<\/h5>\n<h5><\/h5>\n<p>[\/vc_column_text][vc_empty_space height=&#8221;75px&#8221;][\/vc_column_inner][vc_column_inner width=&#8221;1\/2&#8243;][vc_single_image image=&#8221;1717&#8243; img_size=&#8221;full&#8221;][\/vc_column_inner][\/vc_row_inner][\/vc_tta_section][\/vc_tta_tabs][\/vc_column][\/vc_row][vc_row][vc_column][\/vc_column][\/vc_row]<\/p>\n<\/section>","protected":false},"excerpt":{"rendered":"<p>[vc_row][vc_column][vc_column_text] Finn din n\u00e6rmeste selger [\/vc_column_text][\/vc_column][\/vc_row][vc_row][vc_column][vc_empty_space height=&#8221;10px&#8221;][\/vc_column][\/vc_row][vc_row][vc_column][vc_separator][\/vc_column][\/vc_row][vc_row][vc_column][vc_tta_tabs][vc_tta_section title=&#8221;Kart&#8221; tab_id=&#8221;1618932332819-6954f644-bd17&#8243;][vc_row_inner][vc_column_inner width=&#8221;1\/2&#8243;][vc_column_text] Se p\u00e5 kartet til h\u00f8yre og finn en selger i n\u00e6rheten av deg, eller klikk p\u00e5 de ulike distriktene for \u00e5 f\u00e5 kontakt informasjonen til en selger. Kontoret kan du ringe til p\u00e5: 62 83 27 00 Eller send oss en epost p\u00e5: kontakt@idg-tools.as Du&hellip;<\/p>\n","protected":false},"author":1,"featured_media":0,"parent":0,"menu_order":0,"comment_status":"closed","ping_status":"closed","template":"","meta":{"footnotes":""},"class_list":["post-173","page","type-page","status-publish","hentry","description-off"],"_links":{"self":[{"href":"https:\/\/www.industriverktyg.se\/no\/wp-json\/wp\/v2\/pages\/173","targetHints":{"allow":["GET"]}}],"collection":[{"href":"https:\/\/www.industriverktyg.se\/no\/wp-json\/wp\/v2\/pages"}],"about":[{"href":"https:\/\/www.industriverktyg.se\/no\/wp-json\/wp\/v2\/types\/page"}],"author":[{"embeddable":true,"href":"https:\/\/www.industriverktyg.se\/no\/wp-json\/wp\/v2\/users\/1"}],"replies":[{"embeddable":true,"href":"https:\/\/www.industriverktyg.se\/no\/wp-json\/wp\/v2\/comments?post=173"}],"version-history":[{"count":269,"href":"https:\/\/www.industriverktyg.se\/no\/wp-json\/wp\/v2\/pages\/173\/revisions"}],"predecessor-version":[{"id":1800,"href":"https:\/\/www.industriverktyg.se\/no\/wp-json\/wp\/v2\/pages\/173\/revisions\/1800"}],"wp:attachment":[{"href":"https:\/\/www.industriverktyg.se\/no\/wp-json\/wp\/v2\/media?parent=173"}],"curies":[{"name":"wp","href":"https:\/\/api.w.org\/{rel}","templated":true}]}}