{"id":252,"date":"2017-10-23T07:28:31","date_gmt":"2017-10-23T07:28:31","guid":{"rendered":"http:\/\/www.industriverktyg.se\/?page_id=252"},"modified":"2025-04-03T12:45:07","modified_gmt":"2025-04-03T12:45:07","slug":"pressreleaser","status":"publish","type":"page","link":"https:\/\/www.industriverktyg.se\/no\/pressreleaser\/","title":{"rendered":"Pressreleaser"},"content":{"rendered":"<section class=\"wpb-content-wrapper\"><p>[vc_row][vc_column][vc_column_text]<\/p>\n<h1>Pressreleaser<\/h1>\n<p>[\/vc_column_text][\/vc_column][\/vc_row][vc_row][vc_column][vc_empty_space height=&#8221;10px&#8221;][\/vc_column][\/vc_row][vc_row margin_top=&#8221;40&#8243; margin_bottom=&#8221;40&#8243; full_width_padding_left=&#8221;40&#8243; full_width_padding_right=&#8221;40&#8243; full_width_margin_top=&#8221;0&#8243; full_width_margin_bottom=&#8221;0&#8243;][vc_column][vc_accordion active_tab=&#8221;1&#8243; title_size=&#8221;h4&#8243; style=&#8221;2&#8243;][vc_accordion_tab title=&#8221;IDG-Tools 18V 1\/2\u201d Muttertrekker&#8221;][vc_column_text]<b><strong>IDG-Tools\u00ae lanserer sv\u00e6rt sterk 18V \u00bd\u201d Muttertrekker med h\u00f8y ytelse. <\/strong><br \/>\n<a class=\"dt-pswp-item\" href=\"http:\/\/www.industriverktyg.se\/wp-content\/uploads\/2017\/10\/7279-1-2_KIT.jpg\" data-dt-img-description=\"\" data-large_image_width=\"4241\" data-large_image_height=\"2771\"><img loading=\"lazy\" decoding=\"async\" class=\"alignright size-medium wp-image-255\" src=\"http:\/\/www.industriverktyg.se\/wp-content\/uploads\/2017\/10\/7279-1-2_KIT-300x196.jpg\" alt=\"\" width=\"300\" height=\"196\" srcset=\"https:\/\/www.industriverktyg.se\/wp-content\/uploads\/2017\/10\/7279-1-2_KIT-300x196.jpg 300w, https:\/\/www.industriverktyg.se\/wp-content\/uploads\/2017\/10\/7279-1-2_KIT-600x392.jpg 600w, https:\/\/www.industriverktyg.se\/wp-content\/uploads\/2017\/10\/7279-1-2_KIT-768x502.jpg 768w, https:\/\/www.industriverktyg.se\/wp-content\/uploads\/2017\/10\/7279-1-2_KIT-1024x669.jpg 1024w\" sizes=\"auto, (max-width: 300px) 100vw, 300px\" \/><\/a><a class=\"dt-pswp-item\" href=\"http:\/\/www.industriverktyg.se\/wp-content\/uploads\/2017\/10\/7279-1-2.jpg\" data-dt-img-description=\"\" data-large_image_width=\"2297\" data-large_image_height=\"2907\"><img loading=\"lazy\" decoding=\"async\" class=\"alignright size-medium wp-image-256\" src=\"http:\/\/www.industriverktyg.se\/wp-content\/uploads\/2017\/10\/7279-1-2-237x300.jpg\" alt=\"\" width=\"237\" height=\"300\" srcset=\"https:\/\/www.industriverktyg.se\/wp-content\/uploads\/2017\/10\/7279-1-2-237x300.jpg 237w, https:\/\/www.industriverktyg.se\/wp-content\/uploads\/2017\/10\/7279-1-2-600x759.jpg 600w, https:\/\/www.industriverktyg.se\/wp-content\/uploads\/2017\/10\/7279-1-2-768x972.jpg 768w, https:\/\/www.industriverktyg.se\/wp-content\/uploads\/2017\/10\/7279-1-2-809x1024.jpg 809w, https:\/\/www.industriverktyg.se\/wp-content\/uploads\/2017\/10\/7279-1-2-scaled.jpg 2023w\" sizes=\"auto, (max-width: 237px) 100vw, 237px\" \/><\/a><\/b><\/p>\n<p>Industriverkt\u00f8y IDG-Tools AB lanserer en ny ekstremt sterk 18V 1\/2&#8243; batterimuttertrekker med kolborstfri 4-polsmotor. Maks deriemoment ved lossning av s\u00e5 mye som 1.100 Nm. Kort sagt et realt monster. Maskinen er utsyrt med 4.0 Ah Li-ion Slide batteri med en ladeindikator som viser gjeldende ladestatus. Full laddet batteri takler ca. 150 st. lossninger og stramminger av standard hjulbolter\/hjulmuttere. Frontdelsel i metall. Integrert belysning. <b>Ladetid: <\/b>60 minutt\/Auto-Shut Off. Dette er maskinen for kraftkrevende demonteringsarbeid der det tidligere ikke nok var nok med batterimaskin. Levereras med oppbevaringspose og to batterier.<\/p>\n<p><strong>Om Industriverkt\u00f8y IDG-Tools AB<br \/>\n<\/strong>Industriverkt\u00f8y IDG-Tools AB er Skandinavias st\u00f8rste verkt\u00f8yfirma med rullende utstillingsbiler. IDG-Tools har i dag 100 utstillingsbiler i hele Sverige, Norge, Finland og Polen.<\/p>\n<p>I hver utstillingsbil er det omtrent: 1100 forskjellige verkt\u00f8y og maskiner av totalt ca: 4500 ulike produkter. IDG-Tools representanten viser verkt\u00f8yet og maskinene hos kunden. Takket v\u00e6re dette kan kunden se n\u00f8yaktig hva han kj\u00f8per og, han kan ogs\u00e5 teste produktene i sin egen virksomhet f\u00f8r han tar en beslutning.<\/p>\n<p>Gjennom Industriverkt\u00f8y IDG-Tools store salgsorganisasjon kan selskapet holde sv\u00e6rt konkuransedyktige priser. All import skjer direkte fra produsenter uten noe mellomled.<\/p>\n<p><strong>Mer informasjon og bilder<br \/>\n<\/strong>For mer informasjon ta kontakt med Tommy Ljuhs p\u00e5 Industriverkt\u00f8y IDG-Tools AB. Tel: 08-590 352 40[\/vc_column_text][\/vc_accordion_tab][vc_accordion_tab title=&#8221;IDG-Tools LED Arbeidslamper i sett&#8221;][vc_column_text]<b>IDG-Tools\u00ae lanserer ladbare LED Arbeidslamper i sett<a class=\"dt-pswp-item\" href=\"http:\/\/www.industriverktyg.se\/wp-content\/uploads\/2017\/10\/5890-3_BOX_OPEN.jpg\" data-dt-img-description=\"\" data-large_image_width=\"3629\" data-large_image_height=\"3156\"><img loading=\"lazy\" decoding=\"async\" class=\"alignright size-thumbnail wp-image-259\" src=\"http:\/\/www.industriverktyg.se\/wp-content\/uploads\/2017\/10\/5890-3_BOX_OPEN-150x150.jpg\" alt=\"\" width=\"150\" height=\"150\" srcset=\"https:\/\/www.industriverktyg.se\/wp-content\/uploads\/2017\/10\/5890-3_BOX_OPEN-150x150.jpg 150w, https:\/\/www.industriverktyg.se\/wp-content\/uploads\/2017\/10\/5890-3_BOX_OPEN-300x300.jpg 300w, https:\/\/www.industriverktyg.se\/wp-content\/uploads\/2017\/10\/5890-3_BOX_OPEN-200x200.jpg 200w\" sizes=\"auto, (max-width: 150px) 100vw, 150px\" \/><\/a><a class=\"dt-pswp-item\" href=\"http:\/\/www.industriverktyg.se\/wp-content\/uploads\/2017\/10\/5890-3_LAMP_RAISED_FRONT.jpg\" data-dt-img-description=\"\" data-large_image_width=\"2518\" data-large_image_height=\"2756\"><img loading=\"lazy\" decoding=\"async\" class=\"alignright size-thumbnail wp-image-264\" src=\"http:\/\/www.industriverktyg.se\/wp-content\/uploads\/2017\/10\/5890-3_LAMP_RAISED_FRONT-150x150.jpg\" alt=\"\" width=\"150\" height=\"150\" srcset=\"https:\/\/www.industriverktyg.se\/wp-content\/uploads\/2017\/10\/5890-3_LAMP_RAISED_FRONT-150x150.jpg 150w, https:\/\/www.industriverktyg.se\/wp-content\/uploads\/2017\/10\/5890-3_LAMP_RAISED_FRONT-300x300.jpg 300w, https:\/\/www.industriverktyg.se\/wp-content\/uploads\/2017\/10\/5890-3_LAMP_RAISED_FRONT-200x200.jpg 200w\" sizes=\"auto, (max-width: 150px) 100vw, 150px\" \/><\/a> <\/b><\/p>\n<p>Industriverkt\u00f8y IDG-Tools AB presenterar en ny unik modell av ladbare LED COB arbeids lamper i sett. Settet best\u00e5r av tre LED COB lamper som er lagret i en praktisk oppbevaringsboks som ogs\u00e5 fungerer som ladestasjon der alle tre lampene kan lades samtidig eller indiviudelt om man \u00f8nsker. Lampene har justerbar vinkling p\u00e5 reflektordelen, magnet og justerbar opphengskrok. Perfekt verkt\u00f8y for all jobb der det kreves ekstra belysning. Fungerer utmerket som for eksempel motorromslamper, lyse opp styrehus etc. Leveres med 230V ladere og billader 12\/24V. Hver lampe er ogs\u00e5 utstyrt med Micro USB-kontakt for separat lading utenfor ladestasjonen. To str\u00f8mtilstander. Brennetid maks 7-8 timer. Ladetid 3-4 timer. Lysstyrke 220\/110 Lumen. Batteri 3.7V Li-Ion.<\/p>\n<p><b>Om Industriverkt\u00f8y IDG-Tools AB<br \/>\n<\/b>Industriverkt\u00f8y IDG-Tools AB er Skandinavias st\u00f8rste verkt\u00f8yfirma med rullende utstillingsbiler. IDG-Tools har i dag 100 utstillingsbiler i hele Sverige, Norge, Finland og Polen.<\/p>\n<p>I hver utstillingsbil er det omtrent: 1100 forskjellige verkt\u00f8y og maskiner av totalt ca: 4500 ulike produkter. IDG-Tools representanten viser verkt\u00f8yet og maskinene hos kunden. Takket v\u00e6re dette kan kunden se n\u00f8yaktig hva han kj\u00f8per og, han kan ogs\u00e5 teste produktene i sin egen virksomhet f\u00f8r han tar en beslutning.<\/p>\n<p>Gjennom Industriverkt\u00f8y IDG-Tools store salgsorganisasjon kan selskapet holde sv\u00e6rt konkuransedyktige priser. All import skjer direkte fra produsenter uten noe mellomled.<\/p>\n<p><b>Mer informasjon og bilder<br \/>\n<\/b>For mer informasjon ta kontakt med Tommy Ljuhs p\u00e5 Industriverkt\u00f8y IDG-Tools AB. Tel: 08-590 352 40[\/vc_column_text][\/vc_accordion_tab][vc_accordion_tab title=&#8221;IDG-Tools 1\/2\u201d &#8220;Stubby\u201d Kraftpiper&#8221;][vc_column_text]<b>IDG-Tools\u00ae lanserer 1\/2\u201d \u201dStubby\u201d Kraftpiper<a class=\"dt-pswp-item\" href=\"http:\/\/www.industriverktyg.se\/wp-content\/uploads\/2017\/10\/3458-10-24.jpg\" data-dt-img-description=\"\" data-large_image_width=\"661\" data-large_image_height=\"424\"><img loading=\"lazy\" decoding=\"async\" class=\"alignright size-medium wp-image-272\" src=\"http:\/\/www.industriverktyg.se\/wp-content\/uploads\/2017\/10\/3458-10-24-300x192.jpg\" alt=\"\" width=\"300\" height=\"192\" srcset=\"https:\/\/www.industriverktyg.se\/wp-content\/uploads\/2017\/10\/3458-10-24-300x192.jpg 300w, https:\/\/www.industriverktyg.se\/wp-content\/uploads\/2017\/10\/3458-10-24-600x385.jpg 600w, https:\/\/www.industriverktyg.se\/wp-content\/uploads\/2017\/10\/3458-10-24.jpg 661w\" sizes=\"auto, (max-width: 300px) 100vw, 300px\" \/><\/a><\/b><\/p>\n<p>Industriverkt\u00f8y IDG-Tools AB presenterer en ny modell av \u201dStubby\u201d piper med 1\/2\u201d tilkoblig, h\u00f8yde 28mm. Sammen med muttere med lav byggh\u00f8yde er dette en suveren pipe n\u00e5r det er trangt \u00e5 komme til med standardpiper og muttertrekkere. Pipene kan ogs\u00e5 brukes manuellt med skralle eller flex h\u00e5ndtak. Sekskantede Maxi Drive piper av Chrome-Molybden st\u00e5l.<\/p>\n<p>&nbsp;<\/p>\n<p><b>Innhold:<\/b> Alle pipest\u00f8rrelser 10-24 mm utenom 21 og 23 mm.<\/p>\n<p>Pris: 1.243:- Inkl.moms<\/p>\n<p><b>Om Industriverkt\u00f8y IDG-Tools AB<br \/>\n<\/b>Industriverkt\u00f8y IDG-Tools AB er Skandinavias st\u00f8rste verkt\u00f8yfirma med rullende utstillingsbiler. IDG-Tools har i dag 100 utstillingsbiler i hele Sverige, Norge, Finland og Polen.<\/p>\n<p>I hver utstillingsbil er det omtrent: 1100 forskjellige verkt\u00f8y og maskiner av totalt ca: 4500 ulike produkter. IDG-Tools representanten viser verkt\u00f8yet og maskinene hos kunden. Takket v\u00e6re dette kan kunden se n\u00f8yaktig hva han kj\u00f8per og, han kan ogs\u00e5 teste produktene i sin egen virksomhet f\u00f8r han tar en beslutning.<\/p>\n<p>Gjennom Industriverkt\u00f8y IDG-Tools store salgsorganisasjon kan selskapet holde sv\u00e6rt konkuransedyktige priser. All import skjer direkte fra produsenter uten noe mellomled.<\/p>\n<p><b>Mer informasjon og bilder<br \/>\n<\/b>For mer informasjon ta kontakt med Tommy Ljuhs p\u00e5 Industriverkt\u00f8y IDG-Tools AB. Tel: 08-590 352 40[\/vc_column_text][\/vc_accordion_tab][vc_accordion_tab title=&#8221;IDG-Tools trykkluftsdrevet l\u00e5ngkap&#8221;][vc_column_text]<b>IDG-Tools\u00ae lanserer Long Cutter for 100 mm plate, en ny trykkluftdrevet maskin med h\u00f8y ytelse.<a class=\"dt-pswp-item\" href=\"http:\/\/www.industriverktyg.se\/wp-content\/uploads\/2017\/10\/8085-100.jpg\" data-dt-img-description=\"\" data-large_image_width=\"4545\" data-large_image_height=\"1187\"><img loading=\"lazy\" decoding=\"async\" class=\"alignright size-medium wp-image-274\" src=\"http:\/\/www.industriverktyg.se\/wp-content\/uploads\/2017\/10\/8085-100-300x78.jpg\" alt=\"\" width=\"300\" height=\"78\" srcset=\"https:\/\/www.industriverktyg.se\/wp-content\/uploads\/2017\/10\/8085-100-300x78.jpg 300w, https:\/\/www.industriverktyg.se\/wp-content\/uploads\/2017\/10\/8085-100-600x157.jpg 600w, https:\/\/www.industriverktyg.se\/wp-content\/uploads\/2017\/10\/8085-100-768x201.jpg 768w, https:\/\/www.industriverktyg.se\/wp-content\/uploads\/2017\/10\/8085-100-1024x267.jpg 1024w\" sizes=\"auto, (max-width: 300px) 100vw, 300px\" \/><\/a><\/b><\/p>\n<p>Industriverkt\u00f8y IDG-Tools AB lanserer en ny fleksibel langskj\u00e6remaskin for 100 mm skj\u00e6reskiver. Den st\u00e5r bare 50 mm i h\u00f8yden, noe som betyr at den i utgangspunktet vil skj\u00e6re i alle trange rom. Den gir raske og rette kutt i plater. Ideell for fj\u00e6rplater, eksosanlegg, trange hj\u00f8rner, etc. Den er selvf\u00f8lgelig ogs\u00e5 egnet for terskelbokser, sidepaneler og lignende. Utstyrt med justerbar hastighet, roterbar eksplosjonsbeskyttelse med hurtigjustering, spindell\u00e5s for enkel utskifting av skiver, revers luftutl\u00f8sning, kompositth\u00e5ndtak gj\u00f8r den veldig behagelig \u00e5 jobbe med.<\/p>\n<p>Maskinen veier bare 1,4 kg, maks omganger. 14.000 i\/min og har veldig lav vibrasjon. 2,25 m\/s\u00b2 i henhold til en EN ISO 28927-1. <strong>L<\/strong><b>engde:<\/b> 355 mm<\/p>\n<p><b>Om Industriverkt\u00f8y IDG-Tools AB<br \/>\n<\/b>Industriverkt\u00f8y IDG-Tools AB er Skandinavias st\u00f8rste verkt\u00f8yfirma med rullende utstillingsbiler. IDG-Tools har i dag 100 utstillingsbiler i hele Sverige, Norge, Finland og Polen.<\/p>\n<p>I hver utstillingsbil er det omtrent: 1100 forskjellige verkt\u00f8y og maskiner av totalt ca: 4500 ulike produkter. IDG-Tools representanten viser verkt\u00f8yet og maskinene hos kunden. Takket v\u00e6re dette kan kunden se n\u00f8yaktig hva han kj\u00f8per og, han kan ogs\u00e5 teste produktene i sin egen virksomhet f\u00f8r han tar en beslutning.<\/p>\n<p>Gjennom Industriverkt\u00f8y IDG-Tools store salgsorganisasjon kan selskapet holde sv\u00e6rt konkuransedyktige priser. All import skjer direkte fra produsenter uten noe mellomled.<\/p>\n<p><b>Mer informasjon og bilder<br \/>\n<\/b>For mer informasjon ta kontakt med Tommy Ljuhs p\u00e5 Industriverkt\u00f8y IDG-Tools AB. Tel: 08-590 352 40[\/vc_column_text][\/vc_accordion_tab][vc_accordion_tab title=&#8221;IDG-Tools Induksjonsvarme&#8221;][vc_column_text]<b>IDG-Tools\u00ae lanserer ny induksjonsvarme<a class=\"dt-pswp-item\" href=\"http:\/\/www.industriverktyg.se\/wp-content\/uploads\/2017\/10\/8590-1.jpg\" data-dt-img-description=\"\" data-large_image_width=\"661\" data-large_image_height=\"372\"><img loading=\"lazy\" decoding=\"async\" class=\"alignright size-medium wp-image-276\" src=\"http:\/\/www.industriverktyg.se\/wp-content\/uploads\/2017\/10\/8590-1-300x169.jpg\" alt=\"\" width=\"300\" height=\"169\" srcset=\"https:\/\/www.industriverktyg.se\/wp-content\/uploads\/2017\/10\/8590-1-300x169.jpg 300w, https:\/\/www.industriverktyg.se\/wp-content\/uploads\/2017\/10\/8590-1-600x338.jpg 600w, https:\/\/www.industriverktyg.se\/wp-content\/uploads\/2017\/10\/8590-1.jpg 661w\" sizes=\"auto, (max-width: 300px) 100vw, 300px\" \/><\/a><\/b><\/p>\n<p>Industriverkt\u00f8y IDG-Tools AB presenterer en b\u00e6rbar viftekj\u00f8lt induksjonsvarmer for lossing av fastbolt, mutter, etc. Kan ogs\u00e5 brukes til oppvarming i retting av metall, fjerning av klistermerke, glassruter, maling etc. Like bra i verkstedet som ute i feltet. Avansert 100 kHz frekvens for induksjonsvarme. Klarer M16 bolthode med det st\u00f8rste induktorhodet. Leveres med 5 forskjellige induktorhoder som kan monteres toppmontert eller 90 \u00b0. Som tilbeh\u00f8r er det ogs\u00e5 en &#8220;puck&#8221; for retting av plate s\u00e5kalt \u00abEasy Dent Pulling\u00bb ved hjelp av maskinens innebygde timer. Retting av sm\u00e5 buler og deformasjoner kan oppst\u00e5 uten \u00e5 skade lakken.<\/p>\n<p>&nbsp;<\/p>\n<p>Str\u00f8mkabel 2 meter, induktorkabel 1,5 meter. To-posisjonsbryter for timer med \u201cEasy Dent Pulling\u201d Power 1,7 kW. Spenning 230V 1-fase. Sikring 10A. Vekt 6,3 kg.<\/p>\n<p>&nbsp;<\/p>\n<p>Kontakt Industriverkt\u00f8y IDG-Tools AB for mer informasjon.<\/p>\n<p><b>Om Industriverkt\u00f8y IDG-Tools AB<br \/>\n<\/b>Industriverkt\u00f8y IDG-Tools AB er Skandinavias st\u00f8rste verkt\u00f8yfirma med rullende utstillingsbiler. IDG-Tools har i dag 100 utstillingsbiler i hele Sverige, Norge, Finland og Polen.<\/p>\n<p>I hver utstillingsbil er det omtrent: 1100 forskjellige verkt\u00f8y og maskiner av totalt ca: 4500 ulike produkter. IDG-Tools representanten viser verkt\u00f8yet og maskinene hos kunden. Takket v\u00e6re dette kan kunden se n\u00f8yaktig hva han kj\u00f8per og, han kan ogs\u00e5 teste produktene i sin egen virksomhet f\u00f8r han tar en beslutning.<\/p>\n<p>Gjennom Industriverkt\u00f8y IDG-Tools store salgsorganisasjon kan selskapet holde sv\u00e6rt konkuransedyktige priser. All import skjer direkte fra produsenter uten noe mellomled.<\/p>\n<p><b>Mer informasjon og bilder<br \/>\n<\/b>For mer informasjon ta kontakt med Tommy Ljuhs p\u00e5 Industriverkt\u00f8y IDG-Tools AB. Tel: 08-590 352 40[\/vc_column_text][\/vc_accordion_tab][vc_accordion_tab title=&#8221;Cebora Pocket Pulse MIG\/MAG sveis 230V&#8221;][vc_column_text]<b>IDG-Tools\u00ae lanserer en ny MIG\/MAG sveiser<a class=\"dt-pswp-item\" href=\"http:\/\/www.industriverktyg.se\/wp-content\/uploads\/2017\/10\/8530-305.jpg\" data-dt-img-description=\"\" data-large_image_width=\"3051\" data-large_image_height=\"3065\"><img loading=\"lazy\" decoding=\"async\" class=\"alignright size-medium wp-image-278\" src=\"http:\/\/www.industriverktyg.se\/wp-content\/uploads\/2017\/10\/8530-305-300x300.jpg\" alt=\"\" width=\"300\" height=\"300\" srcset=\"https:\/\/www.industriverktyg.se\/wp-content\/uploads\/2017\/10\/8530-305-300x300.jpg 300w, https:\/\/www.industriverktyg.se\/wp-content\/uploads\/2017\/10\/8530-305-200x200.jpg 200w, https:\/\/www.industriverktyg.se\/wp-content\/uploads\/2017\/10\/8530-305-150x150.jpg 150w, https:\/\/www.industriverktyg.se\/wp-content\/uploads\/2017\/10\/8530-305-1019x1024.jpg 1019w\" sizes=\"auto, (max-width: 300px) 100vw, 300px\" \/><\/a><\/b><\/p>\n<p>Industriverkt\u00f8y IDG-Tools AB lanserer en ny unik Pocket Pulse MIG \/ MAG Weld 230 V fra italienske CEBORA. Liten. Lett. Annerledes. Sveiser st\u00e5l, rustfritt st\u00e5l, aluminium og lodding (MIG-lodding av nyere bilarosserier) Kan ogs\u00e5 kj\u00f8res uten beskyttelsesgass med r\u00f8rtr\u00e5der. Fullt synergistisk med ferdig automatiske programmer for alle typer sveising og materialer. Produsert i henhold til PFC-direktiv (Power Factor Control). PFC gj\u00f8r det mulig \u00e5 utnytte str\u00f8mmen maksimalt, og det er mulig \u00e5 sveise med omtrent 25% h\u00f8yere sveisestr\u00f8m med bare 16A hovedsikring. Fungerer ogs\u00e5 bra med sveising med str\u00f8m (5,1 kW) som kraftkilde. Sveisestr\u00f8m 20-185 A, med trinnl\u00f8s justering. Wire Dimension. 0,6-1,0 mm Vekt 13,5 kg. Leveres med dobbel slangepakke 3 meter og 16 mm\u00b2 jordkabel 3 meter.<\/p>\n<p>&nbsp;<\/p>\n<p>Pris komplett med 2 slangepakker: 27 900: &#8211; inkl. Mva<\/p>\n<p>&nbsp;<\/p>\n<p>Kontakt Industriverkt\u00f8y IDG-Tools AB for mer informasjon<\/p>\n<p>Pris komplett med 2 slangpaket: 27.900:- inkl.moms<\/p>\n<p>Kontakta Industriverktyg IDG-Tools AB f\u00f6r mer information.<\/p>\n<p><strong>Om Industriverkt\u00f8y IDG-Tools AB<br \/>\n<\/strong>Industriverkt\u00f8y IDG-Tools AB er Skandinavias st\u00f8rste verkt\u00f8yfirma med rullende utstillingsbiler. IDG-Tools har i dag 100 utstillingsbiler i hele Sverige, Norge, Finland og Polen.<\/p>\n<p>I hver utstillingsbil er det omtrent: 1100 forskjellige verkt\u00f8y og maskiner av totalt ca: 4500 ulike produkter. IDG-Tools representanten viser verkt\u00f8yet og maskinene hos kunden. Takket v\u00e6re dette kan kunden se n\u00f8yaktig hva han kj\u00f8per og, han kan ogs\u00e5 teste produktene i sin egen virksomhet f\u00f8r han tar en beslutning.<\/p>\n<p>Gjennom Industriverkt\u00f8y IDG-Tools store salgsorganisasjon kan selskapet holde sv\u00e6rt konkuransedyktige priser. All import skjer direkte fra produsenter uten noe mellomled.<\/p>\n<p><strong>Mer informasjon og bilder<br \/>\n<\/strong>For mer informasjon ta kontakt med Tommy Ljuhs p\u00e5 Industriverkt\u00f8y IDG-Tools AB. Tel: 08-590 352 40[\/vc_column_text][\/vc_accordion_tab][\/vc_accordion][\/vc_column][\/vc_row]<\/p>\n<\/section>","protected":false},"excerpt":{"rendered":"<p>[vc_row][vc_column][vc_column_text] Pressreleaser [\/vc_column_text][\/vc_column][\/vc_row][vc_row][vc_column][vc_empty_space height=&#8221;10px&#8221;][\/vc_column][\/vc_row][vc_row margin_top=&#8221;40&#8243; margin_bottom=&#8221;40&#8243; full_width_padding_left=&#8221;40&#8243; full_width_padding_right=&#8221;40&#8243; full_width_margin_top=&#8221;0&#8243; full_width_margin_bottom=&#8221;0&#8243;][vc_column][vc_accordion active_tab=&#8221;1&#8243; title_size=&#8221;h4&#8243; style=&#8221;2&#8243;][vc_accordion_tab title=&#8221;IDG-Tools 18V 1\/2\u201d Muttertrekker&#8221;][vc_column_text]IDG-Tools\u00ae lanserer sv\u00e6rt sterk 18V \u00bd\u201d Muttertrekker med h\u00f8y ytelse. Industriverkt\u00f8y IDG-Tools AB lanserer en ny ekstremt sterk 18V 1\/2&#8243; batterimuttertrekker med kolborstfri 4-polsmotor. Maks deriemoment ved lossning av s\u00e5 mye som 1.100 Nm. Kort sagt et realt monster.&hellip;<\/p>\n","protected":false},"author":1,"featured_media":0,"parent":0,"menu_order":0,"comment_status":"closed","ping_status":"closed","template":"","meta":{"footnotes":""},"class_list":["post-252","page","type-page","status-publish","hentry","description-off"],"_links":{"self":[{"href":"https:\/\/www.industriverktyg.se\/no\/wp-json\/wp\/v2\/pages\/252","targetHints":{"allow":["GET"]}}],"collection":[{"href":"https:\/\/www.industriverktyg.se\/no\/wp-json\/wp\/v2\/pages"}],"about":[{"href":"https:\/\/www.industriverktyg.se\/no\/wp-json\/wp\/v2\/types\/page"}],"author":[{"embeddable":true,"href":"https:\/\/www.industriverktyg.se\/no\/wp-json\/wp\/v2\/users\/1"}],"replies":[{"embeddable":true,"href":"https:\/\/www.industriverktyg.se\/no\/wp-json\/wp\/v2\/comments?post=252"}],"version-history":[{"count":20,"href":"https:\/\/www.industriverktyg.se\/no\/wp-json\/wp\/v2\/pages\/252\/revisions"}],"predecessor-version":[{"id":1663,"href":"https:\/\/www.industriverktyg.se\/no\/wp-json\/wp\/v2\/pages\/252\/revisions\/1663"}],"wp:attachment":[{"href":"https:\/\/www.industriverktyg.se\/no\/wp-json\/wp\/v2\/media?parent=252"}],"curies":[{"name":"wp","href":"https:\/\/api.w.org\/{rel}","templated":true}]}}