{"id":43,"date":"2017-03-29T06:44:59","date_gmt":"2017-03-29T06:44:59","guid":{"rendered":"http:\/\/www.industriverktyg.se\/?page_id=43"},"modified":"2021-12-29T07:15:29","modified_gmt":"2021-12-29T07:15:29","slug":"industriverktoy-idg-tools","status":"publish","type":"page","link":"https:\/\/www.industriverktyg.se\/no\/","title":{"rendered":"Start"},"content":{"rendered":"<section class=\"wpb-content-wrapper\"><p>[vc_row][vc_column][layerslider_vc id=&#8221;3&#8243;][\/vc_column][\/vc_row][vc_row][vc_column][vc_empty_space][\/vc_column][\/vc_row][vc_row][vc_column width=&#8221;1\/2&#8243;][vc_column_text]<\/p>\n<h1>VERKT\u00d8YBUTIKKEN KOMMER TIL DEG<\/h1>\n<p>V\u00e5re lastebiler kj\u00f8rer landet rundt med lasterommet fullt av verkt\u00f8y. Det er rett og slett verkt\u00f8ybutikker p\u00e5 hjul, og v\u00e5re sj\u00e5f\u00f8rer er p\u00e5 plass p\u00e5 noen timers varsel. P\u00e5 denne m\u00e5ten sparer du tid, fordi du slipper \u00e5 reise til en butikk. Og du slipper ogs\u00e5 \u00e5 forholde deg til flere ulike merker og leverand\u00f8rer. Som det sies: \u00abgodt verkt\u00f8y er halve jobben\u00bb[\/vc_column_text][\/vc_column][vc_column width=&#8221;1\/2&#8243;]<section id=\"benefits-grid-2\" class=\"benefits-grid wf-container icons-bg light-bg light-hover-bg light-icon-color light-icon-hover-color\" data-width=\"180px\" data-columns=\"3\"><style type=\"text\/css\">#benefits-grid-2.icons-bg .benefits-grid-ico { height: 70px; line-height: 70px; width: 70px; }#benefits-grid-2.icons-bg .benefits-grid-ico > i { font-size: 36px; line-height: 70px; }<\/style><div class=\"wf-cell\"><div><div class=\"text-big\"><div class=\"benefit-line-decoration\"><h5>YouTube<\/h5><\/div><p style=\"font-size: 70px; text-align: center;\"><span style=\"color: #d60606;\"><i class=\"wp-svg-youtube youtube\"><\/i><\/span><\/p>\n<p>Bes\u00f8k gjerne YouTube-kanalen v\u00e5r.<\/p>\n<p><a href=\"https:\/\/www.youtube.com\/channel\/UC7Ym0XPf-67QiTSjkzM440w\" target=\"_blank\" rel=\"noopener noreferrer\">Til kanalen -&gt;&gt;<\/a><\/p>\n<\/div><\/div><\/div><div class=\"wf-cell\"><div><div class=\"text-big\"><div class=\"benefit-line-decoration\"><h5>Finn din selger<\/h5><\/div><p style=\"font-size: 70px; text-align: center;\"><span style=\"color: #d60606;\"><i class=\"wp-svg-earth earth\"><\/i><\/span><\/p>\n<p>Finn din selger.<\/p>\n<p><a href=\"https:\/\/www.industriverktyg.se\/no\/hitta-saljare\/\">Les mer\u00a0-&gt;&gt;<\/a><\/p>\n<\/div><\/div><\/div><div class=\"wf-cell\"><div><div class=\"text-big\"><div class=\"benefit-line-decoration\"><h5>Produkter<\/h5><\/div><p style=\"font-size: 70px; text-align: center;\"><span style=\"color: #d60606;\"><i class=\"wp-svg-wrench wrench\"><\/i><\/span><\/p>\n<p>V\u00e5re produkter.<\/p>\n<p><a href=\"http:\/\/www.industriverktyg.se\/vara-produkter\/\">Les mer -&gt;&gt;<\/a><\/p>\n<\/div><\/div><\/div><\/section>[\/vc_column][\/vc_row]<\/p>\n<\/section>","protected":false},"excerpt":{"rendered":"<p>[vc_row][vc_column][layerslider_vc id=&#8221;3&#8243;][\/vc_column][\/vc_row][vc_row][vc_column][vc_empty_space][\/vc_column][\/vc_row][vc_row][vc_column width=&#8221;1\/2&#8243;][vc_column_text] VERKT\u00d8YBUTIKKEN KOMMER TIL DEG V\u00e5re lastebiler kj\u00f8rer landet rundt med lasterommet fullt av verkt\u00f8y. Det er rett og slett verkt\u00f8ybutikker p\u00e5 hjul, og v\u00e5re sj\u00e5f\u00f8rer er p\u00e5 plass p\u00e5 noen timers varsel. P\u00e5 denne m\u00e5ten sparer du tid, fordi du slipper \u00e5 reise til en butikk. Og du slipper ogs\u00e5 \u00e5 forholde&hellip;<\/p>\n","protected":false},"author":1,"featured_media":0,"parent":0,"menu_order":0,"comment_status":"closed","ping_status":"closed","template":"","meta":{"footnotes":""},"class_list":["post-43","page","type-page","status-publish","hentry","description-off"],"_links":{"self":[{"href":"https:\/\/www.industriverktyg.se\/no\/wp-json\/wp\/v2\/pages\/43","targetHints":{"allow":["GET"]}}],"collection":[{"href":"https:\/\/www.industriverktyg.se\/no\/wp-json\/wp\/v2\/pages"}],"about":[{"href":"https:\/\/www.industriverktyg.se\/no\/wp-json\/wp\/v2\/types\/page"}],"author":[{"embeddable":true,"href":"https:\/\/www.industriverktyg.se\/no\/wp-json\/wp\/v2\/users\/1"}],"replies":[{"embeddable":true,"href":"https:\/\/www.industriverktyg.se\/no\/wp-json\/wp\/v2\/comments?post=43"}],"version-history":[{"count":27,"href":"https:\/\/www.industriverktyg.se\/no\/wp-json\/wp\/v2\/pages\/43\/revisions"}],"predecessor-version":[{"id":1702,"href":"https:\/\/www.industriverktyg.se\/no\/wp-json\/wp\/v2\/pages\/43\/revisions\/1702"}],"wp:attachment":[{"href":"https:\/\/www.industriverktyg.se\/no\/wp-json\/wp\/v2\/media?parent=43"}],"curies":[{"name":"wp","href":"https:\/\/api.w.org\/{rel}","templated":true}]}}